{"id":30923,"date":"2025-04-21T17:23:44","date_gmt":"2025-04-21T17:23:44","guid":{"rendered":"https:\/\/phillalpine.com\/massenexport-und-importdienste\/"},"modified":"2025-08-12T09:39:06","modified_gmt":"2025-08-12T09:39:06","slug":"massenexport-und-importdienste","status":"publish","type":"page","link":"https:\/\/phillalpine.com\/de\/massenexport-und-importdienste\/","title":{"rendered":"Massenexport- und Importdienste"},"content":{"rendered":"\t\t<div data-elementor-type=\"wp-page\" data-elementor-id=\"30923\" class=\"elementor elementor-30923 elementor-7556\" data-elementor-post-type=\"page\">\n\t\t\t\t<div class=\"elementor-element elementor-element-3f37a752 e-flex e-con-boxed e-con e-parent\" data-id=\"3f37a752\" data-element_type=\"container\" data-e-type=\"container\">\n\t\t\t\t\t<div class=\"e-con-inner\">\n\t\t\t\t<div class=\"elementor-element elementor-element-350575d0 elementor-widget elementor-widget-text-editor\" data-id=\"350575d0\" data-element_type=\"widget\" data-e-type=\"widget\" data-widget_type=\"text-editor.default\">\n\t\t\t\t<div class=\"elementor-widget-container\">\n\t\t\t\t\t\t\t\t\t<style>\n\/* Global Section Styles *\/\n  .export-section {\n    background-color: #ffffff;\n    padding: 60px 30px;\n    font-family: 'Segoe UI', Tahoma, Geneva, Verdana, sans-serif;\n    border-radius: 16px;\n    max-width: 1000px;\n    margin: 0 auto;\n    border: 2px solid #ffb800;\n    text-align: center;\n  }\n  .export-section h2 {\n    font-size: 36px;\n    font-weight: bold;\n    color: #333;\n    margin-bottom: 40px;\n    text-transform: uppercase;\n    letter-spacing: 2px;\n  }\n  .export-section p.intro {\n    font-size: 18px;\n    color: #555;\n    line-height: 1.8;\n    max-width: 750px;\n    margin: 0 auto 50px auto;\n  }\n  .export-features {\n    display: flex;\n    justify-content: center;\n    flex-wrap: wrap;\n    gap: 30px;\n  }\n  .export-card {\n    background: #fff;\n    border: 2px solid #ffb800;\n    border-radius: 16px;\n    padding: 30px 20px 40px;\n    width: 320px;\n    text-align: center;\n    transition: transform 0.3s, border-color 0.3s;\n    display: flex;\n    flex-direction: column;\n    align-items: center;\n  }\n  .export-card:hover {\n    transform: translateY(-6px);\n    border-color: #b8860b;\n  }\n  \/* Icon above title *\/\n  .export-card h3 {\n    font-size: 22px;\n    font-weight: bold;\n    color: #333;\n    margin-bottom: 20px;\n    position: relative;\n    padding-top: 50px;\n  }\n  \/* Icon styling inside the h3 *\/\n  .export-card h3::before {\n    content: attr(data-icon);\n    font-size: 40px;\n    position: absolute;\n    top: 0;\n    left: 50%;\n    transform: translateX(-50%);\n  }\n  .export-card p {\n    font-size: 16px;\n    color: #555;\n    line-height: 1.6;\n    margin-bottom: 30px;\n  }\n  \/* \"For More Info\" button style *\/\n  .info-button {\n    display: inline-block;\n    background-color: #ffb800;\n    color: white;\n    padding: 12px 28px;\n    font-size: 16px;\n    font-weight: bold;\n    border-radius: 50px;\n    text-decoration: none;\n    transition: background-color 0.3s;\n    margin-top: auto; \/* push button to bottom if needed *\/\n  }\n  .info-button:hover {\n    background-color: #e69700;\n  }\n  .why-choose {\n    text-align: center;\n    max-width: 800px;\n    margin: 60px auto 20px;\n    font-size: 18px;\n    color: #555;\n  }\n  .why-choose h3 {\n    font-size: 28px;\n    font-weight: bold;\n    color: #333;\n    margin-bottom: 20px;\n  }\n  .cta-button {\n    text-align: center;\n    margin-top: 40px;\n  }\n  .cta-button a {\n    display: inline-block;\n    background-color: #ffb800;\n    color: #fff;\n    padding: 15px 35px;\n    border-radius: 50px;\n    text-decoration: none;\n    font-size: 18px;\n    font-weight: bold;\n    transition: background-color 0.3s;\n  }\n  .cta-button a:hover {\n    background-color: #e69700;\n  }\n<\/style>\n\n<div class=\"export-section\">\n<h2>Import &amp; Export mit Vertrauen<\/h2>\n<p class=\"intro\"><strong>PhillAlpine<\/strong> ist spezialisiert auf reibungslosen, zuverl\u00e4ssigen Export und Import zwischen \u00d6sterreich und den Philippinen \u2013 und unterst\u00fctzt das Wachstum Ihres Unternehmens mit Effizienz, Vertrauen und Herz.<\/p>\n\n<div class=\"export-features\">\n<div class=\"export-card\">\n<h3 data-icon=\"\ud83d\ude9a\">Spedition<\/h3>\nZuverl\u00e4ssige Luft- &amp; Seefrachtl\u00f6sungen mit konstanten Lieferzeiten.\n\n<a class=\"info-button\" href=\"https:\/\/phillalpine.com\/elementor-29664\/\" target=\"_blank\" rel=\"noopener\">Mehr Infos<\/a>\n\n<\/div>\n<div class=\"export-card\">\n<h3 data-icon=\"\ud83d\udcb8\">Zollabfertigung<\/h3>\nWir \u00fcbernehmen die Dokumentation und Abfertigung, um jede Sendung stressfrei zu gestalten.\n\n<a class=\"info-button\" href=\"https:\/\/phillalpine.com\/de\/zollabfertigung\/\">Mehr Infos<\/a>\n\n<\/div>\n<div class=\"export-card\">\n<h3 data-icon=\"\ud83c\udf0d\">Globales Netzwerk<\/h3>\nWeltweite Logistikpartner f\u00fcr Reichweite, Geschwindigkeit und erstklassigen Service.\n\n<a class=\"info-button\" href=\"https:\/\/phillalpine.com\/de\/globales-netzwerk\/\">Mehr Infos<\/a>\n\n<\/div>\n<div class=\"export-card\">\n<h3 data-icon=\"\ud83d\udce6\">Verpackung &amp; Etikettierung<\/h3>\nSichere und konforme Verpackungen nach internationalen Exportstandards.\n\n<a class=\"info-button\" href=\"https:\/\/phillalpine.com\/de\/verpackung-etikettierung\/\">Mehr Infos<\/a>\n\n<\/div>\n<div class=\"export-card\">\n<h3 data-icon=\"\ud83d\ude80\">Ende-zu-Ende-Tracking<\/h3>\nEchtzeit-Tracking f\u00fcr ein gutes Gef\u00fchl bei jedem Schritt der Reise.\n\n<a class=\"info-button\" href=\"https:\/\/phillalpine.com\/de\/ende-zu-ende-tracking\/\">Mehr Infos<\/a>\n\n<\/div>\n<\/div>\n<div class=\"why-choose\">\n<h3>Warum uns w\u00e4hlen?<\/h3>\nWeil wir mehr sind als nur eine Marke \u2013 wir sind eine Br\u00fccke zwischen Kulturen, ein Versprechen f\u00fcr Qualit\u00e4t und eine Familie, die jede Verbindung wertsch\u00e4tzt. Wir bieten ma\u00dfgeschneiderte Logistik, wettbewerbsf\u00e4hige Preise und unvergleichliche Erfahrung im \u00f6sterreichisch\u2013philippinischen Handel. Unser Herz schl\u00e4gt f\u00fcr Ihren Gesch\u00e4ftserfolg \u2013 und jede Lieferung beweist es.\n\nWillkommen bei PhillAlpine \u2013 wo sich jede Entscheidung wie zuhause anf\u00fchlt. \u2764\ufe0f\n<\/div>\n<div class=\"cta-button\"><a href=\"https:\/\/phillalpine.com\/de\/warum-philalpine-waehlen\/\" target=\"_blank\" rel=\"noopener\">Jetzt starten<\/a><\/div>\n<\/div>\n\t\t\t\t\t\t\t\t<\/div>\n\t\t\t\t<\/div>\n\t\t\t\t\t<\/div>\n\t\t\t\t<\/div>\n\t\t\t\t<\/div>\n\t\t","protected":false},"excerpt":{"rendered":"<p>Import &amp; Export mit Vertrauen PhillAlpine ist spezialisiert auf reibungslosen, zuverl\u00e4ssigen Export und Import zwischen \u00d6sterreich und den Philippinen \u2013 und unterst\u00fctzt das Wachstum Ihres Unternehmens mit Effizienz, Vertrauen und Herz. Spedition Zuverl\u00e4ssige Luft- &amp; Seefrachtl\u00f6sungen mit konstanten Lieferzeiten. Mehr Infos Zollabfertigung Wir \u00fcbernehmen die Dokumentation und Abfertigung, um jede Sendung stressfrei zu gestalten. Mehr [&hellip;]<\/p>\n","protected":false},"author":1,"featured_media":0,"parent":0,"menu_order":0,"comment_status":"closed","ping_status":"closed","template":"","meta":{"footnotes":""},"class_list":["post-30923","page","type-page","status-publish","hentry"],"aioseo_notices":[],"_links":{"self":[{"href":"https:\/\/phillalpine.com\/de\/wp-json\/wp\/v2\/pages\/30923","targetHints":{"allow":["GET"]}}],"collection":[{"href":"https:\/\/phillalpine.com\/de\/wp-json\/wp\/v2\/pages"}],"about":[{"href":"https:\/\/phillalpine.com\/de\/wp-json\/wp\/v2\/types\/page"}],"author":[{"embeddable":true,"href":"https:\/\/phillalpine.com\/de\/wp-json\/wp\/v2\/users\/1"}],"replies":[{"embeddable":true,"href":"https:\/\/phillalpine.com\/de\/wp-json\/wp\/v2\/comments?post=30923"}],"version-history":[{"count":0,"href":"https:\/\/phillalpine.com\/de\/wp-json\/wp\/v2\/pages\/30923\/revisions"}],"wp:attachment":[{"href":"https:\/\/phillalpine.com\/de\/wp-json\/wp\/v2\/media?parent=30923"}],"curies":[{"name":"wp","href":"https:\/\/api.w.org\/{rel}","templated":true}]}}