{"id":30925,"date":"2025-04-04T08:07:57","date_gmt":"2025-04-04T08:07:57","guid":{"rendered":"https:\/\/phillalpine.com\/allgemeine-geschaeftsbedingungen\/"},"modified":"2025-08-11T08:33:05","modified_gmt":"2025-08-11T08:33:05","slug":"allgemeine-geschaeftsbedingungen","status":"publish","type":"page","link":"https:\/\/phillalpine.com\/de\/allgemeine-geschaeftsbedingungen\/","title":{"rendered":"Allgemeine Gesch\u00e4ftsbedingungen"},"content":{"rendered":"\n<p><\/p>\n\n<p>Diese Vereinbarung enth\u00e4lt die vollst\u00e4ndigen Bedingungen, die f\u00fcr Ihre Teilnahme an unserer Website gelten. Wenn Sie die Website einschlie\u00dflich ihrer Tools und Dienste nutzen m\u00f6chten, lesen Sie diese Nutzungsbedingungen sorgf\u00e4ltig durch. Durch den Zugriff auf diese Website oder die Nutzung eines Teils der Website oder von Inhalten oder Diensten davon erkl\u00e4ren Sie sich mit diesen Bedingungen einverstanden. Wenn Sie nicht allen Bedingungen zustimmen, d\u00fcrfen Sie nicht auf die Website zugreifen oder die Inhalte oder Dienste auf der Website nutzen.   <\/p>\n\n<p>Durch den Zugriff auf die Dienste oder deren Nutzung in irgendeiner Weise, einschlie\u00dflich, aber nicht beschr\u00e4nkt auf den Besuch oder das Durchsuchen der Website, die Registrierung eines Kontos, oder Sie ausdr\u00fccklich verstehen, anerkennen und stimmen zu, dass Sie die Bedingungen gelesen und verstanden haben und sich damit einverstanden erkl\u00e4ren, an diese auf der Website gefundenen Bedingungen gebunden zu sein.<\/p>\n\n<p>Dar\u00fcber hinaus k\u00f6nnen Sie jederzeit unsere <a href=\"https:\/\/phillalpine.com\/privacy-policy\/\" target=\"_blank\" rel=\"noopener\" title=\"PHILLALPINE-Datenschutzrichtlinie\">Datenschutz- &amp; Cookie-Richtlinie<\/a> lesen, um weitere Informationen dar\u00fcber zu erhalten, wie das Unternehmen Ihre Daten bei der Nutzung der Dienste erfasst, speichert und sch\u00fctzt. Unsere Datenschutz- &amp; Cookie-Richtlinie wird hiermit durch Bezugnahme in diese Bedingungen aufgenommen, als ob sie vollst\u00e4ndig hierin dargelegt w\u00e4ren. <\/p>\n\n<ul class=\"wp-block-list\">\n<li> <strong>Nutzungsbedingungen<\/strong> \u2013 Um bei uns einzukaufen, wenn Sie unter 18 Jahre alt sind: Sie m\u00fcssen die Zustimmung Ihrer Eltern oder Erziehungsberechtigten einholen, deren Akzeptanz dieser Nutzungsbedingungen und deren Einverst\u00e4ndnis, die Verantwortung zu \u00fcbernehmen f\u00fcr: (i) Ihre Handlungen; Wir behalten uns das Recht vor, die Bedingungen, einschlie\u00dflich der Datenschutz- &amp; Cookie-Richtlinie, jederzeit nach eigenem Ermessen zu \u00e4ndern. Indem Sie die Dienste weiterhin nutzen, nachdem solche \u00c4nderungen vorgenommen wurden (unabh\u00e4ngig davon, ob eine Mitteilung vom Unternehmen gesendet wurde), sollten Sie den Zugriff auf die Dienste oder deren Nutzung unverz\u00fcglich einstellen, wenn Sie mit einem Teil der Bedingungen nicht einverstanden sind. Bitte lesen Sie diese Vereinbarung sorgf\u00e4ltig durch, bevor Sie fortfahren.  <br\/><\/li>\n\n\n\n<li><strong>Nutzung des Dienstes oder Zugriff auf die Plattform<\/strong> \u2013 Sie erkl\u00e4ren sich damit einverstanden, alle Richtlinien, Hinweise, Betriebsregeln und -richtlinien sowie Anweisungen in Bezug auf die Nutzung der Dienste und\/oder den Zugriff auf die Plattform einzuhalten. Sie versichern und gew\u00e4hrleisten, dass Sie mindestens 18 Jahre alt sind oder die Dienste unter der Aufsicht eines Elternteils oder Erziehungsberechtigten besuchen. Vorbehaltlich der Bedingungen dieser Vereinbarung gew\u00e4hrt Ihnen das Unternehmen hiermit eine beschr\u00e4nkte, widerrufliche, nicht \u00fcbertragbare und nicht ausschlie\u00dfliche Lizenz f\u00fcr den Zugriff auf die Dienste und deren Nutzung, indem Sie sie in Ihrem Internetbrowser f\u00fcr unsere Website anzeigen.  <br\/><\/li>\n<\/ul>\n\n<p><\/p>\n","protected":false},"excerpt":{"rendered":"<p>Diese Vereinbarung enth\u00e4lt die vollst\u00e4ndigen Bedingungen, die f\u00fcr Ihre Teilnahme an unserer Website gelten. Wenn Sie die Website einschlie\u00dflich ihrer Tools und Dienste nutzen m\u00f6chten, lesen Sie diese Nutzungsbedingungen sorgf\u00e4ltig durch. Durch den Zugriff auf diese Website oder die Nutzung eines Teils der Website oder von Inhalten oder Diensten davon erkl\u00e4ren Sie sich mit diesen [&hellip;]<\/p>\n","protected":false},"author":2,"featured_media":0,"parent":0,"menu_order":0,"comment_status":"closed","ping_status":"closed","template":"","meta":{"footnotes":""},"class_list":["post-30925","page","type-page","status-publish","hentry"],"aioseo_notices":[],"_links":{"self":[{"href":"https:\/\/phillalpine.com\/de\/wp-json\/wp\/v2\/pages\/30925","targetHints":{"allow":["GET"]}}],"collection":[{"href":"https:\/\/phillalpine.com\/de\/wp-json\/wp\/v2\/pages"}],"about":[{"href":"https:\/\/phillalpine.com\/de\/wp-json\/wp\/v2\/types\/page"}],"author":[{"embeddable":true,"href":"https:\/\/phillalpine.com\/de\/wp-json\/wp\/v2\/users\/2"}],"replies":[{"embeddable":true,"href":"https:\/\/phillalpine.com\/de\/wp-json\/wp\/v2\/comments?post=30925"}],"version-history":[{"count":0,"href":"https:\/\/phillalpine.com\/de\/wp-json\/wp\/v2\/pages\/30925\/revisions"}],"wp:attachment":[{"href":"https:\/\/phillalpine.com\/de\/wp-json\/wp\/v2\/media?parent=30925"}],"curies":[{"name":"wp","href":"https:\/\/api.w.org\/{rel}","templated":true}]}}