{"id":30937,"date":"2025-05-09T08:24:13","date_gmt":"2025-05-09T08:24:13","guid":{"rendered":"https:\/\/phillalpine.com\/e-commerce-wachstum-399-monat\/"},"modified":"2025-08-11T08:33:33","modified_gmt":"2025-08-11T08:33:33","slug":"e-commerce-wachstum-399-monat","status":"publish","type":"page","link":"https:\/\/phillalpine.com\/de\/e-commerce-wachstum-399-monat\/","title":{"rendered":"E-Commerce-Wachstum \u2013 399 $\/Monat"},"content":{"rendered":"\t\t<div data-elementor-type=\"wp-page\" data-elementor-id=\"30937\" class=\"elementor elementor-30937 elementor-29142\" data-elementor-post-type=\"page\">\n\t\t\t\t<div class=\"elementor-element elementor-element-aa634ca e-flex e-con-boxed e-con e-parent\" data-id=\"aa634ca\" data-element_type=\"container\" data-e-type=\"container\">\n\t\t\t\t\t<div class=\"e-con-inner\">\n\t\t\t\t<div class=\"elementor-element elementor-element-bd13dca elementor-widget elementor-widget-text-editor\" data-id=\"bd13dca\" data-element_type=\"widget\" data-e-type=\"widget\" data-widget_type=\"text-editor.default\">\n\t\t\t\t<div class=\"elementor-widget-container\">\n\t\t\t\t\t\t\t\t\t<div style=\"border: 2px solid #ddd; border-radius: 20px; padding: 35px; max-width: 700px; margin: 40px auto; background: #ffffff; box-shadow: 0 15px 40px rgba(0,0,0,0.06); font-family: 'Arial', sans-serif;\">\n\n  <h2 style=\"font-size: 30px; color: #1a1a1a; margin-bottom: 5px;\">\ud83d\ude80 E-Commerce-Wachstum<\/h2>\n  <p style=\"font-size: 22px; color: #28a745; font-weight: bold; margin: 0 0 20px;\">399 $ \/ Monat<\/p>\n\n  <p style=\"font-size: 16px; color: #555;\">\n Bringen Sie Ihr Online-Gesch\u00e4ft mit unserem umfassenden Wachstumspaket auf Hochtouren. Vom Aufbau Ihres Shops bis zur Skalierung durch strategisches Marketing und Premium-Versand \u2013 dieser Plan erm\u00f6glicht es Ihnen, intelligenter zu verkaufen und schneller zu wachsen. \n  <\/p>\n\n  <hr style=\"margin: 25px 0; border-top: 1px solid #eee;\">\n\n  <ul style=\"list-style: none; padding: 0; font-size: 16px; color: #333;\">\n    <li style=\"margin-bottom: 12px;\">\u2714\ufe0f <strong>Vollst\u00e4ndige Einrichtung des E-Commerce-Shops<\/strong><br> Wir entwerfen und starten Ihren professionellen Online-Shop, komplett mit Produktlisten, Payment-Gateways und optimierter Navigation.<\/li>\n\n    <li style=\"margin-bottom: 12px;\">\u2714\ufe0f <strong>Marketing-Support (SEO, Anzeigen)<\/strong><br> Steigern Sie Ihre Reichweite mit Suchmaschinenoptimierung, zielgerichteten Anzeigen und leistungsstarken Kampagnenstrategien, die auf Ihre Nische zugeschnitten sind.<\/li>\n\n    <li style=\"margin-bottom: 12px;\">\u2714\ufe0f <strong>Priority Logistics &amp; Shipping<\/strong><br> Profitieren Sie von schnelleren, zuverl\u00e4ssigeren Lieferoptionen und engagiertem Support, um Ihre Auftragsabwicklung und Kundenzufriedenheit zu optimieren.<\/li>\n\n    <li style=\"margin-bottom: 12px;\">\u2714\ufe0f <strong>10 Stunden Beratung<\/strong><br> Arbeiten Sie eins zu eins mit Experten zusammen, um Ihr Gesch\u00e4ft auszubauen, Abl\u00e4ufe zu verfeinern, die Rentabilit\u00e4t zu steigern und wichtige Gesch\u00e4ftsfunktionen zu automatisieren.<\/li>\n  <\/ul>\n\n  <p style=\"margin-top: 25px; font-size: 15px; color: #888;\">\n  Ideal f\u00fcr die Skalierung von E-Commerce-Marken, die bereit sind, ihre digitale Verkaufsfl\u00e4che zu erweitern, die Logistik zu verbessern und ihren Kundenstamm weltweit zu vergr\u00f6\u00dfern.\n  <\/p>\n\n  <a href=\"https:\/\/phillalpine.com\/de\/kontakt\/\" style=\"display: inline-block; margin-top: 30px; padding: 14px 28px; background-color: #28a745; color: #fff; text-decoration: none; border-radius: 8px; font-weight: bold; font-size: 16px;\">\n  \ud83c\udf1f Mein Unternehmen upgraden\n  <\/a>\n<\/div>\n\t\t\t\t\t\t\t\t<\/div>\n\t\t\t\t<\/div>\n\t\t\t\t\t<\/div>\n\t\t\t\t<\/div>\n\t\t\t\t<\/div>\n\t\t","protected":false},"excerpt":{"rendered":"<p>\ud83d\ude80 E-Commerce-Wachstum 399 $ \/ Monat Bringen Sie Ihr Online-Gesch\u00e4ft mit unserem umfassenden Wachstumspaket auf Hochtouren. Vom Aufbau Ihres Shops bis zur Skalierung durch strategisches Marketing und Premium-Versand \u2013 dieser Plan erm\u00f6glicht es Ihnen, intelligenter zu verkaufen und schneller zu wachsen. \u2714\ufe0f Vollst\u00e4ndige Einrichtung des E-Commerce-Shops Wir entwerfen und starten Ihren professionellen Online-Shop, komplett mit [&hellip;]<\/p>\n","protected":false},"author":1,"featured_media":0,"parent":0,"menu_order":0,"comment_status":"closed","ping_status":"closed","template":"","meta":{"footnotes":""},"class_list":["post-30937","page","type-page","status-publish","hentry"],"aioseo_notices":[],"_links":{"self":[{"href":"https:\/\/phillalpine.com\/de\/wp-json\/wp\/v2\/pages\/30937","targetHints":{"allow":["GET"]}}],"collection":[{"href":"https:\/\/phillalpine.com\/de\/wp-json\/wp\/v2\/pages"}],"about":[{"href":"https:\/\/phillalpine.com\/de\/wp-json\/wp\/v2\/types\/page"}],"author":[{"embeddable":true,"href":"https:\/\/phillalpine.com\/de\/wp-json\/wp\/v2\/users\/1"}],"replies":[{"embeddable":true,"href":"https:\/\/phillalpine.com\/de\/wp-json\/wp\/v2\/comments?post=30937"}],"version-history":[{"count":0,"href":"https:\/\/phillalpine.com\/de\/wp-json\/wp\/v2\/pages\/30937\/revisions"}],"wp:attachment":[{"href":"https:\/\/phillalpine.com\/de\/wp-json\/wp\/v2\/media?parent=30937"}],"curies":[{"name":"wp","href":"https:\/\/api.w.org\/{rel}","templated":true}]}}