{"id":30938,"date":"2025-05-09T18:11:02","date_gmt":"2025-05-09T18:11:02","guid":{"rendered":"https:\/\/phillalpine.com\/warum-philalpine-waehlen\/"},"modified":"2025-08-12T10:07:53","modified_gmt":"2025-08-12T10:07:53","slug":"warum-philalpine-waehlen","status":"publish","type":"page","link":"https:\/\/phillalpine.com\/de\/warum-philalpine-waehlen\/","title":{"rendered":"Warum PhilAlpine w\u00e4hlen?"},"content":{"rendered":"\t\t<div data-elementor-type=\"wp-page\" data-elementor-id=\"30938\" class=\"elementor elementor-30938 elementor-29232\" data-elementor-post-type=\"page\">\n\t\t\t\t<div class=\"elementor-element elementor-element-725d52a e-flex e-con-boxed e-con e-parent\" data-id=\"725d52a\" data-element_type=\"container\" data-e-type=\"container\">\n\t\t\t\t\t<div class=\"e-con-inner\">\n\t\t\t\t<div class=\"elementor-element elementor-element-febb167 elementor-widget elementor-widget-text-editor\" data-id=\"febb167\" data-element_type=\"widget\" data-e-type=\"widget\" data-widget_type=\"text-editor.default\">\n\t\t\t\t<div class=\"elementor-widget-container\">\n\t\t\t\t\t\t\t\t\t<style>\n.why-section {\n    background-color: #ffffff;\n    padding: 60px 30px;\n    font-family: 'Segoe UI', Tahoma, Geneva, Verdana, sans-serif;\n    border-radius: 16px;\n    max-width: 100%;\n    margin: 0 auto;\n    border: 1.5px solid #d4af37;\n}\n.why-header {\n    font-size: 36px;\n    font-weight: bold;\n    color: #333;\n    text-align: center;\n    margin-bottom: 30px;\n    text-transform: uppercase;\n    letter-spacing: 2px;\n}\n.why-intro {\n    font-size: 18px;\n    color: #555;\n    line-height: 1.8;\n    text-align: center;\n    max-width: 750px;\n    margin: 0 auto 40px;\n}\n.why-grid {\n    display: flex;\n    justify-content: center;\n    flex-wrap: wrap;\n    gap: 30px;\n}\n.why-card {\n    background: #fff;\n    border: 2px solid gold;\n    border-radius: 16px;\n    padding: 25px;\n    width: 320px;\n    text-align: center;\n    display: flex;\n    flex-direction: column;\n    justify-content: space-between;\n    transition: transform 0.3s, border-color 0.3s;\n}\n.why-card:hover {\n    transform: translateY(-6px);\n    border-color: #b8860b;\n}\n.why-card .icon {\n    font-size: 32px;\n    margin-bottom: 12px;\n}\n.why-card h2 {\n    font-size: 22px;\n    font-weight: bold;\n    color: #333;\n    margin-bottom: 10px;\n    min-height: 60px;\n    line-height: 1.3;\n}\n.why-card p {\n    font-size: 16px;\n    color: #555;\n    line-height: 1.6;\n    flex-grow: 1;\n}\n.why-footer {\n    text-align: center;\n    margin-top: 60px;\n}\n.why-footer h3 {\n    font-size: 28px;\n    font-weight: bold;\n    color: #333;\n    margin-bottom: 10px;\n}\n.why-footer p {\n    font-size: 16px;\n    color: #444;\n    margin-bottom: 20px;\n}\n.why-footer a {\n    display: inline-block;\n    background-color: #d4af37;\n    color: #fff;\n    padding: 15px 30px;\n    border-radius: 8px;\n    text-decoration: none;\n    font-size: 18px;\n    font-weight: bold;\n    transition: background-color 0.3s;\n}\n.why-footer a:hover {\n    background-color: #b8860b;\n}\n<\/style>\n\n<section class=\"why-section\">\n<div class=\"why-container\">\n<h1 class=\"why-header\">Der PhilAlpine-Vorteil<\/h1>\n<p class=\"why-intro\">Eine Partnerschaft mit PhilAlpine bedeutet mehr als nur den Import von Produkten \u2013 es ist Ihr Tor zu einem florierenden internationalen Markt, gest\u00fctzt auf jahrelange Erfahrung, ein vertrauensw\u00fcrdiges Netzwerk und pers\u00f6nliche Unterst\u00fctzung in jedem Schritt.<\/p>\n\n<div class=\"why-grid\">\n<div class=\"why-card\">\n<div class=\"icon\">\ud83c\udf0d<\/div>\n<h2>Globale Reichweite mit lokaler Expertise<\/h2>\nMit fundiertem Wissen \u00fcber die europ\u00e4ischen und s\u00fcdostasiatischen M\u00e4rkte sind wir die ideale Br\u00fccke f\u00fcr die Expansion Ihrer Marke. Ob in \u00d6sterreich oder auf den Philippinen \u2013 wir bieten lokalisierte, ma\u00dfgeschneiderte L\u00f6sungen f\u00fcr jeden Markt, den wir bedienen.\n<\/div>\n\n<div class=\"why-card\">\n<div class=\"icon\">\u26a1<\/div>\n<h2>Geschwindigkeit &amp; Zuverl\u00e4ssigkeit<\/h2>\nWir wissen, wie wichtig p\u00fcnktliche Lieferungen sind. Mit PhilAlpine profitieren Sie von flexibler Logistik, schneller Lieferung und einer zuverl\u00e4ssigen Lieferkette. Wir stellen sicher, dass Ihre Produkte stets p\u00fcnktlich den Markt erreichen.\n<\/div>\n\n<div class=\"why-card\">\n<div class=\"icon\">\ud83d\udd12<\/div>\n<h2>Vertrauensvolle Partnerschaften<\/h2>\nWir pflegen langfristige, vertrauensbasierte Beziehungen zu unseren Partnern. Unser Ruf f\u00fcr Zuverl\u00e4ssigkeit und Integrit\u00e4t spricht f\u00fcr sich \u2013 wir \u00fcbernehmen alle komplexen Aufgaben, damit Sie sich auf das Wachstum Ihrer Marke konzentrieren k\u00f6nnen.\n<\/div>\n\n<div class=\"why-card\">\n<div class=\"icon\">\ud83d\udca1<\/div>\n<h2>Expertise in der Produktvermarktung<\/h2>\nUnser Team bietet strategische Unterst\u00fctzung bei der Vermarktung Ihrer Produkte. Von kulturellem Storytelling bis hin zu ma\u00dfgeschneiderten Marketingkampagnen \u2013 wir schaffen \u00fcberzeugende Botschaften, die bei s\u00fcdostasiatischen Konsumenten Anklang finden und Ihre Marke hervorheben.\n<\/div>\n\n<div class=\"why-card\">\n<div class=\"icon\">\ud83d\udce6<\/div>\n<h2>Ma\u00dfgeschneiderte Logistikl\u00f6sungen<\/h2>\nVon der Produktverpackung bis zur Auftragsabwicklung passen wir die Logistik an Ihre Gesch\u00e4ftsanforderungen an. Ob Massensendungen oder spezielle Verpackungen f\u00fcr den Einzelhandel \u2013 PhilAlpine sorgt f\u00fcr reibungslose, effiziente Abl\u00e4ufe.\n<\/div>\n\n<div class=\"why-card\">\n<div class=\"icon\">\ud83c\udf31<\/div>\n<h2>Nachhaltige &amp; ethische Praktiken<\/h2>\nNachhaltigkeit steht im Mittelpunkt unseres Handelns. Wir arbeiten mit Marken zusammen, die auf ethische Beschaffung, Nachhaltigkeit und umweltfreundliche Verfahren setzen. Eine Partnerschaft mit PhilAlpine bedeutet, Ihre Marke mit diesen Werten in Einklang zu bringen und Ihren Kunden verantwortungsvollere Optionen zu bieten.\n<\/div>\n<\/div>\n\n<div class=\"why-footer\">\n<h3>Lassen Sie uns gemeinsam Ihre Marke aufbauen<\/h3>\nMit PhilAlpine erhalten Sie Zugang zu einer Welt voller Chancen, Fachwissen und einem engagierten Partner, der sich Ihrem Erfolg auf den Philippinen, in S\u00fcdostasien und dar\u00fcber hinaus verschrieben hat.\n<a href=\"https:\/\/phillalpine.com\/de\/kontakt\/\">\ud83d\udcde Kontaktieren Sie uns, um zu starten<\/a>\n<\/div>\n<\/div>\n<\/section>\n\t\t\t\t\t\t\t\t<\/div>\n\t\t\t\t<\/div>\n\t\t\t\t\t<\/div>\n\t\t\t\t<\/div>\n\t\t\t\t<\/div>\n\t\t","protected":false},"excerpt":{"rendered":"<p>Der PhilAlpine-Vorteil Eine Partnerschaft mit PhilAlpine bedeutet mehr als nur den Import von Produkten \u2013 es ist Ihr Tor zu einem florierenden internationalen Markt, gest\u00fctzt auf jahrelange Erfahrung, ein vertrauensw\u00fcrdiges Netzwerk und pers\u00f6nliche Unterst\u00fctzung in jedem Schritt. \ud83c\udf0d Globale Reichweite mit lokaler Expertise Mit fundiertem Wissen \u00fcber die europ\u00e4ischen und s\u00fcdostasiatischen M\u00e4rkte sind wir die [&hellip;]<\/p>\n","protected":false},"author":1,"featured_media":0,"parent":0,"menu_order":0,"comment_status":"closed","ping_status":"closed","template":"","meta":{"footnotes":""},"class_list":["post-30938","page","type-page","status-publish","hentry"],"aioseo_notices":[],"_links":{"self":[{"href":"https:\/\/phillalpine.com\/de\/wp-json\/wp\/v2\/pages\/30938","targetHints":{"allow":["GET"]}}],"collection":[{"href":"https:\/\/phillalpine.com\/de\/wp-json\/wp\/v2\/pages"}],"about":[{"href":"https:\/\/phillalpine.com\/de\/wp-json\/wp\/v2\/types\/page"}],"author":[{"embeddable":true,"href":"https:\/\/phillalpine.com\/de\/wp-json\/wp\/v2\/users\/1"}],"replies":[{"embeddable":true,"href":"https:\/\/phillalpine.com\/de\/wp-json\/wp\/v2\/comments?post=30938"}],"version-history":[{"count":0,"href":"https:\/\/phillalpine.com\/de\/wp-json\/wp\/v2\/pages\/30938\/revisions"}],"wp:attachment":[{"href":"https:\/\/phillalpine.com\/de\/wp-json\/wp\/v2\/media?parent=30938"}],"curies":[{"name":"wp","href":"https:\/\/api.w.org\/{rel}","templated":true}]}}