{"id":30941,"date":"2025-05-09T08:28:55","date_gmt":"2025-05-09T08:28:55","guid":{"rendered":"https:\/\/phillalpine.com\/individuelle-produktbeschaffung-499-monat\/"},"modified":"2025-08-11T08:33:17","modified_gmt":"2025-08-11T08:33:17","slug":"individuelle-produktbeschaffung-499-monat","status":"publish","type":"page","link":"https:\/\/phillalpine.com\/de\/individuelle-produktbeschaffung-499-monat\/","title":{"rendered":"Individuelle Produktbeschaffung \u2013 499 $\/Monat"},"content":{"rendered":"\t\t<div data-elementor-type=\"wp-page\" data-elementor-id=\"30941\" class=\"elementor elementor-30941 elementor-29152\" data-elementor-post-type=\"page\">\n\t\t\t\t<div class=\"elementor-element elementor-element-6660bf7 e-flex e-con-boxed e-con e-parent\" data-id=\"6660bf7\" data-element_type=\"container\" data-e-type=\"container\">\n\t\t\t\t\t<div class=\"e-con-inner\">\n\t\t\t\t<div class=\"elementor-element elementor-element-0bdc431 elementor-widget elementor-widget-text-editor\" data-id=\"0bdc431\" data-element_type=\"widget\" data-e-type=\"widget\" data-widget_type=\"text-editor.default\">\n\t\t\t\t<div class=\"elementor-widget-container\">\n\t\t\t\t\t\t\t\t\t<div style=\"border: 2px solid #ddd; border-radius: 20px; padding: 35px; max-width: 700px; margin: 40px auto; background: #ffffff; box-shadow: 0 15px 40px rgba(0,0,0,0.06); font-family: 'Arial', sans-serif;\">\n\n  <h2 style=\"font-size: 30px; color: #1a1a1a; margin-bottom: 5px;\">\ud83d\udce6 Individuelle Produktbeschaffung<\/h2>\n  <p style=\"font-size: 22px; color: #28a745; font-weight: bold; margin: 0 0 20px;\">499 $ \/ Monat<\/p>\n\n  <p style=\"font-size: 16px; color: #555;\">\n Finden Sie die richtigen Produkte, die richtigen Lieferanten und die richtige Qualit\u00e4t. Dieser Plan ist perfekt f\u00fcr Unternehmen, die einen zuverl\u00e4ssigen Beschaffungspartner suchen, der die Komplexit\u00e4t der globalen Beschaffung effizient und professionell bew\u00e4ltigt. \n  <\/p>\n\n  <hr style=\"margin: 25px 0; border-top: 1px solid #eee;\">\n\n  <ul style=\"list-style: none; padding: 0; font-size: 16px; color: #333;\">\n    <li style=\"margin-bottom: 12px;\">\u2714\ufe0f <strong>Individuelle Produktbeschaffung<\/strong><br> Wir identifizieren und verbinden Sie mit vertrauensw\u00fcrdigen Herstellern und Lieferanten, die auf Ihre exakten Produktspezifikationen und Gesch\u00e4ftsanforderungen zugeschnitten sind.<\/li>\n\n    <li style=\"margin-bottom: 12px;\">\u2714\ufe0f <strong>Qualit\u00e4tskontrolle und Inspektion<\/strong><br> Stellen Sie sicher, dass jede Bestellung Ihren Standards entspricht, mit praktischen Werksaudits, Stichprobenkontrollen und Produktionsinspektionen.<\/li>\n\n    <li style=\"margin-bottom: 12px;\">\u2714\ufe0f <strong>Verpackungs- und Versandl\u00f6sungen<\/strong><br> Lassen Sie Produkte mit kundenspezifischer Verpackung, Etikettierung und optimalen Versandmethoden liefern, um Kosten zu senken und die Pr\u00e4sentation zu verbessern.<\/li>\n\n    <li style=\"margin-bottom: 12px;\">\u2714\ufe0f <strong>Dedizierter Beschaffungsexperte<\/strong><br> Arbeiten Sie direkt mit einem erfahrenen Beschaffungsmanager zusammen, der Ihre Beschaffungsstrategie leitet, mit Lieferanten verhandelt und eine reibungslose Ausf\u00fchrung gew\u00e4hrleistet.<\/li>\n  <\/ul>\n\n  <p style=\"margin-top: 25px; font-size: 15px; color: #888;\">\n Ideal f\u00fcr Einzelh\u00e4ndler, E-Commerce-Marken und Private-Label-Unternehmen, die eine ma\u00dfgeschneiderte Beschaffung und umfassende Unterst\u00fctzung der Lieferkette suchen.\n  <\/p>\n\n  <a href=\"https:\/\/phillalpine.com\/de\/kontakt\/\" style=\"display: inline-block; margin-top: 30px; padding: 14px 28px; background-color: #28a745; color: #fff; text-decoration: none; border-radius: 8px; font-weight: bold; font-size: 16px;\">\n \ud83d\udce6 Beschaffungsunterst\u00fctzung erhalten\n  <\/a>\n<\/div>\n\t\t\t\t\t\t\t\t<\/div>\n\t\t\t\t<\/div>\n\t\t\t\t\t<\/div>\n\t\t\t\t<\/div>\n\t\t\t\t<\/div>\n\t\t","protected":false},"excerpt":{"rendered":"<p>\ud83d\udce6 Individuelle Produktbeschaffung 499 $ \/ Monat Finden Sie die richtigen Produkte, die richtigen Lieferanten und die richtige Qualit\u00e4t. Dieser Plan ist perfekt f\u00fcr Unternehmen, die einen zuverl\u00e4ssigen Beschaffungspartner suchen, der die Komplexit\u00e4t der globalen Beschaffung effizient und professionell bew\u00e4ltigt. \u2714\ufe0f Individuelle Produktbeschaffung Wir identifizieren und verbinden Sie mit vertrauensw\u00fcrdigen Herstellern und Lieferanten, die auf [&hellip;]<\/p>\n","protected":false},"author":1,"featured_media":0,"parent":0,"menu_order":0,"comment_status":"closed","ping_status":"closed","template":"","meta":{"footnotes":""},"class_list":["post-30941","page","type-page","status-publish","hentry"],"aioseo_notices":[],"_links":{"self":[{"href":"https:\/\/phillalpine.com\/de\/wp-json\/wp\/v2\/pages\/30941","targetHints":{"allow":["GET"]}}],"collection":[{"href":"https:\/\/phillalpine.com\/de\/wp-json\/wp\/v2\/pages"}],"about":[{"href":"https:\/\/phillalpine.com\/de\/wp-json\/wp\/v2\/types\/page"}],"author":[{"embeddable":true,"href":"https:\/\/phillalpine.com\/de\/wp-json\/wp\/v2\/users\/1"}],"replies":[{"embeddable":true,"href":"https:\/\/phillalpine.com\/de\/wp-json\/wp\/v2\/comments?post=30941"}],"version-history":[{"count":0,"href":"https:\/\/phillalpine.com\/de\/wp-json\/wp\/v2\/pages\/30941\/revisions"}],"wp:attachment":[{"href":"https:\/\/phillalpine.com\/de\/wp-json\/wp\/v2\/media?parent=30941"}],"curies":[{"name":"wp","href":"https:\/\/api.w.org\/{rel}","templated":true}]}}