{"id":30947,"date":"2025-05-09T08:33:41","date_gmt":"2025-05-09T08:33:41","guid":{"rendered":"https:\/\/phillalpine.com\/messeveranstaltungen-ausstellungen-999-monat\/"},"modified":"2025-08-11T08:33:21","modified_gmt":"2025-08-11T08:33:21","slug":"messeveranstaltungen-ausstellungen-999-monat","status":"publish","type":"page","link":"https:\/\/phillalpine.com\/de\/messeveranstaltungen-ausstellungen-999-monat\/","title":{"rendered":"Messeveranstaltungen &amp; Ausstellungen \u2013 999 $\/Monat"},"content":{"rendered":"\t\t<div data-elementor-type=\"wp-page\" data-elementor-id=\"30947\" class=\"elementor elementor-30947 elementor-29165\" data-elementor-post-type=\"page\">\n\t\t\t\t<div class=\"elementor-element elementor-element-960c040 e-flex e-con-boxed e-con e-parent\" data-id=\"960c040\" data-element_type=\"container\" data-e-type=\"container\">\n\t\t\t\t\t<div class=\"e-con-inner\">\n\t\t\t\t<div class=\"elementor-element elementor-element-ceae5b8 elementor-widget elementor-widget-text-editor\" data-id=\"ceae5b8\" data-element_type=\"widget\" data-e-type=\"widget\" data-widget_type=\"text-editor.default\">\n\t\t\t\t<div class=\"elementor-widget-container\">\n\t\t\t\t\t\t\t\t\t<div style=\"border: 2px solid #ddd; border-radius: 20px; padding: 35px; max-width: 700px; margin: 40px auto; background: #ffffff; box-shadow: 0 15px 40px rgba(0,0,0,0.06); font-family: 'Arial', sans-serif;\">\n\n  <h2 style=\"font-size: 30px; color: #1a1a1a; margin-bottom: 5px;\">\ud83c\udfa4 Messeveranstaltungen &amp; Ausstellungen<\/h2>\n  <p style=\"font-size: 22px; color: #28a745; font-weight: bold; margin: 0 0 20px;\">999 $ \/ Monat<\/p>\n\n  <p style=\"font-size: 16px; color: #555;\">\n Machen Sie einen globalen Eindruck mit professioneller Messevertretung. Vom Standaufbau \u00fcber Reisevorbereitungen bis hin zu Nachfassaktionen nach der Veranstaltung k\u00fcmmern wir uns um jedes Detail, damit Ihre Marke hervorsticht und Ihre Leads zu Chancen werden. \n  <\/p>\n\n  <hr style=\"margin: 25px 0; border-top: 1px solid #eee;\">\n\n  <ul style=\"list-style: none; padding: 0; font-size: 16px; color: #333;\">\n    <li style=\"margin-bottom: 12px;\">\u2714\ufe0f <strong>Eventregistrierung &amp; Repr\u00e4sentation<\/strong><br> Wir k\u00fcmmern uns um Ihre Registrierung und treten als Ihr offizieller Vertreter auf f\u00fchrenden Messeveranstaltungen und Ausstellungen auf.<\/li>\n\n    <li style=\"margin-bottom: 12px;\">\u2714\ufe0f <strong>Kompletter Standaufbau &amp; Branding<\/strong><br> Ihr Stand spiegelt Ihre Marke perfekt wider \u2013 mit professionellem Design, Druckmaterialien und Unterst\u00fctzung beim Aufbau.<\/li>\n\n    <li style=\"margin-bottom: 12px;\">\u2714\ufe0f <strong>Reise- &amp; Unterkunftsvereinbarungen<\/strong><br> Alle Logistik f\u00fcr Reise, Unterkunft und lokalen Transport werden erledigt \u2013 so k\u00f6nnen Sie oder Ihr Team sich auf Networking und Pitches konzentrieren.<\/li>\n\n    <li style=\"margin-bottom: 12px;\">\u2714\ufe0f <strong>Lead-Reporting nach der Veranstaltung<\/strong><br> Nach der Veranstaltung erhalten Sie einen vollst\u00e4ndigen Bericht mit qualifizierten Leads, gekn\u00fcpften Kontakten und Empfehlungen f\u00fcr die n\u00e4chsten Schritte.<\/li>\n  <\/ul>\n\n  <p style=\"margin-top: 25px; font-size: 15px; color: #888;\">\n Ideal f\u00fcr Marken, die ihre Sichtbarkeit auf globalen Ausstellungen erh\u00f6hen, Leads gewinnen und sinnvolle Branchenkontakte kn\u00fcpfen m\u00f6chten.\n  <\/p>\n\n  <a href=\"https:\/\/phillalpine.com\/de\/kontakt\/\" style=\"display: inline-block; margin-top: 30px; padding: 14px 28px; background-color: #28a745; color: #fff; text-decoration: none; border-radius: 8px; font-weight: bold; font-size: 16px;\">\n \ud83c\udfa4 An globalen Events teilnehmen\n  <\/a>\n<\/div>\n\t\t\t\t\t\t\t\t<\/div>\n\t\t\t\t<\/div>\n\t\t\t\t\t<\/div>\n\t\t\t\t<\/div>\n\t\t\t\t<\/div>\n\t\t","protected":false},"excerpt":{"rendered":"<p>\ud83c\udfa4 Messeveranstaltungen &amp; Ausstellungen 999 $ \/ Monat Machen Sie einen globalen Eindruck mit professioneller Messevertretung. Vom Standaufbau \u00fcber Reisevorbereitungen bis hin zu Nachfassaktionen nach der Veranstaltung k\u00fcmmern wir uns um jedes Detail, damit Ihre Marke hervorsticht und Ihre Leads zu Chancen werden. \u2714\ufe0f Eventregistrierung &amp; Repr\u00e4sentation Wir k\u00fcmmern uns um Ihre Registrierung und treten [&hellip;]<\/p>\n","protected":false},"author":1,"featured_media":0,"parent":0,"menu_order":0,"comment_status":"closed","ping_status":"closed","template":"","meta":{"footnotes":""},"class_list":["post-30947","page","type-page","status-publish","hentry"],"aioseo_notices":[],"_links":{"self":[{"href":"https:\/\/phillalpine.com\/de\/wp-json\/wp\/v2\/pages\/30947","targetHints":{"allow":["GET"]}}],"collection":[{"href":"https:\/\/phillalpine.com\/de\/wp-json\/wp\/v2\/pages"}],"about":[{"href":"https:\/\/phillalpine.com\/de\/wp-json\/wp\/v2\/types\/page"}],"author":[{"embeddable":true,"href":"https:\/\/phillalpine.com\/de\/wp-json\/wp\/v2\/users\/1"}],"replies":[{"embeddable":true,"href":"https:\/\/phillalpine.com\/de\/wp-json\/wp\/v2\/comments?post=30947"}],"version-history":[{"count":0,"href":"https:\/\/phillalpine.com\/de\/wp-json\/wp\/v2\/pages\/30947\/revisions"}],"wp:attachment":[{"href":"https:\/\/phillalpine.com\/de\/wp-json\/wp\/v2\/media?parent=30947"}],"curies":[{"name":"wp","href":"https:\/\/api.w.org\/{rel}","templated":true}]}}