{"id":31018,"date":"2025-05-21T08:55:50","date_gmt":"2025-05-21T08:55:50","guid":{"rendered":"https:\/\/phillalpine.com\/zollabfertigung\/"},"modified":"2025-08-12T10:11:07","modified_gmt":"2025-08-12T10:11:07","slug":"zollabfertigung","status":"publish","type":"page","link":"https:\/\/phillalpine.com\/de\/zollabfertigung\/","title":{"rendered":"Zollabfertigung"},"content":{"rendered":"\t\t<div data-elementor-type=\"wp-page\" data-elementor-id=\"31018\" class=\"elementor elementor-31018 elementor-29671\" data-elementor-post-type=\"page\">\n\t\t\t\t<div class=\"elementor-element elementor-element-41c9ebb e-flex e-con-boxed e-con e-parent\" data-id=\"41c9ebb\" data-element_type=\"container\" data-e-type=\"container\">\n\t\t\t\t\t<div class=\"e-con-inner\">\n\t\t\t\t<div class=\"elementor-element elementor-element-0fd49ef elementor-widget elementor-widget-text-editor\" data-id=\"0fd49ef\" data-element_type=\"widget\" data-e-type=\"widget\" data-widget_type=\"text-editor.default\">\n\t\t\t\t<div class=\"elementor-widget-container\">\n\t\t\t\t\t\t\t\t\t<style>\n.customs-section {\n    background-color: #fff;\n    border: 2px solid #ffb800;\n    border-radius: 16px;\n    padding: 40px;\n    font-family: 'Segoe UI', sans-serif;\n    max-width: 900px;\n    margin: 50px auto;\n    text-align: center;\n}\n.customs-heading {\n    font-size: 32px;\n    font-weight: bold;\n    color: #3e3e3e;\n    margin-bottom: 20px;\n}\n.customs-description {\n    font-size: 18px;\n    color: #555;\n    margin-bottom: 30px;\n    line-height: 1.6;\n}\n.customs-benefits {\n    display: flex;\n    flex-wrap: wrap;\n    justify-content: center;\n    gap: 20px;\n    margin-top: 20px;\n}\n.customs-card {\n    flex: 1 1 250px;\n    background-color: #fff;\n    border: 2px solid #ffb800;\n    border-radius: 12px;\n    padding: 20px;\n    text-align: center;\n}\n.customs-icon {\n    font-size: 32px;\n    margin-bottom: 10px;\n}\n.customs-title {\n    font-size: 18px;\n    font-weight: bold;\n    margin-bottom: 10px;\n    color: #3e3e3e;\n}\n.customs-text {\n    font-size: 16px;\n    color: #666;\n    line-height: 1.5;\n}\n.customs-button {\n    display: inline-block;\n    margin-top: 40px;\n    background-color: #ffb800;\n    color: white;\n    padding: 15px 30px;\n    font-size: 18px;\n    font-weight: bold;\n    border-radius: 50px;\n    text-decoration: none;\n    transition: background-color 0.3s;\n}\n.customs-button:hover {\n    background-color: #e69700;\n}\n<\/style>\n\n<div class=\"customs-section\">\n<h2 class=\"customs-heading\">Was ist Zollabwicklung?<\/h2>\n<p class=\"customs-description\">Zollabwicklung ist der Prozess, Ihre importierten Waren durch die Grenzkontrolle zu bringen, unter Einhaltung internationaler Gesetze, Abgaben und Dokumentationspflichten. Bei PhillAlpine nehmen wir Ihnen den Stress ab \u2013 damit Ihre Produkte reibungslos und rechtskonform Grenzen \u00fcberschreiten k\u00f6nnen.<\/p>\n\n<div class=\"customs-benefits\">\n<div class=\"customs-card\">\n<div class=\"customs-icon\">\ud83d\udcdd<\/div>\n<div class=\"customs-title\">Fachgerechte Compliance<\/div>\n<div class=\"customs-text\">Wir k\u00fcmmern uns um komplexe Dokumentation und rechtliche Anforderungen, damit Ihre Sendung stets den Vorschriften entspricht.<\/div>\n<\/div>\n<div class=\"customs-card\">\n<div class=\"customs-icon\">\ud83d\udeab<\/div>\n<div class=\"customs-title\">Vermeidung von Verz\u00f6gerungen &amp; Bu\u00dfgeldern<\/div>\n<div class=\"customs-text\">Wir verhindern Lieferverz\u00f6gerungen, Zur\u00fcckhaltungen oder kostspielige Fehler an Zollstellen.<\/div>\n<\/div>\n<div class=\"customs-card\">\n<div class=\"customs-icon\">\ud83d\udcb5<\/div>\n<div class=\"customs-title\">Transparente Geb\u00fchren<\/div>\n<div class=\"customs-text\">Wir helfen Ihnen, Abgaben und Steuern im Voraus zu verstehen \u2013 ohne versteckte Kosten.<\/div>\n<\/div>\n<div class=\"customs-card\">\n<div class=\"customs-icon\">\ud83c\udf0d<\/div>\n<div class=\"customs-title\">Internationale Erfahrung<\/div>\n<div class=\"customs-text\">Wir haben Waren aus den Philippinen, \u00d6sterreich und dar\u00fcber hinaus abgefertigt. Wir wissen, was jedes Land ben\u00f6tigt.<\/div>\n<\/div>\n<div class=\"customs-card\">\n<div class=\"customs-icon\">\ud83e\udd1d<\/div>\n<div class=\"customs-title\">Nahtlos mit Transport<\/div>\n<div class=\"customs-text\">Kombinieren Sie dies mit unseren Transportdiensten f\u00fcr eine komplette End-to-End-L\u00f6sung in Versand und Zollabwicklung.<\/div>\n<\/div>\n<div class=\"customs-card\">\n<div class=\"customs-icon\">\u23f1\ufe0f<\/div>\n<div class=\"customs-title\">Schnellere Lieferung<\/div>\n<div class=\"customs-text\">Unser proaktiver Ablauf beschleunigt die Abfertigung, sodass Ihre Waren schneller und sorgenfreier ankommen.<\/div>\n<\/div>\n<\/div>\n<a class=\"customs-button\" href=\"https:\/\/phillalpine.com\/de\/kontakt\/\">Kontaktieren Sie uns<\/a>\n<\/div>\n\t\t\t\t\t\t\t\t<\/div>\n\t\t\t\t<\/div>\n\t\t\t\t\t<\/div>\n\t\t\t\t<\/div>\n\t\t\t\t<\/div>\n\t\t","protected":false},"excerpt":{"rendered":"<p>Was ist Zollabwicklung? Zollabwicklung ist der Prozess, Ihre importierten Waren durch die Grenzkontrolle zu bringen, unter Einhaltung internationaler Gesetze, Abgaben und Dokumentationspflichten. Bei PhillAlpine nehmen wir Ihnen den Stress ab \u2013 damit Ihre Produkte reibungslos und rechtskonform Grenzen \u00fcberschreiten k\u00f6nnen. \ud83d\udcdd Fachgerechte Compliance Wir k\u00fcmmern uns um komplexe Dokumentation und rechtliche Anforderungen, damit Ihre Sendung [&hellip;]<\/p>\n","protected":false},"author":2,"featured_media":0,"parent":0,"menu_order":0,"comment_status":"closed","ping_status":"closed","template":"","meta":{"footnotes":""},"class_list":["post-31018","page","type-page","status-publish","hentry"],"aioseo_notices":[],"_links":{"self":[{"href":"https:\/\/phillalpine.com\/de\/wp-json\/wp\/v2\/pages\/31018","targetHints":{"allow":["GET"]}}],"collection":[{"href":"https:\/\/phillalpine.com\/de\/wp-json\/wp\/v2\/pages"}],"about":[{"href":"https:\/\/phillalpine.com\/de\/wp-json\/wp\/v2\/types\/page"}],"author":[{"embeddable":true,"href":"https:\/\/phillalpine.com\/de\/wp-json\/wp\/v2\/users\/2"}],"replies":[{"embeddable":true,"href":"https:\/\/phillalpine.com\/de\/wp-json\/wp\/v2\/comments?post=31018"}],"version-history":[{"count":0,"href":"https:\/\/phillalpine.com\/de\/wp-json\/wp\/v2\/pages\/31018\/revisions"}],"wp:attachment":[{"href":"https:\/\/phillalpine.com\/de\/wp-json\/wp\/v2\/media?parent=31018"}],"curies":[{"name":"wp","href":"https:\/\/api.w.org\/{rel}","templated":true}]}}