{"id":31039,"date":"2025-05-21T08:59:04","date_gmt":"2025-05-21T08:59:04","guid":{"rendered":"https:\/\/phillalpine.com\/globales-netzwerk\/"},"modified":"2025-08-12T09:29:59","modified_gmt":"2025-08-12T09:29:59","slug":"globales-netzwerk","status":"publish","type":"page","link":"https:\/\/phillalpine.com\/de\/globales-netzwerk\/","title":{"rendered":"Globales Netzwerk"},"content":{"rendered":"\t\t<div data-elementor-type=\"wp-page\" data-elementor-id=\"31039\" class=\"elementor elementor-31039 elementor-29676\" data-elementor-post-type=\"page\">\n\t\t\t\t<div class=\"elementor-element elementor-element-6ce3c3b e-flex e-con-boxed e-con e-parent\" data-id=\"6ce3c3b\" data-element_type=\"container\" data-e-type=\"container\">\n\t\t\t\t\t<div class=\"e-con-inner\">\n\t\t\t\t<div class=\"elementor-element elementor-element-076b898 elementor-widget elementor-widget-text-editor\" data-id=\"076b898\" data-element_type=\"widget\" data-e-type=\"widget\" data-widget_type=\"text-editor.default\">\n\t\t\t\t<div class=\"elementor-widget-container\">\n\t\t\t\t\t\t\t\t\t<style>\n.global-network-section {\n    background-color: #fff;\n    border: 2px solid #ffb800;\n    border-radius: 16px;\n    padding: 40px;\n    font-family: 'Segoe UI', sans-serif;\n    max-width: 900px;\n    margin: 50px auto;\n    text-align: center;\n}\n.global-network-heading {\n    font-size: 32px;\n    font-weight: bold;\n    color: #3e3e3e;\n    margin-bottom: 20px;\n}\n.global-network-description {\n    font-size: 18px;\n    color: #555;\n    margin-bottom: 30px;\n    line-height: 1.6;\n}\n.global-network-benefits {\n    display: flex;\n    flex-wrap: wrap;\n    justify-content: center;\n    gap: 20px;\n    margin-top: 20px;\n}\n.global-network-card {\n    flex: 1 1 250px;\n    background-color: #fff;\n    border: 2px solid #ffb800;\n    border-radius: 12px;\n    padding: 20px;\n    text-align: center;\n}\n.global-network-icon {\n    font-size: 32px;\n    margin-bottom: 10px;\n}\n.global-network-title {\n    font-size: 18px;\n    font-weight: bold;\n    margin-bottom: 10px;\n    color: #3e3e3e;\n}\n.global-network-text {\n    font-size: 16px;\n    color: #666;\n    line-height: 1.5;\n}\n.global-network-button {\n    display: inline-block;\n    margin-top: 40px;\n    background-color: #ffb800;\n    color: white;\n    padding: 15px 30px;\n    font-size: 18px;\n    font-weight: bold;\n    border-radius: 50px;\n    text-decoration: none;\n    transition: background-color 0.3s;\n}\n.global-network-button:hover {\n    background-color: #e69700;\n}\n<\/style>\n\n<div class=\"global-network-section\">\n<h2 class=\"global-network-heading\">Unser Globales Netzwerk<\/h2>\n<p class=\"global-network-description\">Das umfangreiche globale Netzwerk von PhillAlpine aus vertrauensw\u00fcrdigen Partnern und Logistikexperten stellt sicher, dass Ihre Produkte reibungslos, sicher und p\u00fcnktlich bei Ihnen ankommen \u2013 egal, wo auf der Welt Sie sich befinden. Dieses Netzwerk verbindet die Philippinen, \u00d6sterreich und internationale M\u00e4rkte mit un\u00fcbertroffener Zuverl\u00e4ssigkeit.<\/p>\n\n<div class=\"global-network-benefits\">\n<div class=\"global-network-card\">\n<div class=\"global-network-icon\">\ud83c\udf10<\/div>\n<div class=\"global-network-title\">Weltweite Reichweite<\/div>\n<div class=\"global-network-text\">Verbinden Sie sich m\u00fchelos mit globalen M\u00e4rkten und Kunden dank der starken internationalen Pr\u00e4senz von PhillAlpine.<\/div>\n<\/div>\n<div class=\"global-network-card\">\n<div class=\"global-network-icon\">\ud83e\udd1d<\/div>\n<div class=\"global-network-title\">Vertrauensvolle Partnerschaften<\/div>\n<div class=\"global-network-text\">Arbeiten Sie mit zuverl\u00e4ssigen Spediteuren und Distributoren, die auf Qualit\u00e4t und Serviceexzellenz gepr\u00fcft sind.<\/div>\n<\/div>\n<div class=\"global-network-card\">\n<div class=\"global-network-icon\">\u23f1\ufe0f<\/div>\n<div class=\"global-network-title\">Schnellere Lieferung<\/div>\n<div class=\"global-network-text\">Optimierte Routen und lokales Fachwissen stellen sicher, dass Ihre Waren jedes Mal p\u00fcnktlich ankommen.<\/div>\n<\/div>\n<div class=\"global-network-card\">\n<div class=\"global-network-icon\">\ud83d\udd12<\/div>\n<div class=\"global-network-title\">Sichere Handhabung<\/div>\n<div class=\"global-network-text\">Ihre Produkte werden in jeder Phase des Versandprozesses mit Sorgfalt behandelt.<\/div>\n<\/div>\n<div class=\"global-network-card\">\n<div class=\"global-network-icon\">\ud83d\udcbc<\/div>\n<div class=\"global-network-title\">Lokale Expertise, globale Reichweite<\/div>\n<div class=\"global-network-text\">Unser Wissen \u00fcber Zoll- und Vorschriften in verschiedenen L\u00e4ndern erleichtert Ihren internationalen Handel.<\/div>\n<\/div>\n<div class=\"global-network-card\">\n<div class=\"global-network-icon\">\u2699\ufe0f<\/div>\n<div class=\"global-network-title\">Skalierbare L\u00f6sungen<\/div>\n<div class=\"global-network-text\">Ob Sie klein anfangen oder schnell wachsen \u2013 unser Netzwerk passt sich den Bed\u00fcrfnissen Ihres Unternehmens an.<\/div>\n<\/div>\n<\/div>\n<a class=\"global-network-button\" href=\"https:\/\/phillalpine.com\/de\/kontakt\/\">Kontaktieren Sie uns<\/a>\n<\/div>\n\t\t\t\t\t\t\t\t<\/div>\n\t\t\t\t<\/div>\n\t\t\t\t\t<\/div>\n\t\t\t\t<\/div>\n\t\t\t\t<\/div>\n\t\t","protected":false},"excerpt":{"rendered":"<p>Unser Globales Netzwerk Das umfangreiche globale Netzwerk von PhillAlpine aus vertrauensw\u00fcrdigen Partnern und Logistikexperten stellt sicher, dass Ihre Produkte reibungslos, sicher und p\u00fcnktlich bei Ihnen ankommen \u2013 egal, wo auf der Welt Sie sich befinden. Dieses Netzwerk verbindet die Philippinen, \u00d6sterreich und internationale M\u00e4rkte mit un\u00fcbertroffener Zuverl\u00e4ssigkeit. \ud83c\udf10 Weltweite Reichweite Verbinden Sie sich m\u00fchelos mit [&hellip;]<\/p>\n","protected":false},"author":2,"featured_media":0,"parent":0,"menu_order":0,"comment_status":"closed","ping_status":"closed","template":"","meta":{"footnotes":""},"class_list":["post-31039","page","type-page","status-publish","hentry"],"aioseo_notices":[],"_links":{"self":[{"href":"https:\/\/phillalpine.com\/de\/wp-json\/wp\/v2\/pages\/31039","targetHints":{"allow":["GET"]}}],"collection":[{"href":"https:\/\/phillalpine.com\/de\/wp-json\/wp\/v2\/pages"}],"about":[{"href":"https:\/\/phillalpine.com\/de\/wp-json\/wp\/v2\/types\/page"}],"author":[{"embeddable":true,"href":"https:\/\/phillalpine.com\/de\/wp-json\/wp\/v2\/users\/2"}],"replies":[{"embeddable":true,"href":"https:\/\/phillalpine.com\/de\/wp-json\/wp\/v2\/comments?post=31039"}],"version-history":[{"count":0,"href":"https:\/\/phillalpine.com\/de\/wp-json\/wp\/v2\/pages\/31039\/revisions"}],"wp:attachment":[{"href":"https:\/\/phillalpine.com\/de\/wp-json\/wp\/v2\/media?parent=31039"}],"curies":[{"name":"wp","href":"https:\/\/api.w.org\/{rel}","templated":true}]}}