{"id":31042,"date":"2025-05-21T09:02:18","date_gmt":"2025-05-21T09:02:18","guid":{"rendered":"https:\/\/phillalpine.com\/verpackung-etikettierung\/"},"modified":"2025-08-12T10:05:06","modified_gmt":"2025-08-12T10:05:06","slug":"verpackung-etikettierung","status":"publish","type":"page","link":"https:\/\/phillalpine.com\/de\/verpackung-etikettierung\/","title":{"rendered":"Verpackung &amp; Etikettierung"},"content":{"rendered":"\t\t<div data-elementor-type=\"wp-page\" data-elementor-id=\"31042\" class=\"elementor elementor-31042 elementor-29681\" data-elementor-post-type=\"page\">\n\t\t\t\t<div class=\"elementor-element elementor-element-f477bbd e-flex e-con-boxed e-con e-parent\" data-id=\"f477bbd\" data-element_type=\"container\" data-e-type=\"container\">\n\t\t\t\t\t<div class=\"e-con-inner\">\n\t\t\t\t<div class=\"elementor-element elementor-element-d4750d1 elementor-widget elementor-widget-text-editor\" data-id=\"d4750d1\" data-element_type=\"widget\" data-e-type=\"widget\" data-widget_type=\"text-editor.default\">\n\t\t\t\t<div class=\"elementor-widget-container\">\n\t\t\t\t\t\t\t\t\t<style>\n.packaging-section {\n    background-color: #fff;\n    border: 2px solid #ffb800;\n    border-radius: 16px;\n    padding: 40px;\n    font-family: 'Segoe UI', sans-serif;\n    max-width: 900px;\n    margin: 50px auto;\n    text-align: center;\n}\n.packaging-heading {\n    font-size: 32px;\n    font-weight: bold;\n    color: #3e3e3e;\n    margin-bottom: 20px;\n}\n.packaging-description {\n    font-size: 18px;\n    color: #555;\n    margin-bottom: 30px;\n    line-height: 1.6;\n}\n.packaging-benefits {\n    display: flex;\n    flex-wrap: wrap;\n    justify-content: center;\n    gap: 20px;\n    margin-top: 20px;\n}\n.packaging-card {\n    flex: 1 1 250px;\n    background-color: #fff;\n    border: 2px solid #ffb800;\n    border-radius: 12px;\n    padding: 20px;\n    text-align: center;\n}\n.packaging-icon {\n    font-size: 32px;\n    margin-bottom: 10px;\n}\n.packaging-title {\n    font-size: 18px;\n    font-weight: bold;\n    margin-bottom: 10px;\n    color: #3e3e3e;\n}\n.packaging-text {\n    font-size: 16px;\n    color: #666;\n    line-height: 1.5;\n}\n.packaging-button {\n    display: inline-block;\n    margin-top: 40px;\n    background-color: #ffb800;\n    color: white;\n    padding: 15px 30px;\n    font-size: 18px;\n    font-weight: bold;\n    border-radius: 50px;\n    text-decoration: none;\n    transition: background-color 0.3s;\n}\n.packaging-button:hover {\n    background-color: #e69700;\n}\n<\/style>\n\n<div class=\"packaging-section\">\n<h2 class=\"packaging-heading\">Verpackung &#038; Etikettierung<\/h2>\n<p class=\"packaging-description\">\nVerpackung und Etikettierung sind entscheidend, um Ihre Produkte zu sch\u00fctzen und sicherzustellen, dass sie internationalen Standards entsprechen. Bei PhilAlpine liefern wir sichere Verpackungen, die die Qualit\u00e4t bewahren, sowie ansprechende Etiketten, die Ihre Marken\u00adgeschichte erz\u00e4hlen und gleichzeitig alle Vorschriften einhalten.\n<\/p>\n\n<div class=\"packaging-benefits\">\n<div class=\"packaging-card\">\n<div class=\"packaging-icon\">\ud83d\udce6<\/div>\n<div class=\"packaging-title\">Produktschutz<\/div>\n<div class=\"packaging-text\">Robuste Verpackungen sch\u00fctzen Ihre Produkte w\u00e4hrend des gesamten Transports und der Handhabung.<\/div>\n<\/div>\n<div class=\"packaging-card\">\n<div class=\"packaging-icon\">\ud83c\udff7\ufe0f<\/div>\n<div class=\"packaging-title\">Konformit\u00e4t &#038; Genauigkeit<\/div>\n<div class=\"packaging-text\">Etiketten erf\u00fcllen gesetzliche Anforderungen und liefern klare, pr\u00e4zise Produktinformationen.<\/div>\n<\/div>\n<div class=\"packaging-card\">\n<div class=\"packaging-icon\">\u2728<\/div>\n<div class=\"packaging-title\">Markenpr\u00e4sentation<\/div>\n<div class=\"packaging-text\">Ansprechende Verpackungen steigern die Attraktivit\u00e4t Ihrer Produkte und verbessern das Kundenerlebnis.<\/div>\n<\/div>\n<div class=\"packaging-card\">\n<div class=\"packaging-icon\">\u267b\ufe0f<\/div>\n<div class=\"packaging-title\">Nachhaltige Optionen<\/div>\n<div class=\"packaging-text\">Umweltfreundliche Materialien reduzieren den \u00f6kologischen Fu\u00dfabdruck und passen zu Ihren Werten.<\/div>\n<\/div>\n<div class=\"packaging-card\">\n<div class=\"packaging-icon\">\ud83d\udd0d<\/div>\n<div class=\"packaging-title\">R\u00fcckverfolgbarkeit &#038; Sicherheit<\/div>\n<div class=\"packaging-text\">Pr\u00e4zise Etiketten erm\u00f6glichen die R\u00fcckverfolgung und sorgen f\u00fcr Verbrauchersicherheit.<\/div>\n<\/div>\n<div class=\"packaging-card\">\n<div class=\"packaging-icon\">\ud83d\ude80<\/div>\n<div class=\"packaging-title\">Marktreife<\/div>\n<div class=\"packaging-text\">Eine professionelle Verpackung beschleunigt die Zollabfertigung und die Vorbereitung f\u00fcr den Verkauf.<\/div>\n<\/div>\n<\/div>\n\n<a class=\"packaging-button\" href=\"https:\/\/phillalpine.com\/de\/kontakt\/\">Kontaktieren Sie uns<\/a>\n<\/div>\n\t\t\t\t\t\t\t\t<\/div>\n\t\t\t\t<\/div>\n\t\t\t\t\t<\/div>\n\t\t\t\t<\/div>\n\t\t\t\t<\/div>\n\t\t","protected":false},"excerpt":{"rendered":"<p>Verpackung &#038; Etikettierung Verpackung und Etikettierung sind entscheidend, um Ihre Produkte zu sch\u00fctzen und sicherzustellen, dass sie internationalen Standards entsprechen. Bei PhilAlpine liefern wir sichere Verpackungen, die die Qualit\u00e4t bewahren, sowie ansprechende Etiketten, die Ihre Marken\u00adgeschichte erz\u00e4hlen und gleichzeitig alle Vorschriften einhalten. \ud83d\udce6 Produktschutz Robuste Verpackungen sch\u00fctzen Ihre Produkte w\u00e4hrend des gesamten Transports und der [&hellip;]<\/p>\n","protected":false},"author":2,"featured_media":0,"parent":0,"menu_order":0,"comment_status":"closed","ping_status":"closed","template":"","meta":{"footnotes":""},"class_list":["post-31042","page","type-page","status-publish","hentry"],"aioseo_notices":[],"_links":{"self":[{"href":"https:\/\/phillalpine.com\/de\/wp-json\/wp\/v2\/pages\/31042","targetHints":{"allow":["GET"]}}],"collection":[{"href":"https:\/\/phillalpine.com\/de\/wp-json\/wp\/v2\/pages"}],"about":[{"href":"https:\/\/phillalpine.com\/de\/wp-json\/wp\/v2\/types\/page"}],"author":[{"embeddable":true,"href":"https:\/\/phillalpine.com\/de\/wp-json\/wp\/v2\/users\/2"}],"replies":[{"embeddable":true,"href":"https:\/\/phillalpine.com\/de\/wp-json\/wp\/v2\/comments?post=31042"}],"version-history":[{"count":0,"href":"https:\/\/phillalpine.com\/de\/wp-json\/wp\/v2\/pages\/31042\/revisions"}],"wp:attachment":[{"href":"https:\/\/phillalpine.com\/de\/wp-json\/wp\/v2\/media?parent=31042"}],"curies":[{"name":"wp","href":"https:\/\/api.w.org\/{rel}","templated":true}]}}