{"id":31044,"date":"2025-05-21T09:05:43","date_gmt":"2025-05-21T09:05:43","guid":{"rendered":"https:\/\/phillalpine.com\/ende-zu-ende-tracking\/"},"modified":"2025-08-12T09:18:48","modified_gmt":"2025-08-12T09:18:48","slug":"ende-zu-ende-tracking","status":"publish","type":"page","link":"https:\/\/phillalpine.com\/de\/ende-zu-ende-tracking\/","title":{"rendered":"Ende-zu-Ende-Tracking"},"content":{"rendered":"\t\t<div data-elementor-type=\"wp-page\" data-elementor-id=\"31044\" class=\"elementor elementor-31044 elementor-29686\" data-elementor-post-type=\"page\">\n\t\t\t\t<div class=\"elementor-element elementor-element-c446299 e-flex e-con-boxed e-con e-parent\" data-id=\"c446299\" data-element_type=\"container\" data-e-type=\"container\">\n\t\t\t\t\t<div class=\"e-con-inner\">\n\t\t\t\t<div class=\"elementor-element elementor-element-b8359eb elementor-widget elementor-widget-text-editor\" data-id=\"b8359eb\" data-element_type=\"widget\" data-e-type=\"widget\" data-widget_type=\"text-editor.default\">\n\t\t\t\t<div class=\"elementor-widget-container\">\n\t\t\t\t\t\t\t\t\t<style>\n.tracking-section {\n    background-color: #fff;\n    border: 2px solid #ffb800;\n    border-radius: 16px;\n    padding: 40px;\n    font-family: 'Segoe UI', sans-serif;\n    max-width: 900px;\n    margin: 50px auto;\n    text-align: center;\n}\n.tracking-heading {\n    font-size: 32px;\n    font-weight: bold;\n    color: #3e3e3e;\n    margin-bottom: 20px;\n}\n.tracking-description {\n    font-size: 18px;\n    color: #555;\n    margin-bottom: 30px;\n    line-height: 1.6;\n}\n.tracking-benefits {\n    display: flex;\n    flex-wrap: wrap;\n    justify-content: center;\n    gap: 20px;\n    margin-top: 20px;\n}\n.tracking-card {\n    flex: 1 1 250px;\n    background-color: #fff;\n    border: 2px solid #ffb800;\n    border-radius: 12px;\n    padding: 20px;\n    text-align: center;\n}\n.tracking-icon {\n    font-size: 32px;\n    margin-bottom: 10px;\n}\n.tracking-title {\n    font-size: 18px;\n    font-weight: bold;\n    margin-bottom: 10px;\n    color: #3e3e3e;\n}\n.tracking-text {\n    font-size: 16px;\n    color: #666;\n    line-height: 1.5;\n}\n.tracking-button {\n    display: inline-block;\n    margin-top: 40px;\n    background-color: #ffb800;\n    color: white;\n    padding: 15px 30px;\n    font-size: 18px;\n    font-weight: bold;\n    border-radius: 50px;\n    text-decoration: none;\n    transition: background-color 0.3s;\n}\n.tracking-button:hover {\n    background-color: #e69700;\n}\n<\/style>\n\n<div class=\"tracking-section\">\n    <h2 class=\"tracking-heading\">End-to-End Sendungsverfolgung<\/h2>\n    <p class=\"tracking-description\">Mit der End-to-End Sendungsverfolgung von PhilAlpine haben Sie jederzeit volle Transparenz \u00fcber den Weg Ihrer Sendung. Von der Abholung bis zur Zustellung erhalten Sie Echtzeit-Updates, um den Fortschritt zu \u00fcberwachen und Ihr Gesch\u00e4ft sicher zu planen.<\/p>\n\n    <div class=\"tracking-benefits\">\n        <div class=\"tracking-card\">\n            <div class=\"tracking-icon\">\ud83d\udccd<\/div>\n            <div class=\"tracking-title\">Echtzeit-\u00dcberblick<\/div>\n            <div class=\"tracking-text\">Verfolgen Sie Ihre Sendung live in jeder Phase \u2013 ohne R\u00e4tselraten oder \u00dcberraschungen.<\/div>\n        <\/div>\n        <div class=\"tracking-card\">\n            <div class=\"tracking-icon\">\ud83d\udd12<\/div>\n            <div class=\"tracking-title\">Erh\u00f6hte Sicherheit<\/div>\n            <div class=\"tracking-text\">Kontinuierliche \u00dcberwachung beugt Verlust oder Diebstahl w\u00e4hrend des Transports vor.<\/div>\n        <\/div>\n        <div class=\"tracking-card\">\n            <div class=\"tracking-icon\">\u23f3<\/div>\n            <div class=\"tracking-title\">Genaue Lieferzeiten<\/div>\n            <div class=\"tracking-text\">Erhalten Sie pr\u00e4zise voraussichtliche Liefertermine, um Lagerbestand und Verkauf besser zu planen.<\/div>\n        <\/div>\n        <div class=\"tracking-card\">\n            <div class=\"tracking-icon\">\ud83d\udcde<\/div>\n            <div class=\"tracking-title\">Proaktive Benachrichtigungen<\/div>\n            <div class=\"tracking-text\">Erhalten Sie sofortige Meldungen bei Verz\u00f6gerungen oder Problemen.<\/div>\n        <\/div>\n        <div class=\"tracking-card\">\n            <div class=\"tracking-icon\">\ud83e\udd1d<\/div>\n            <div class=\"tracking-title\">Besserer Kundenservice<\/div>\n            <div class=\"tracking-text\">Informieren Sie Ihre Kund:innen jederzeit mit genauen Versandinformationen.<\/div>\n        <\/div>\n        <div class=\"tracking-card\">\n            <div class=\"tracking-icon\">\u2699\ufe0f<\/div>\n            <div class=\"tracking-title\">Optimierte Logistik<\/div>\n            <div class=\"tracking-text\">Koordinierte Abl\u00e4ufe mit Spedition und Zoll sorgen f\u00fcr eine reibungslosere Zustellung.<\/div>\n        <\/div>\n    <\/div>\n    <a class=\"tracking-button\" href=\"https:\/\/phillalpine.com\/de\/kontakt\/\">Kontaktieren Sie uns<\/a>\n<\/div>\n\t\t\t\t\t\t\t\t<\/div>\n\t\t\t\t<\/div>\n\t\t\t\t\t<\/div>\n\t\t\t\t<\/div>\n\t\t\t\t<\/div>\n\t\t","protected":false},"excerpt":{"rendered":"<p>End-to-End Sendungsverfolgung Mit der End-to-End Sendungsverfolgung von PhilAlpine haben Sie jederzeit volle Transparenz \u00fcber den Weg Ihrer Sendung. Von der Abholung bis zur Zustellung erhalten Sie Echtzeit-Updates, um den Fortschritt zu \u00fcberwachen und Ihr Gesch\u00e4ft sicher zu planen. \ud83d\udccd Echtzeit-\u00dcberblick Verfolgen Sie Ihre Sendung live in jeder Phase \u2013 ohne R\u00e4tselraten oder \u00dcberraschungen. \ud83d\udd12 Erh\u00f6hte [&hellip;]<\/p>\n","protected":false},"author":2,"featured_media":0,"parent":0,"menu_order":0,"comment_status":"closed","ping_status":"closed","template":"","meta":{"footnotes":""},"class_list":["post-31044","page","type-page","status-publish","hentry"],"aioseo_notices":[],"_links":{"self":[{"href":"https:\/\/phillalpine.com\/de\/wp-json\/wp\/v2\/pages\/31044","targetHints":{"allow":["GET"]}}],"collection":[{"href":"https:\/\/phillalpine.com\/de\/wp-json\/wp\/v2\/pages"}],"about":[{"href":"https:\/\/phillalpine.com\/de\/wp-json\/wp\/v2\/types\/page"}],"author":[{"embeddable":true,"href":"https:\/\/phillalpine.com\/de\/wp-json\/wp\/v2\/users\/2"}],"replies":[{"embeddable":true,"href":"https:\/\/phillalpine.com\/de\/wp-json\/wp\/v2\/comments?post=31044"}],"version-history":[{"count":0,"href":"https:\/\/phillalpine.com\/de\/wp-json\/wp\/v2\/pages\/31044\/revisions"}],"wp:attachment":[{"href":"https:\/\/phillalpine.com\/de\/wp-json\/wp\/v2\/media?parent=31044"}],"curies":[{"name":"wp","href":"https:\/\/api.w.org\/{rel}","templated":true}]}}