{"id":31056,"date":"2025-04-21T18:55:16","date_gmt":"2025-04-21T18:55:16","guid":{"rendered":"https:\/\/phillalpine.com\/oesterreichs-renommierte-handwerkskunst-auf-die-philippinen\/"},"modified":"2025-08-12T09:41:32","modified_gmt":"2025-08-12T09:41:32","slug":"oesterreichs-renommierte-handwerkskunst-auf-die-philippinen","status":"publish","type":"page","link":"https:\/\/phillalpine.com\/de\/oesterreichs-renommierte-handwerkskunst-auf-die-philippinen\/","title":{"rendered":"\u00d6sterreichs renommierte Handwerkskunst auf die Philippinen"},"content":{"rendered":"\t\t<div data-elementor-type=\"wp-page\" data-elementor-id=\"31056\" class=\"elementor elementor-31056 elementor-7619\" data-elementor-post-type=\"page\">\n\t\t\t\t<div class=\"elementor-element elementor-element-c7f6982 e-flex e-con-boxed e-con e-parent\" data-id=\"c7f6982\" data-element_type=\"container\" data-e-type=\"container\">\n\t\t\t\t\t<div class=\"e-con-inner\">\n\t\t\t\t<div class=\"elementor-element elementor-element-f4ef0e4 elementor-widget elementor-widget-text-editor\" data-id=\"f4ef0e4\" data-element_type=\"widget\" data-e-type=\"widget\" data-widget_type=\"text-editor.default\">\n\t\t\t\t<div class=\"elementor-widget-container\">\n\t\t\t\t\t\t\t\t\t<style>\n.boutique-section {\n    background-color: #ffffff;\n    padding: 60px 20px;\n    font-family: 'Segoe UI', Tahoma, Geneva, Verdana, sans-serif;\n    border-radius: 16px;\n    border: 1.5px solid #d4af37;\n    text-align: center;\n    margin-bottom: 40px;\n}\n.boutique-section h2 {\n    font-size: 32px;\n    font-weight: bold;\n    color: #333;\n    text-transform: uppercase;\n    letter-spacing: 1.5px;\n    margin-top: 15px;\n    margin-bottom: 20px;\n}\n.boutique-section p {\n    font-size: 18px;\n    color: #555;\n    line-height: 1.8;\n    max-width: 750px;\n    margin: 0 auto 30px;\n}\n.boutique-icon {\n    font-size: 60px;\n    color: #d4af37;\n}\n.gold-button {\n    display: inline-block;\n    margin-top: 20px;\n    padding: 12px 28px;\n    font-size: 16px;\n    font-weight: 600;\n    color: white;\n    background-color: #d4af37;\n    border-radius: 30px;\n    text-decoration: none;\n    transition: background 0.3s ease;\n}\n.gold-button:hover {\n    background-color: #b8860b;\n}\n@media screen and (max-width: 768px) {\n    .boutique-section {\n      padding: 40px 15px;\n    }\n    .boutique-section h2 {\n      font-size: 28px;\n    }\n    .boutique-section p {\n      font-size: 16px;\n    }\n}\n<\/style>\n\n<section class=\"boutique-section\">\n<div class=\"boutique-icon\">\ud83c\udf0d<\/div>\n<h2>Entdecken Sie eine Welt voller Exzellenz<\/h2>\nVon der renommierten Handwerkskunst \u00d6sterreichs bis zum lebendigen Markt der Philippinen \u2013 erleben Sie eine nahtlose Verbindung von Kulturen, Qualit\u00e4t und Chancen.\n<a class=\"gold-button\" href=\"https:\/\/phillalpine.com\/shop\/\">\ud83d\uded2 Produkte Entdecken<\/a>\n<\/section>\n\n<section class=\"boutique-section\">\n<div class=\"boutique-icon\">\ud83d\udee0\ufe0f<\/div>\n<h2>\u00d6sterreichs Renommierte Handwerkskunst<\/h2>\n\u00d6sterreich ist seit Langem f\u00fcr seine Pr\u00e4zision und Kunstfertigkeit bekannt. Von filigraner Holzarbeit und Glasherstellung bis hin zu kulinarischen Spezialit\u00e4ten \u2013 jedes Produkt tr\u00e4gt ein Erbe der Exzellenz.\n<a class=\"gold-button\" href=\"https:\/\/phillalpine.com\/de\/product-category\/osterreichisches-produkt\/\">\ud83d\udecd\ufe0f \u00d6sterreichische Handwerkskunst Entdecken<\/a>\n<\/section>\n\n<section class=\"boutique-section\">\n<div class=\"boutique-icon\">\ud83c\uddf5\ud83c\udded<\/div>\n<h2>Der Lebendige Markt der Philippinen<\/h2>\nEntdecken Sie einen Markt voller Kreativit\u00e4t und Potenzial. Die Philippinen beherbergen eine wachsende Wirtschaft und ein kulturell reiches Publikum, das sich nach hochwertigen globalen Produkten sehnt.\n<a class=\"gold-button\" href=\"https:\/\/phillalpine.com\/de\/product-category\/philippinische-produkte\/\">\ud83d\udecd\ufe0f Philippinischen Markt Entdecken<\/a>\n<\/section>\n\n<section class=\"boutique-section\">\n<div class=\"boutique-icon\">\ud83c\udf10<\/div>\n<h2>Ihr Tor zur Globalen Exzellenz<\/h2>\nPhilAlpine verbindet Sie mit Premiumprodukten und zuverl\u00e4ssigen Handelswegen zwischen \u00d6sterreich und den Philippinen \u2013 und er\u00f6ffnet Ihnen T\u00fcren f\u00fcr nachhaltiges Unternehmenswachstum.\n<a class=\"gold-button\" href=\"#contact\">\ud83d\udce9 Kontakt Aufnehmen<\/a>\n<\/section>\n\n<section style=\"background-color: #333; color: white; text-align: center; padding: 20px; margin-top: 50px;\">\n\u00a9 2025 Entdecken Sie Exzellenz | \n<a style=\"color: #d4af37; text-decoration: none; font-weight: bold;\" href=\"https:\/\/phillalpine.com\/de\/kontakt\/\">Kontaktieren Sie Uns<\/a>\n<\/section>\n\t\t\t\t\t\t\t\t<\/div>\n\t\t\t\t<\/div>\n\t\t\t\t\t<\/div>\n\t\t\t\t<\/div>\n\t\t\t\t<\/div>\n\t\t","protected":false},"excerpt":{"rendered":"<p>\ud83c\udf0d Entdecken Sie eine Welt voller Exzellenz Von der renommierten Handwerkskunst \u00d6sterreichs bis zum lebendigen Markt der Philippinen \u2013 erleben Sie eine nahtlose Verbindung von Kulturen, Qualit\u00e4t und Chancen. \ud83d\uded2 Produkte Entdecken \ud83d\udee0\ufe0f \u00d6sterreichs Renommierte Handwerkskunst \u00d6sterreich ist seit Langem f\u00fcr seine Pr\u00e4zision und Kunstfertigkeit bekannt. Von filigraner Holzarbeit und Glasherstellung bis hin zu kulinarischen [&hellip;]<\/p>\n","protected":false},"author":1,"featured_media":0,"parent":0,"menu_order":0,"comment_status":"closed","ping_status":"closed","template":"","meta":{"footnotes":""},"class_list":["post-31056","page","type-page","status-publish","hentry"],"aioseo_notices":[],"_links":{"self":[{"href":"https:\/\/phillalpine.com\/de\/wp-json\/wp\/v2\/pages\/31056","targetHints":{"allow":["GET"]}}],"collection":[{"href":"https:\/\/phillalpine.com\/de\/wp-json\/wp\/v2\/pages"}],"about":[{"href":"https:\/\/phillalpine.com\/de\/wp-json\/wp\/v2\/types\/page"}],"author":[{"embeddable":true,"href":"https:\/\/phillalpine.com\/de\/wp-json\/wp\/v2\/users\/1"}],"replies":[{"embeddable":true,"href":"https:\/\/phillalpine.com\/de\/wp-json\/wp\/v2\/comments?post=31056"}],"version-history":[{"count":0,"href":"https:\/\/phillalpine.com\/de\/wp-json\/wp\/v2\/pages\/31056\/revisions"}],"wp:attachment":[{"href":"https:\/\/phillalpine.com\/de\/wp-json\/wp\/v2\/media?parent=31056"}],"curies":[{"name":"wp","href":"https:\/\/api.w.org\/{rel}","templated":true}]}}