{"id":31072,"date":"2025-04-21T13:20:41","date_gmt":"2025-04-21T13:20:41","guid":{"rendered":"https:\/\/phillalpine.com\/verkaufen-mit-phillalpine\/"},"modified":"2025-08-12T10:01:16","modified_gmt":"2025-08-12T10:01:16","slug":"verkaufen-mit-phillalpine","status":"publish","type":"page","link":"https:\/\/phillalpine.com\/de\/verkaufen-mit-phillalpine\/","title":{"rendered":"Verkaufen mit PhillAlpine"},"content":{"rendered":"\t\t<div data-elementor-type=\"wp-page\" data-elementor-id=\"31072\" class=\"elementor elementor-31072 elementor-7407\" data-elementor-post-type=\"page\">\n\t\t\t\t<div class=\"elementor-element elementor-element-bcda951 e-flex e-con-boxed e-con e-parent\" data-id=\"bcda951\" data-element_type=\"container\" data-e-type=\"container\">\n\t\t\t\t\t<div class=\"e-con-inner\">\n\t\t\t\t<div class=\"elementor-element elementor-element-9d7121f elementor-widget elementor-widget-text-editor\" data-id=\"9d7121f\" data-element_type=\"widget\" data-e-type=\"widget\" data-widget_type=\"text-editor.default\">\n\t\t\t\t<div class=\"elementor-widget-container\">\n\t\t\t\t\t\t\t\t\t<style>\n.banner-container {\n    background-color: #fff8e1;\n    padding: 60px 35px;\n    text-align: center;\n    font-family: 'Segoe UI', Tahoma, Geneva, Verdana, sans-serif;\n    box-shadow: 0 6px 15px rgba(0, 0, 0, 0.15);\n    max-width: 900px;\n    margin: 0 auto;\n    border-radius: 18px;\n    border: 2px solid #d4af37;\n  }\n  .banner-heading {\n    font-size: 38px;\n    font-weight: bold;\n    color: #d4af37;\n    text-transform: uppercase;\n    letter-spacing: 2px;\n    margin-bottom: 20px;\n    text-shadow: 1px 1px 5px rgba(0, 0, 0, 0.1);\n  }\n  .banner-body {\n    font-size: 20px;\n    color: #666;\n    font-style: italic;\n    line-height: 1.8;\n    max-width: 750px;\n    margin: 0 auto;\n  }\n  .highlight-text {\n    color: #d4af37;\n    font-weight: bold;\n  }\n  .callout-text {\n    font-size: 24px;\n    font-weight: bold;\n    color: #d4af37;\n    margin-top: 35px;\n    letter-spacing: 1.5px;\n  }\n  .assurance-text {\n    font-size: 18px;\n    color: #333;\n    margin-top: 10px;\n  }\n  .cta-button {\n    display: inline-block;\n    background-color: #d4af37;\n    color: #fff;\n    padding: 18px 35px;\n    border-radius: 40px;\n    text-decoration: none;\n    font-size: 20px;\n    font-weight: bold;\n    margin-top: 35px;\n    transition: background-color 0.3s, transform 0.3s;\n  }\n  .cta-button:hover {\n    background-color: #e69700;\n    transform: translateY(-3px);\n  }\n  .cta-button:active {\n    transform: translateY(1px);\n  }\n<\/style>\n\n<div class=\"banner-container\">\n  <h2 class=\"banner-heading\">\ud83d\ude80 Bereit, mit uns zu wachsen?<\/h2>\n  <p class=\"banner-body\">\n    Ob Sie eine <span class=\"highlight-text\">\u00f6sterreichische Marke<\/span> sind, die in den s\u00fcdostasiatischen Markt einsteigen m\u00f6chte, oder ein\n    <span class=\"highlight-text\">philippinischer Produzent<\/span>, der bereit ist, nach Europa zu expandieren \u2014 wir helfen Ihnen, es m\u00f6glich zu machen.\n  <\/p>\n  <p class=\"callout-text\">\ud83d\udce6 Lassen Sie uns gemeinsam kl\u00fcger handeln.<\/p>\n  <p class=\"assurance-text\">Wir melden uns pers\u00f6nlich bei Ihnen und begleiten Sie bei den n\u00e4chsten Schritten.<\/p>\n  <a class=\"cta-button\" href=\"https:\/\/phillalpine.com\/de\/bitte-fuellen-sie-dieses-formular-aus\/\" target=\"_blank\" rel=\"noopener\">Kontaktieren Sie uns<\/a>\n<\/div>\n\t\t\t\t\t\t\t\t<\/div>\n\t\t\t\t<\/div>\n\t\t\t\t\t<\/div>\n\t\t\t\t<\/div>\n\t\t<div class=\"elementor-element elementor-element-3ce4cac e-flex e-con-boxed e-con e-parent\" data-id=\"3ce4cac\" data-element_type=\"container\" data-e-type=\"container\">\n\t\t\t\t\t<div class=\"e-con-inner\">\n\t\t\t\t<div class=\"elementor-element elementor-element-66f2c42 elementor-widget elementor-widget-spacer\" data-id=\"66f2c42\" data-element_type=\"widget\" data-e-type=\"widget\" data-widget_type=\"spacer.default\">\n\t\t\t\t<div class=\"elementor-widget-container\">\n\t\t\t\t\t\t\t<div class=\"elementor-spacer\">\n\t\t\t<div class=\"elementor-spacer-inner\"><\/div>\n\t\t<\/div>\n\t\t\t\t\t\t<\/div>\n\t\t\t\t<\/div>\n\t\t\t\t\t<\/div>\n\t\t\t\t<\/div>\n\t\t<div class=\"elementor-element elementor-element-495ba85 e-flex e-con-boxed e-con e-parent\" data-id=\"495ba85\" data-element_type=\"container\" data-e-type=\"container\">\n\t\t\t\t\t<div class=\"e-con-inner\">\n\t\t\t\t<div class=\"elementor-element elementor-element-f821461 elementor-widget elementor-widget-heading\" data-id=\"f821461\" data-element_type=\"widget\" data-e-type=\"widget\" data-widget_type=\"heading.default\">\n\t\t\t\t<div class=\"elementor-widget-container\">\n\t\t\t\t\t<h2 class=\"elementor-heading-title elementor-size-default\">So funktioniert es \u2013 einfach, schnell und nahtlos<\/h2>\t\t\t\t<\/div>\n\t\t\t\t<\/div>\n\t\t\t\t<div class=\"elementor-element elementor-element-21c4253 elementor-widget-divider--view-line elementor-widget elementor-widget-divider\" data-id=\"21c4253\" data-element_type=\"widget\" data-e-type=\"widget\" data-widget_type=\"divider.default\">\n\t\t\t\t<div class=\"elementor-widget-container\">\n\t\t\t\t\t\t\t<div class=\"elementor-divider\">\n\t\t\t<span class=\"elementor-divider-separator\">\n\t\t\t\t\t\t<\/span>\n\t\t<\/div>\n\t\t\t\t\t\t<\/div>\n\t\t\t\t<\/div>\n\t\t\t\t\t<\/div>\n\t\t\t\t<\/div>\n\t\t<div class=\"elementor-element elementor-element-6f16949 e-flex e-con-boxed e-con e-parent\" data-id=\"6f16949\" data-element_type=\"container\" data-e-type=\"container\">\n\t\t\t\t\t<div class=\"e-con-inner\">\n\t\t\t\t<div class=\"elementor-element elementor-element-8450b93 elementor-widget elementor-widget-text-editor\" data-id=\"8450b93\" data-element_type=\"widget\" data-e-type=\"widget\" data-widget_type=\"text-editor.default\">\n\t\t\t\t<div class=\"elementor-widget-container\">\n\t\t\t\t\t\t\t\t\t<div style=\"border-bottom: 2px solid #f2f2f2; padding-bottom: 20px;\"><h3 style=\"color: #333; font-weight: bold;\">1. \ud83c\udf1f Bewerben Sie sich und erz\u00e4hlen Sie uns von Ihrer Marke<\/h3><p style=\"font-size: 16px; line-height: 1.6; color: #666;\">Beginnen Sie mit dem Teilen Ihres <strong>Produktkatalogs<\/strong>, Ihrer <strong>Gro\u00dfhandelspreise<\/strong> und ein wenig dar\u00fcber, was Ihre Marke auszeichnet. Wir m\u00f6chten Ihre Geschichte erfahren und wie Ihre Produkte auf den Philippinen (oder in \u00d6sterreich) erfolgreich sein werden! <\/p><\/div><div style=\"border-bottom: 2px solid #f2f2f2; padding-bottom: 20px;\"><h3 style=\"color: #333; font-weight: bold;\">2. \ud83d\udd0d Wir pr\u00fcfen und genehmigen<\/h3><p style=\"font-size: 16px; line-height: 1.6; color: #666;\">Wir bewerten Ihre Produkte sorgf\u00e4ltig auf Qualit\u00e4t, Markttauglichkeit und Branding. Wenn alles passt, genehmigen wir Ihre Marke f\u00fcr eine Partnerschaft, und Sie sind einen Schritt n\u00e4her an neuen internationalen M\u00e4rkten! <\/p><\/div><div style=\"border-bottom: 2px solid #f2f2f2; padding-bottom: 20px;\"><h3 style=\"color: #333; font-weight: bold;\">3. \ud83d\ude9a Wir k\u00fcmmern uns um Import, Vertrieb und Marketing<\/h3><p style=\"font-size: 16px; line-height: 1.6; color: #666;\">Wir k\u00fcmmern uns um alles, was Sie brauchen, um Ihre Produkte in die H\u00e4nde der Kunden zu bekommen \u2013 vom <strong>Import<\/strong>, <strong>Versand<\/strong> und <strong>Lagerung<\/strong> bis hin zum <strong>Marketing<\/strong> Ihrer Marke \u00fcber unsere Kan\u00e4le. Lehnen Sie sich zur\u00fcck und entspannen Sie sich, w\u00e4hrend wir die Logistik \u00fcbernehmen. <\/p><\/div><div style=\"border-bottom: 2px solid #f2f2f2; padding-bottom: 20px;\"><h3 style=\"color: #333; font-weight: bold;\">4. <span style=\"color: #222222; letter-spacing: 0px; text-wrap-mode: initial;\">\ud83d\udcb8 <\/span><strong style=\"color: #222222; letter-spacing: 0px; text-wrap-mode: initial;\" data-start=\"146\" data-end=\"182\">wir verkaufen, Sie verdienen \u2013 m\u00fchelos<\/strong><\/h3><p style=\"font-size: 16px; line-height: 1.6; color: #666;\"><span style=\"color: #222222;\">Ihre Produkte verdienen das Rampenlicht \u2013 und wir sorgen daf\u00fcr, dass sie gl\u00e4nzen. Sobald Sie an Bord sind, pr\u00e4sentieren wir Ihre Angebote auf unserer lebendigen Plattform und unserem vertrauensw\u00fcrdigen Einzelhandelsnetzwerk. Jeder Verkauf bringt einen Schritt nach vorne, und Ihre Einnahmen erreichen Sie schnell, sicher und problemlos. Alles, was Sie tun m\u00fcssen, ist, sich auf das zu konzentrieren, was Sie am besten k\u00f6nnen \u2013 Exzellenz schaffen.   <\/span> ob online oder \u00fcber unsere Einzelhandelspartner. Einfach, oder? <\/p><\/div>\t\t\t\t\t\t\t\t<\/div>\n\t\t\t\t<\/div>\n\t\t\t\t\t<\/div>\n\t\t\t\t<\/div>\n\t\t<div class=\"elementor-element elementor-element-1197d3a e-flex e-con-boxed e-con e-parent\" data-id=\"1197d3a\" data-element_type=\"container\" data-e-type=\"container\">\n\t\t\t\t\t<div class=\"e-con-inner\">\n\t\t\t\t<div class=\"elementor-element elementor-element-7c2cdc7 elementor-widget elementor-widget-text-editor\" data-id=\"7c2cdc7\" data-element_type=\"widget\" data-e-type=\"widget\" data-widget_type=\"text-editor.default\">\n\t\t\t\t<div class=\"elementor-widget-container\">\n\t\t\t\t\t\t\t\t\t<div style=\"background-color: #fff8e1; padding: 50px 30px; text-align: center; font-family: 'Segoe UI', Tahoma, Geneva, Verdana, sans-serif; box-shadow: 0 6px 15px rgba(0, 0, 0, 0.1); max-width: 100%; margin: 0 auto; border-radius: 15px; border: 2px solid #d4af37;\"><p><\/p><h2 style=\"font-size: 36px; font-weight: bold; color: #d4af37; text-transform: uppercase; letter-spacing: 2px; margin-bottom: 20px;\">Verkaufen mit PhillAlpine<\/h2><p style=\"font-size: 20px; color: #666; font-style: italic; line-height: 1.8; max-width: 750px; margin: 0 auto;\">Erweitern Sie Ihre Reichweite durch eine Partnerschaft mit PhillAlpine und bringen Sie hochwertige \u00f6sterreichische Produkte auf den florierenden philippinischen Markt.<\/p><p><\/p><div style=\"margin-top: 30px; display: flex; justify-content: center; gap: 20px;\"><div style=\"width: 100px; height: 60px; background-image: url('https:\/\/upload.wikimedia.org\/wikipedia\/commons\/4\/41\/Flag_of_Austria.svg'); background-size: cover; background-position: center; border-radius: 8px; border: 2px solid #d4af37;\"> <\/div><div style=\"width: 100px; height: 60px; background-image: url('https:\/\/upload.wikimedia.org\/wikipedia\/commons\/9\/99\/Flag_of_the_Philippines.svg'); background-size: cover; background-position: center; border-radius: 8px; border: 2px solid #d4af37;\"> <\/div><\/div><p><\/p><p style=\"font-size: 22px; font-weight: bold; color: #d4af37; margin-top: 30px;\">Bereit, der Br\u00fccke beizutreten? <strong style=\"color: #d4af37;\">Lassen Sie uns Gesch\u00e4fte machen!<\/strong><\/p><p><br><a style=\"display: inline-block; background-color: #d4af37; color: #fff; padding: 15px 30px; border-radius: 30px; text-decoration: none; font-size: 18px; font-weight: bold; transition: background-color 0.3s;\" href=\"https:\/\/phillalpine.com\/de\/bitte-fuellen-sie-dieses-formular-aus\/\" target=\"_new\">Jetzt bewerben<\/a><\/p><\/div>\t\t\t\t\t\t\t\t<\/div>\n\t\t\t\t<\/div>\n\t\t\t\t<div class=\"elementor-element elementor-element-a3c9e01 elementor-widget elementor-widget-progress\" data-id=\"a3c9e01\" data-element_type=\"widget\" data-e-type=\"widget\" data-widget_type=\"progress.default\">\n\t\t\t\t<div class=\"elementor-widget-container\">\n\t\t\t\t\t\t\t\t<span class=\"elementor-title\" id=\"elementor-progress-bar-a3c9e01\">\n\t\t\t\tErfolg\t\t\t<\/span>\n\t\t\n\t\t<div aria-labelledby=\"elementor-progress-bar-a3c9e01\" class=\"elementor-progress-wrapper\" role=\"progressbar\" aria-valuemin=\"0\" aria-valuemax=\"100\" aria-valuenow=\"100\" aria-valuetext=\"100% (Fertig!)\">\n\t\t\t<div class=\"elementor-progress-bar\" data-max=\"100\">\n\t\t\t\t<span class=\"elementor-progress-text\">Fertig!<\/span>\n\t\t\t\t\t\t\t\t\t<span class=\"elementor-progress-percentage\">100%<\/span>\n\t\t\t\t\t\t\t<\/div>\n\t\t<\/div>\n\t\t\t\t\t\t<\/div>\n\t\t\t\t<\/div>\n\t\t\t\t\t<\/div>\n\t\t\t\t<\/div>\n\t\t\t\t<\/div>\n\t\t","protected":false},"excerpt":{"rendered":"<p>\ud83d\ude80 Bereit, mit uns zu wachsen? Ob Sie eine \u00f6sterreichische Marke sind, die in den s\u00fcdostasiatischen Markt einsteigen m\u00f6chte, oder ein philippinischer Produzent, der bereit ist, nach Europa zu expandieren \u2014 wir helfen Ihnen, es m\u00f6glich zu machen. \ud83d\udce6 Lassen Sie uns gemeinsam kl\u00fcger handeln. Wir melden uns pers\u00f6nlich bei Ihnen und begleiten Sie bei [&hellip;]<\/p>\n","protected":false},"author":1,"featured_media":0,"parent":0,"menu_order":0,"comment_status":"closed","ping_status":"closed","template":"","meta":{"footnotes":""},"class_list":["post-31072","page","type-page","status-publish","hentry"],"aioseo_notices":[],"_links":{"self":[{"href":"https:\/\/phillalpine.com\/de\/wp-json\/wp\/v2\/pages\/31072","targetHints":{"allow":["GET"]}}],"collection":[{"href":"https:\/\/phillalpine.com\/de\/wp-json\/wp\/v2\/pages"}],"about":[{"href":"https:\/\/phillalpine.com\/de\/wp-json\/wp\/v2\/types\/page"}],"author":[{"embeddable":true,"href":"https:\/\/phillalpine.com\/de\/wp-json\/wp\/v2\/users\/1"}],"replies":[{"embeddable":true,"href":"https:\/\/phillalpine.com\/de\/wp-json\/wp\/v2\/comments?post=31072"}],"version-history":[{"count":0,"href":"https:\/\/phillalpine.com\/de\/wp-json\/wp\/v2\/pages\/31072\/revisions"}],"wp:attachment":[{"href":"https:\/\/phillalpine.com\/de\/wp-json\/wp\/v2\/media?parent=31072"}],"curies":[{"name":"wp","href":"https:\/\/api.w.org\/{rel}","templated":true}]}}