{"id":31112,"date":"2025-05-09T08:27:11","date_gmt":"2025-05-09T08:27:11","guid":{"rendered":"https:\/\/phillalpine.com\/business-partnerschaft-599-monat\/"},"modified":"2025-08-11T08:37:19","modified_gmt":"2025-08-11T08:37:19","slug":"business-partnerschaft-599-monat","status":"publish","type":"page","link":"https:\/\/phillalpine.com\/de\/business-partnerschaft-599-monat\/","title":{"rendered":"Business Partnerschaft \u2013 599 $\/Monat"},"content":{"rendered":"\t\t<div data-elementor-type=\"wp-page\" data-elementor-id=\"31112\" class=\"elementor elementor-31112 elementor-29147\" data-elementor-post-type=\"page\">\n\t\t\t\t<div class=\"elementor-element elementor-element-7c1992b e-flex e-con-boxed e-con e-parent\" data-id=\"7c1992b\" data-element_type=\"container\" data-e-type=\"container\">\n\t\t\t\t\t<div class=\"e-con-inner\">\n\t\t\t\t<div class=\"elementor-element elementor-element-de14fd5 elementor-widget elementor-widget-text-editor\" data-id=\"de14fd5\" data-element_type=\"widget\" data-e-type=\"widget\" data-widget_type=\"text-editor.default\">\n\t\t\t\t<div class=\"elementor-widget-container\">\n\t\t\t\t\t\t\t\t\t<div style=\"border: 2px solid #ddd; border-radius: 20px; padding: 35px; max-width: 700px; margin: 40px auto; background: #ffffff; box-shadow: 0 15px 40px rgba(0,0,0,0.06); font-family: 'Arial', sans-serif;\">\n\n  <h2 style=\"font-size: 30px; color: #1a1a1a; margin-bottom: 5px;\">\ud83e\udd1d Business Partnerschaft<\/h2>\n  <p style=\"font-size: 22px; color: #28a745; font-weight: bold; margin: 0 0 20px;\">599 $ \/ Monat<\/p>\n\n  <p style=\"font-size: 16px; color: #555;\">\n Dieser Premium-Plan wurde f\u00fcr ehrgeizige Marken und wachsende Unternehmen entwickelt und bietet umfassende Unterst\u00fctzung bei der Gesch\u00e4ftsausweitung \u2013 vom Produktexport bis zum Markteintritt. Lassen Sie uns Ihr strategischer Partner f\u00fcr internationales Wachstum sein. \n  <\/p>\n\n  <hr style=\"margin: 25px 0; border-top: 1px solid #eee;\">\n\n  <ul style=\"list-style: none; padding: 0; font-size: 16px; color: #333;\">\n    <li style=\"margin-bottom: 12px;\">\u2714\ufe0f <strong>Business Development Services<\/strong><br> Erhalten Sie individuelle Unterst\u00fctzung f\u00fcr B2B-Networking, Lead-Generierung, Partnerschaftsaufbau und Kanalerweiterung.<\/li>\n\n    <li style=\"margin-bottom: 12px;\">\u2714\ufe0f <strong>Export &amp; Import f\u00fcr bis zu 20 Produkte<\/strong><br> Bewegen Sie eine breite Palette von Waren \u00fcber internationale M\u00e4rkte hinweg mit vollst\u00e4ndiger Compliance und integrierter Skalierbarkeit.<\/li>\n\n    <li style=\"margin-bottom: 12px;\">\u2714\ufe0f <strong>Vollst\u00e4ndige Logistik- und Versandunterst\u00fctzung<\/strong><br> Erhalten Sie praktische Koordination \u00fcber Ihre gesamte Lieferkette hinweg \u2013 von der Beschaffung bis zur Lieferung auf der letzten Meile.<\/li>\n\n    <li style=\"margin-bottom: 12px;\">\u2714\ufe0f <strong>Markteintrittsstrategie &amp; Beratung<\/strong><br> Arbeiten Sie mit erfahrenen Experten zusammen, um die richtigen M\u00e4rkte zu identifizieren, Go-to-Market-Strategien zu entwickeln und kostspielige Fallstricke zu vermeiden.<\/li>\n  <\/ul>\n\n  <p style=\"margin-top: 25px; font-size: 15px; color: #888;\">\n Ideal f\u00fcr Unternehmen, die mit fachkundiger Unterst\u00fctzung in jeder Phase eine langfristige internationale Pr\u00e4senz aufbauen m\u00f6chten.\n  <\/p>\n\n  <a href=\"https:\/\/phillalpine.com\/de\/kontakt\/\" style=\"display: inline-block; margin-top: 30px; padding: 14px 28px; background-color: #28a745; color: #fff; text-decoration: none; border-radius: 8px; font-weight: bold; font-size: 16px;\">\n \ud83e\udd1d Starten Sie eine Partnerschaft\n  <\/a>\n<\/div>\n\t\t\t\t\t\t\t\t<\/div>\n\t\t\t\t<\/div>\n\t\t\t\t\t<\/div>\n\t\t\t\t<\/div>\n\t\t\t\t<\/div>\n\t\t","protected":false},"excerpt":{"rendered":"<p>\ud83e\udd1d Business Partnerschaft 599 $ \/ Monat Dieser Premium-Plan wurde f\u00fcr ehrgeizige Marken und wachsende Unternehmen entwickelt und bietet umfassende Unterst\u00fctzung bei der Gesch\u00e4ftsausweitung \u2013 vom Produktexport bis zum Markteintritt. Lassen Sie uns Ihr strategischer Partner f\u00fcr internationales Wachstum sein. \u2714\ufe0f Business Development Services Erhalten Sie individuelle Unterst\u00fctzung f\u00fcr B2B-Networking, Lead-Generierung, Partnerschaftsaufbau und Kanalerweiterung. \u2714\ufe0f [&hellip;]<\/p>\n","protected":false},"author":1,"featured_media":0,"parent":0,"menu_order":0,"comment_status":"closed","ping_status":"closed","template":"","meta":{"footnotes":""},"class_list":["post-31112","page","type-page","status-publish","hentry"],"aioseo_notices":[],"_links":{"self":[{"href":"https:\/\/phillalpine.com\/de\/wp-json\/wp\/v2\/pages\/31112","targetHints":{"allow":["GET"]}}],"collection":[{"href":"https:\/\/phillalpine.com\/de\/wp-json\/wp\/v2\/pages"}],"about":[{"href":"https:\/\/phillalpine.com\/de\/wp-json\/wp\/v2\/types\/page"}],"author":[{"embeddable":true,"href":"https:\/\/phillalpine.com\/de\/wp-json\/wp\/v2\/users\/1"}],"replies":[{"embeddable":true,"href":"https:\/\/phillalpine.com\/de\/wp-json\/wp\/v2\/comments?post=31112"}],"version-history":[{"count":0,"href":"https:\/\/phillalpine.com\/de\/wp-json\/wp\/v2\/pages\/31112\/revisions"}],"wp:attachment":[{"href":"https:\/\/phillalpine.com\/de\/wp-json\/wp\/v2\/media?parent=31112"}],"curies":[{"name":"wp","href":"https:\/\/api.w.org\/{rel}","templated":true}]}}