{"id":31115,"date":"2025-05-09T08:15:44","date_gmt":"2025-05-09T08:15:44","guid":{"rendered":"https:\/\/phillalpine.com\/export-und-import-starter-199-monat\/"},"modified":"2025-08-11T08:37:19","modified_gmt":"2025-08-11T08:37:19","slug":"export-und-import-starter-199-monat","status":"publish","type":"page","link":"https:\/\/phillalpine.com\/de\/export-und-import-starter-199-monat\/","title":{"rendered":"Export- und Import-Starter \u2013 199 $\/Monat"},"content":{"rendered":"\t\t<div data-elementor-type=\"wp-page\" data-elementor-id=\"31115\" class=\"elementor elementor-31115 elementor-29137\" data-elementor-post-type=\"page\">\n\t\t\t\t<div class=\"elementor-element elementor-element-11ae93e e-flex e-con-boxed e-con e-parent\" data-id=\"11ae93e\" data-element_type=\"container\" data-e-type=\"container\">\n\t\t\t\t\t<div class=\"e-con-inner\">\n\t\t\t\t<div class=\"elementor-element elementor-element-7c33a87 elementor-widget elementor-widget-text-editor\" data-id=\"7c33a87\" data-element_type=\"widget\" data-e-type=\"widget\" data-widget_type=\"text-editor.default\">\n\t\t\t\t<div class=\"elementor-widget-container\">\n\t\t\t\t\t\t\t\t\t<div style=\"border: 2px solid #ddd; border-radius: 20px; padding: 35px; max-width: 700px; margin: 0 auto; background: #ffffff; box-shadow: 0 15px 40px rgba(0,0,0,0.06); font-family: 'Arial', sans-serif;\">\n\n  <h2 style=\"font-size: 30px; color: #1a1a1a; margin-bottom: 5px;\">\ud83c\udf0d Export- und Import-Starter<\/h2>\n  <p style=\"font-size: 22px; color: #28a745; font-weight: bold; margin: 0 0 20px;\">199 $ \/ Monat<\/p>\n\n  <p style=\"font-size: 16px; color: #555;\">\n Machen Sie Ihr Unternehmen bereit f\u00fcr den globalen Handel mit unserem optimierten Starterpaket. Dieser Plan wurde f\u00fcr Unternehmer, kleine Unternehmen und E-Commerce-Verk\u00e4ufer entwickelt und bietet Ihnen die grundlegende Unterst\u00fctzung, die Sie ben\u00f6tigen, um mit dem internationalen Versand zu beginnen \u2013 ohne die Komplexit\u00e4t. \n  <\/p>\n\n  <hr style=\"margin: 25px 0; border-top: 1px solid #eee;\">\n\n  <ul style=\"list-style: none; padding: 0; font-size: 16px; color: #333;\">\n    <li style=\"margin-bottom: 12px;\">\u2714\ufe0f <strong>10 Export- und Import-Sendungen pro Monat<\/strong><br> Bewegen Sie Waren sicher \u00fcber Grenzen hinweg. Wir sorgen daf\u00fcr, dass Ihre Sendungen reibungslos, p\u00fcnktlich und gesetzeskonform sind. <\/li>\n\n    <li style=\"margin-bottom: 12px;\">\u2714\ufe0f <strong>Grundlegende Logistikunterst\u00fctzung<\/strong><br> Unser Team unterst\u00fctzt Sie bei der Dokumentation, der Auswahl des Spediteurs und grundlegenden Zollanfragen, damit Sie sich auf das Wachstum konzentrieren k\u00f6nnen.<\/li>\n\n    <li style=\"margin-bottom: 12px;\">\u2714\ufe0f <strong>E-Commerce-Angebote<\/strong><br> M\u00f6chten Sie, dass Ihre Produkte auf globalen Plattformen sichtbar sind? Wir helfen Ihnen, sie auf Marktpl\u00e4tzen zu listen und sicherzustellen, dass Ihre Angebote f\u00fcr Suche und Konversion optimiert sind. <\/li>\n\n    <li style=\"margin-bottom: 12px;\">\u2714\ufe0f <strong>5 Beratungsstunden<\/strong><br> Nutzen Sie jeden Monat die fachkundige Beratung f\u00fcr Ihre Handelsstrategie, Compliance, Preisgestaltung, Beschaffung und mehr.<\/li>\n  <\/ul>\n\n  <p style=\"margin-top: 25px; font-size: 15px; color: #888;\">\n Ideal f\u00fcr Startups, Einzelunternehmer und wachsende E-Commerce-Marken, die ihre ersten Schritte in die globalen M\u00e4rkte wagen.\n  <\/p>\n\n  <a href=\"https:\/\/phillalpine.com\/de\/kontakt\/\" style=\"display: inline-block; margin-top: 30px; padding: 14px 28px; background-color: #28a745; color: #fff; text-decoration: none; border-radius: 8px; font-weight: bold; font-size: 16px;\">\n \ud83d\ude80 Jetzt loslegen\n  <\/a>\n<\/div>\n\t\t\t\t\t\t\t\t<\/div>\n\t\t\t\t<\/div>\n\t\t\t\t\t<\/div>\n\t\t\t\t<\/div>\n\t\t\t\t<\/div>\n\t\t","protected":false},"excerpt":{"rendered":"<p>\ud83c\udf0d Export- und Import-Starter 199 $ \/ Monat Machen Sie Ihr Unternehmen bereit f\u00fcr den globalen Handel mit unserem optimierten Starterpaket. Dieser Plan wurde f\u00fcr Unternehmer, kleine Unternehmen und E-Commerce-Verk\u00e4ufer entwickelt und bietet Ihnen die grundlegende Unterst\u00fctzung, die Sie ben\u00f6tigen, um mit dem internationalen Versand zu beginnen \u2013 ohne die Komplexit\u00e4t. \u2714\ufe0f 10 Export- und [&hellip;]<\/p>\n","protected":false},"author":1,"featured_media":0,"parent":0,"menu_order":0,"comment_status":"closed","ping_status":"closed","template":"","meta":{"footnotes":""},"class_list":["post-31115","page","type-page","status-publish","hentry"],"aioseo_notices":[],"_links":{"self":[{"href":"https:\/\/phillalpine.com\/de\/wp-json\/wp\/v2\/pages\/31115","targetHints":{"allow":["GET"]}}],"collection":[{"href":"https:\/\/phillalpine.com\/de\/wp-json\/wp\/v2\/pages"}],"about":[{"href":"https:\/\/phillalpine.com\/de\/wp-json\/wp\/v2\/types\/page"}],"author":[{"embeddable":true,"href":"https:\/\/phillalpine.com\/de\/wp-json\/wp\/v2\/users\/1"}],"replies":[{"embeddable":true,"href":"https:\/\/phillalpine.com\/de\/wp-json\/wp\/v2\/comments?post=31115"}],"version-history":[{"count":0,"href":"https:\/\/phillalpine.com\/de\/wp-json\/wp\/v2\/pages\/31115\/revisions"}],"wp:attachment":[{"href":"https:\/\/phillalpine.com\/de\/wp-json\/wp\/v2\/media?parent=31115"}],"curies":[{"name":"wp","href":"https:\/\/api.w.org\/{rel}","templated":true}]}}