{"id":31123,"date":"2025-04-21T18:51:18","date_gmt":"2025-04-21T18:51:18","guid":{"rendered":"https:\/\/phillalpine.com\/staerkere-verbindungen-aufbauen\/"},"modified":"2025-08-12T09:54:42","modified_gmt":"2025-08-12T09:54:42","slug":"staerkere-verbindungen-aufbauen","status":"publish","type":"page","link":"https:\/\/phillalpine.com\/de\/staerkere-verbindungen-aufbauen\/","title":{"rendered":"St\u00e4rkere Verbindungen aufbauen"},"content":{"rendered":"\t\t<div data-elementor-type=\"wp-page\" data-elementor-id=\"31123\" class=\"elementor elementor-31123 elementor-7614\" data-elementor-post-type=\"page\">\n\t\t\t\t<div class=\"elementor-element elementor-element-c3cf6ee e-flex e-con-boxed e-con e-parent\" data-id=\"c3cf6ee\" data-element_type=\"container\" data-e-type=\"container\">\n\t\t\t\t\t<div class=\"e-con-inner\">\n\t\t\t\t<div class=\"elementor-element elementor-element-19ac38e elementor-widget elementor-widget-text-editor\" data-id=\"19ac38e\" data-element_type=\"widget\" data-e-type=\"widget\" data-widget_type=\"text-editor.default\">\n\t\t\t\t<div class=\"elementor-widget-container\">\n\t\t\t\t\t\t\t\t\t<style>\n.boutique-section {\n    background-color: #ffffff;\n    padding: 60px 20px;\n    font-family: 'Segoe UI', Tahoma, Geneva, Verdana, sans-serif;\n    border-radius: 16px;\n    border: 1.5px solid #d4af37;\n    text-align: center;\n    margin-bottom: 40px;\n    max-width: 1000px;\n    margin-left: auto;\n    margin-right: auto;\n}\n.boutique-section h2 {\n    font-size: 32px;\n    font-weight: bold;\n    color: #333;\n    text-transform: uppercase;\n    letter-spacing: 1.5px;\n    margin-top: 15px;\n    margin-bottom: 20px;\n}\n.boutique-section p {\n    font-size: 18px;\n    color: #555;\n    line-height: 1.8;\n    max-width: 750px;\n    margin: 0 auto 30px;\n}\n.boutique-icon {\n    font-size: 60px;\n    color: #d4af37;\n    margin-bottom: 10px;\n}\n.gold-button {\n    display: inline-block;\n    margin-top: 20px;\n    padding: 12px 28px;\n    font-size: 16px;\n    font-weight: 600;\n    color: white;\n    background-color: #d4af37;\n    border-radius: 30px;\n    text-decoration: none;\n    transition: background 0.3s ease;\n}\n.gold-button:hover {\n    background-color: #b8860b;\n}\n.boutique-values ul {\n    list-style-type: none;\n    padding-left: 0;\n    font-size: 18px;\n    color: #444;\n    max-width: 750px;\n    margin: 0 auto;\n    text-align: left;\n}\n.boutique-values li {\n    margin-bottom: 15px;\n}\n@media screen and (max-width: 768px) {\n    .boutique-section {\n      padding: 40px 15px;\n    }\n    .boutique-section h2 {\n      font-size: 28px;\n    }\n    .boutique-section p,\n    .boutique-values ul {\n      font-size: 16px;\n    }\n}\n<\/style>\n\n<section class=\"boutique-section\">\n<div class=\"boutique-icon\">\ud83e\udded<\/div>\n<h2>Gemeinsam st\u00e4rker, weltweit kl\u00fcger<\/h2>\n<span style=\"color: #d4af37;\">\ud83e\udd1d<\/span> Verst\u00e4ndnis f\u00f6rdern und eine bessere Zukunft f\u00fcr alle schaffen.\n\n<a class=\"gold-button\" href=\"https:\/\/phillalpine.com\/de\/kontakt\/\">\ud83d\udce9 Kontaktieren Sie uns<\/a>\n<\/section>\n\n<section class=\"boutique-section\">\n<div class=\"boutique-icon\">\ud83c\udfaf<\/div>\n<h2>Unsere Mission<\/h2>\nIm Mittelpunkt unserer Arbeit steht der Wunsch, Br\u00fccken des Verst\u00e4ndnisses zwischen Menschen, Organisationen und Kulturen zu bauen. Wir glauben, dass st\u00e4rkere Verbindungen zu einer besseren Zukunft f\u00fcr alle f\u00fchren. Durch die F\u00f6rderung von Zusammenarbeit, gegenseitigem Respekt und Offenheit k\u00f6nnen wir eine harmonischere Welt gestalten.\n<\/section>\n\n<section class=\"boutique-section boutique-values\">\n<div class=\"boutique-icon\">\ud83d\udc9b<\/div>\n<h2>Unsere Werte<\/h2>\n<ul>\n \t<li>\ud83e\udd1d <strong>Zusammenarbeit:<\/strong> Gemeinsam f\u00fcr gegenseitiges Wachstum arbeiten.<\/li>\n \t<li>\ud83c\udf0d <strong>Verst\u00e4ndnis:<\/strong> F\u00f6rderung von Bewusstsein und Respekt zwischen Kulturen.<\/li>\n \t<li>\ud83c\udf1f <strong>Erm\u00e4chtigung:<\/strong> Unterst\u00fctzung von Menschen und Gemeinschaften, damit sie gedeihen k\u00f6nnen.<\/li>\n \t<li>\ud83d\udd17 <strong>Innovation:<\/strong> Entwicklung zukunftsorientierter L\u00f6sungen f\u00fcr komplexe Herausforderungen.<\/li>\n<\/ul>\n<\/section>\n\n<section class=\"boutique-section\">\n<div class=\"boutique-icon\">\ud83d\udd0d<\/div>\n<h2>Unser Ansatz<\/h2>\nWir verfolgen einen ganzheitlichen Ansatz beim Aufbau von Verbindungen und konzentrieren uns darauf, dauerhafte Partnerschaften zu schaffen, die Grenzen \u00fcberschreiten und echte Beziehungen f\u00f6rdern. Ob durch unsere Veranstaltungen, Initiativen oder Beratungsleistungen \u2013 wir setzen uns daf\u00fcr ein, einen positiven Einfluss auf die Welt auszu\u00fcben.\n<\/section>\n\n<section style=\"background-color: #333; color: white; text-align: center; padding: 20px; margin-top: 50px;\">\n\u00a9 2025 St\u00e4rkere Verbindungen schaffen |\n<a style=\"color: #d4af37; text-decoration: none; font-weight: bold;\" href=\"https:\/\/phillalpine.com\/contact\/t\">Kontaktieren Sie uns<\/a>\n<\/section>\n\t\t\t\t\t\t\t\t<\/div>\n\t\t\t\t<\/div>\n\t\t\t\t\t<\/div>\n\t\t\t\t<\/div>\n\t\t\t\t<\/div>\n\t\t","protected":false},"excerpt":{"rendered":"<p>\ud83e\udded Gemeinsam st\u00e4rker, weltweit kl\u00fcger \ud83e\udd1d Verst\u00e4ndnis f\u00f6rdern und eine bessere Zukunft f\u00fcr alle schaffen. \ud83d\udce9 Kontaktieren Sie uns \ud83c\udfaf Unsere Mission Im Mittelpunkt unserer Arbeit steht der Wunsch, Br\u00fccken des Verst\u00e4ndnisses zwischen Menschen, Organisationen und Kulturen zu bauen. Wir glauben, dass st\u00e4rkere Verbindungen zu einer besseren Zukunft f\u00fcr alle f\u00fchren. Durch die F\u00f6rderung von [&hellip;]<\/p>\n","protected":false},"author":1,"featured_media":0,"parent":0,"menu_order":0,"comment_status":"closed","ping_status":"closed","template":"","meta":{"footnotes":""},"class_list":["post-31123","page","type-page","status-publish","hentry"],"aioseo_notices":[],"_links":{"self":[{"href":"https:\/\/phillalpine.com\/de\/wp-json\/wp\/v2\/pages\/31123","targetHints":{"allow":["GET"]}}],"collection":[{"href":"https:\/\/phillalpine.com\/de\/wp-json\/wp\/v2\/pages"}],"about":[{"href":"https:\/\/phillalpine.com\/de\/wp-json\/wp\/v2\/types\/page"}],"author":[{"embeddable":true,"href":"https:\/\/phillalpine.com\/de\/wp-json\/wp\/v2\/users\/1"}],"replies":[{"embeddable":true,"href":"https:\/\/phillalpine.com\/de\/wp-json\/wp\/v2\/comments?post=31123"}],"version-history":[{"count":0,"href":"https:\/\/phillalpine.com\/de\/wp-json\/wp\/v2\/pages\/31123\/revisions"}],"wp:attachment":[{"href":"https:\/\/phillalpine.com\/de\/wp-json\/wp\/v2\/media?parent=31123"}],"curies":[{"name":"wp","href":"https:\/\/api.w.org\/{rel}","templated":true}]}}