{"id":32176,"date":"2025-09-30T16:17:11","date_gmt":"2025-09-30T16:17:11","guid":{"rendered":"https:\/\/phillalpine.com\/entdecke-die-philippinen-in-jedem-einzelnen-produkt\/"},"modified":"2025-10-14T14:18:05","modified_gmt":"2025-10-14T14:18:05","slug":"entdecke-die-philippinen-in-jedem-einzelnen-produkt","status":"publish","type":"page","link":"https:\/\/phillalpine.com\/de\/entdecke-die-philippinen-in-jedem-einzelnen-produkt\/","title":{"rendered":"Entdecke die Philippinen in jedem einzelnen Produkt"},"content":{"rendered":"\t\t<div data-elementor-type=\"wp-page\" data-elementor-id=\"32176\" class=\"elementor elementor-32176 elementor-32048\" data-elementor-post-type=\"page\">\n\t\t\t\t\t\t<section class=\"elementor-section elementor-top-section elementor-element elementor-element-88d8192 homepage-features elementor-section-boxed elementor-section-height-default elementor-section-height-default\" data-id=\"88d8192\" data-element_type=\"section\" data-e-type=\"section\">\n\t\t\t\t\t\t<div class=\"elementor-container elementor-column-gap-default\">\n\t\t\t\t\t<div class=\"elementor-column elementor-col-33 elementor-top-column elementor-element elementor-element-19e5609\" data-id=\"19e5609\" data-element_type=\"column\" data-e-type=\"column\">\n\t\t\t<div class=\"elementor-widget-wrap elementor-element-populated\">\n\t\t\t\t\t\t<div class=\"elementor-element elementor-element-30b1c94 image-feature elementor-widget elementor-widget-image\" data-id=\"30b1c94\" data-element_type=\"widget\" data-e-type=\"widget\" data-widget_type=\"image.default\">\n\t\t\t\t<div class=\"elementor-widget-container\">\n\t\t\t\t\t\t\t\t\t\t\t\t<figure class=\"wp-caption\">\n\t\t\t\t\t\t\t\t\t\t\t<a href=\"https:\/\/phillalpine.com\/de\/produkt-kategorie\/philippinische-produkte\/snack-auf-pinoy-art\/\" aria-label=\"Men&#039;s Shirts\">\n\t\t\t\t\t\t\t<img fetchpriority=\"high\" decoding=\"async\" width=\"2560\" height=\"1280\" src=\"https:\/\/phillalpine.com\/wp-content\/uploads\/2025\/09\/Colorful-Dark-Vibrant-Bold-Illustrative-Snacks-Food-Now-Open-Convenience-Store-Banner-1-1-scaled.png\" class=\"attachment-full size-full wp-image-32090\" alt=\"Snack Pinoy Style\" srcset=\"https:\/\/phillalpine.com\/wp-content\/uploads\/2025\/09\/Colorful-Dark-Vibrant-Bold-Illustrative-Snacks-Food-Now-Open-Convenience-Store-Banner-1-1-scaled.png 2560w, https:\/\/phillalpine.com\/wp-content\/uploads\/2025\/09\/Colorful-Dark-Vibrant-Bold-Illustrative-Snacks-Food-Now-Open-Convenience-Store-Banner-1-1-300x150.png 300w, https:\/\/phillalpine.com\/wp-content\/uploads\/2025\/09\/Colorful-Dark-Vibrant-Bold-Illustrative-Snacks-Food-Now-Open-Convenience-Store-Banner-1-1-1024x512.png 1024w, https:\/\/phillalpine.com\/wp-content\/uploads\/2025\/09\/Colorful-Dark-Vibrant-Bold-Illustrative-Snacks-Food-Now-Open-Convenience-Store-Banner-1-1-768x384.png 768w, https:\/\/phillalpine.com\/wp-content\/uploads\/2025\/09\/Colorful-Dark-Vibrant-Bold-Illustrative-Snacks-Food-Now-Open-Convenience-Store-Banner-1-1-1536x768.png 1536w, https:\/\/phillalpine.com\/wp-content\/uploads\/2025\/09\/Colorful-Dark-Vibrant-Bold-Illustrative-Snacks-Food-Now-Open-Convenience-Store-Banner-1-1-2048x1024.png 2048w, https:\/\/phillalpine.com\/wp-content\/uploads\/2025\/09\/Colorful-Dark-Vibrant-Bold-Illustrative-Snacks-Food-Now-Open-Convenience-Store-Banner-1-1-990x495.png 990w, https:\/\/phillalpine.com\/wp-content\/uploads\/2025\/09\/Colorful-Dark-Vibrant-Bold-Illustrative-Snacks-Food-Now-Open-Convenience-Store-Banner-1-1-441x221.png 441w, https:\/\/phillalpine.com\/wp-content\/uploads\/2025\/09\/Colorful-Dark-Vibrant-Bold-Illustrative-Snacks-Food-Now-Open-Convenience-Store-Banner-1-1-800x400.png 800w, https:\/\/phillalpine.com\/wp-content\/uploads\/2025\/09\/Colorful-Dark-Vibrant-Bold-Illustrative-Snacks-Food-Now-Open-Convenience-Store-Banner-1-1-150x75.png 150w\" sizes=\"(max-width: 2560px) 100vw, 2560px\" \/>\t\t\t\t\t\t\t\t<\/a>\n\t\t\t\t\t\t\t\t\t\t\t<figcaption class=\"widget-image-caption wp-caption-text\"><strong>Pinoy-Snacks, ganz nach philippinischer Art<\/strong><span>Jetzt kaufen<\/span><\/figcaption>\n\t\t\t\t\t\t\t\t\t\t<\/figure>\n\t\t\t\t\t\t\t\t\t<\/div>\n\t\t\t\t<\/div>\n\t\t\t\t\t<\/div>\n\t\t<\/div>\n\t\t\t\t<div class=\"elementor-column elementor-col-33 elementor-top-column elementor-element elementor-element-9449c97\" data-id=\"9449c97\" data-element_type=\"column\" data-e-type=\"column\">\n\t\t\t<div class=\"elementor-widget-wrap elementor-element-populated\">\n\t\t\t\t\t\t<div class=\"elementor-element elementor-element-3020ff2 image-feature elementor-widget elementor-widget-image\" data-id=\"3020ff2\" data-element_type=\"widget\" data-e-type=\"widget\" data-widget_type=\"image.default\">\n\t\t\t\t<div class=\"elementor-widget-container\">\n\t\t\t\t\t\t\t\t\t\t\t\t<figure class=\"wp-caption\">\n\t\t\t\t\t\t\t\t\t\t\t<a href=\"https:\/\/phillalpine.com\/de\/produkt-kategorie\/philippinische-produkte\/tropische-fruchtschaetze\/\" aria-label=\"Holiday Style\">\n\t\t\t\t\t\t\t<img decoding=\"async\" src=\"https:\/\/phillalpine.com\/wp-content\/uploads\/2025\/09\/Summer-Travel-Tropical-Beach-Instagram-Post-2.png\" class=\"attachment-full size-full wp-image-31907\" alt=\"\" sizes=\"\" \/>\t\t\t\t\t\t\t\t<\/a>\n\t\t\t\t\t\t\t\t\t\t\t<figcaption class=\"widget-image-caption wp-caption-text\"> <strong>Der tropischen Fr\u00fcchte<\/strong><span>Jetzt kaufen<\/span><\/figcaption>\n\t\t\t\t\t\t\t\t\t\t<\/figure>\n\t\t\t\t\t\t\t\t\t<\/div>\n\t\t\t\t<\/div>\n\t\t\t\t\t<\/div>\n\t\t<\/div>\n\t\t\t\t<div class=\"elementor-column elementor-col-33 elementor-top-column elementor-element elementor-element-a137b80\" data-id=\"a137b80\" data-element_type=\"column\" data-e-type=\"column\">\n\t\t\t<div class=\"elementor-widget-wrap elementor-element-populated\">\n\t\t\t\t\t\t<div class=\"elementor-element elementor-element-5d14a99 image-feature elementor-widget__width-initial elementor-widget elementor-widget-image\" data-id=\"5d14a99\" data-element_type=\"widget\" data-e-type=\"widget\" data-widget_type=\"image.default\">\n\t\t\t\t<div class=\"elementor-widget-container\">\n\t\t\t\t\t\t\t\t\t\t\t\t<figure class=\"wp-caption\">\n\t\t\t\t\t\t\t\t\t\t\t<a href=\"https:\/\/phillalpine.com\/de\/produkt-kategorie\/philippinische-produkte\/pinoy-kaffeemischung\/\" aria-label=\"Winter Jackets\">\n\t\t\t\t\t\t\t<img decoding=\"async\" width=\"960\" height=\"720\" src=\"https:\/\/phillalpine.com\/wp-content\/uploads\/2025\/04\/Source_coffee_beans_from_different_countries_-_Green_coffee_beans_have_yet_to_be_roasted_2017_03_07_18_13_36.jpeg\" class=\"attachment-full size-full wp-image-30594\" alt=\"Coffee\" srcset=\"https:\/\/phillalpine.com\/wp-content\/uploads\/2025\/04\/Source_coffee_beans_from_different_countries_-_Green_coffee_beans_have_yet_to_be_roasted_2017_03_07_18_13_36.jpeg 960w, https:\/\/phillalpine.com\/wp-content\/uploads\/2025\/04\/Source_coffee_beans_from_different_countries_-_Green_coffee_beans_have_yet_to_be_roasted_2017_03_07_18_13_36-300x225.jpeg 300w, https:\/\/phillalpine.com\/wp-content\/uploads\/2025\/04\/Source_coffee_beans_from_different_countries_-_Green_coffee_beans_have_yet_to_be_roasted_2017_03_07_18_13_36-768x576.jpeg 768w, https:\/\/phillalpine.com\/wp-content\/uploads\/2025\/04\/Source_coffee_beans_from_different_countries_-_Green_coffee_beans_have_yet_to_be_roasted_2017_03_07_18_13_36-441x331.jpeg 441w, https:\/\/phillalpine.com\/wp-content\/uploads\/2025\/04\/Source_coffee_beans_from_different_countries_-_Green_coffee_beans_have_yet_to_be_roasted_2017_03_07_18_13_36-800x600.jpeg 800w, https:\/\/phillalpine.com\/wp-content\/uploads\/2025\/04\/Source_coffee_beans_from_different_countries_-_Green_coffee_beans_have_yet_to_be_roasted_2017_03_07_18_13_36-150x113.jpeg 150w\" sizes=\"(max-width: 960px) 100vw, 960px\" \/>\t\t\t\t\t\t\t\t<\/a>\n\t\t\t\t\t\t\t\t\t\t\t<figcaption class=\"widget-image-caption wp-caption-text\"><strong>Pinoy Kaffeemischung<\/strong><em><\/em><span>Jetzt kaufen<\/span><\/figcaption>\n\t\t\t\t\t\t\t\t\t\t<\/figure>\n\t\t\t\t\t\t\t\t\t<\/div>\n\t\t\t\t<\/div>\n\t\t\t\t\t<\/div>\n\t\t<\/div>\n\t\t\t\t\t<\/div>\n\t\t<\/section>\n\t\t\t\t<section class=\"elementor-section elementor-top-section elementor-element elementor-element-a9a9196 homepage-features elementor-section-boxed elementor-section-height-default elementor-section-height-default\" data-id=\"a9a9196\" data-element_type=\"section\" data-e-type=\"section\">\n\t\t\t\t\t\t<div class=\"elementor-container elementor-column-gap-default\">\n\t\t\t\t\t<div class=\"elementor-column elementor-col-33 elementor-top-column elementor-element elementor-element-1d67350\" data-id=\"1d67350\" data-element_type=\"column\" data-e-type=\"column\">\n\t\t\t<div class=\"elementor-widget-wrap elementor-element-populated\">\n\t\t\t\t\t\t<div class=\"elementor-element elementor-element-13b3874 image-feature elementor-widget elementor-widget-image\" data-id=\"13b3874\" data-element_type=\"widget\" data-e-type=\"widget\" data-widget_type=\"image.default\">\n\t\t\t\t<div class=\"elementor-widget-container\">\n\t\t\t\t\t\t\t\t\t\t\t\t<figure class=\"wp-caption\">\n\t\t\t\t\t\t\t\t\t\t\t<a href=\"https:\/\/phillalpine.com\/de\/produkt-kategorie\/philippinische-produkte\/nudelzeit-nach-pinoy-art\/\" aria-label=\"Men&#039;s Shirts\">\n\t\t\t\t\t\t\t<img decoding=\"async\" width=\"640\" height=\"360\" src=\"https:\/\/phillalpine.com\/wp-content\/uploads\/2025\/04\/Best-Instant-Noodles.jpg\" class=\"attachment-full size-full wp-image-30596\" alt=\"lucky me\" srcset=\"https:\/\/phillalpine.com\/wp-content\/uploads\/2025\/04\/Best-Instant-Noodles.jpg 640w, https:\/\/phillalpine.com\/wp-content\/uploads\/2025\/04\/Best-Instant-Noodles-300x169.jpg 300w, https:\/\/phillalpine.com\/wp-content\/uploads\/2025\/04\/Best-Instant-Noodles-441x248.jpg 441w, https:\/\/phillalpine.com\/wp-content\/uploads\/2025\/04\/Best-Instant-Noodles-150x84.jpg 150w\" sizes=\"(max-width: 640px) 100vw, 640px\" \/>\t\t\t\t\t\t\t\t<\/a>\n\t\t\t\t\t\t\t\t\t\t\t<figcaption class=\"widget-image-caption wp-caption-text\"><strong>Nudelzeit nach Pinoy-Art<\/strong><em><\/em><span>Jetzt kaufen<\/span><\/figcaption>\n\t\t\t\t\t\t\t\t\t\t<\/figure>\n\t\t\t\t\t\t\t\t\t<\/div>\n\t\t\t\t<\/div>\n\t\t\t\t\t<\/div>\n\t\t<\/div>\n\t\t\t\t<div class=\"elementor-column elementor-col-33 elementor-top-column elementor-element elementor-element-4568c49\" data-id=\"4568c49\" data-element_type=\"column\" data-e-type=\"column\">\n\t\t\t<div class=\"elementor-widget-wrap elementor-element-populated\">\n\t\t\t\t\t\t<div class=\"elementor-element elementor-element-9d85599 image-feature elementor-widget elementor-widget-image\" data-id=\"9d85599\" data-element_type=\"widget\" data-e-type=\"widget\" data-widget_type=\"image.default\">\n\t\t\t\t<div class=\"elementor-widget-container\">\n\t\t\t\t\t\t\t\t\t\t\t\t<figure class=\"wp-caption\">\n\t\t\t\t\t\t\t\t\t\t\t<a href=\"https:\/\/phillalpine.com\/de\/produkt-kategorie\/philippinische-produkte\/suesse-knusprige-pinoy-leckereien\/\" aria-label=\"Holiday Style\">\n\t\t\t\t\t\t\t<img loading=\"lazy\" decoding=\"async\" width=\"1920\" height=\"1080\" src=\"https:\/\/phillalpine.com\/wp-content\/uploads\/2025\/09\/Filipino-Breads-and-Pastries-Educational-Presentation-in-Brown-and-Yellow-Illustrative-Style-3.png\" class=\"attachment-full size-full wp-image-32020\" alt=\"Biskwit Pinoy Style\" sizes=\"\" \/>\t\t\t\t\t\t\t\t<\/a>\n\t\t\t\t\t\t\t\t\t\t\t<figcaption class=\"widget-image-caption wp-caption-text\"> <strong> Pinoy Crunch &amp; S\u00fc\u00dfigkeiten <\/strong><em><\/em><span>Jetzt kaufen<\/span><\/figcaption>\n\t\t\t\t\t\t\t\t\t\t<\/figure>\n\t\t\t\t\t\t\t\t\t<\/div>\n\t\t\t\t<\/div>\n\t\t\t\t\t<\/div>\n\t\t<\/div>\n\t\t\t\t<div class=\"elementor-column elementor-col-33 elementor-top-column elementor-element elementor-element-a6ea0ef\" data-id=\"a6ea0ef\" data-element_type=\"column\" data-e-type=\"column\">\n\t\t\t<div class=\"elementor-widget-wrap elementor-element-populated\">\n\t\t\t\t\t\t<div class=\"elementor-element elementor-element-74b4f89 image-feature elementor-widget__width-initial elementor-widget elementor-widget-image\" data-id=\"74b4f89\" data-element_type=\"widget\" data-e-type=\"widget\" data-widget_type=\"image.default\">\n\t\t\t\t<div class=\"elementor-widget-container\">\n\t\t\t\t\t\t\t\t\t\t\t\t<figure class=\"wp-caption\">\n\t\t\t\t\t\t\t\t\t\t\t<a href=\"https:\/\/phillalpine.com\/de\/produkt-kategorie\/philippinische-produkte\/die-pinoy-kuechenmagie\/\" aria-label=\"Winter Jackets\">\n\t\t\t\t\t\t\t<img loading=\"lazy\" decoding=\"async\" width=\"1920\" height=\"1080\" src=\"https:\/\/phillalpine.com\/wp-content\/uploads\/2025\/09\/Colorful-Kitchen-Condiments-Picture-Description-Presentation-1-3.png\" class=\"attachment-full size-full wp-image-32013\" alt=\"The Pinoy Kitchen Magic\" srcset=\"https:\/\/phillalpine.com\/wp-content\/uploads\/2025\/09\/Colorful-Kitchen-Condiments-Picture-Description-Presentation-1-3.png 1920w, https:\/\/phillalpine.com\/wp-content\/uploads\/2025\/09\/Colorful-Kitchen-Condiments-Picture-Description-Presentation-1-3-300x169.png 300w, https:\/\/phillalpine.com\/wp-content\/uploads\/2025\/09\/Colorful-Kitchen-Condiments-Picture-Description-Presentation-1-3-1024x576.png 1024w, https:\/\/phillalpine.com\/wp-content\/uploads\/2025\/09\/Colorful-Kitchen-Condiments-Picture-Description-Presentation-1-3-768x432.png 768w, https:\/\/phillalpine.com\/wp-content\/uploads\/2025\/09\/Colorful-Kitchen-Condiments-Picture-Description-Presentation-1-3-1536x864.png 1536w, https:\/\/phillalpine.com\/wp-content\/uploads\/2025\/09\/Colorful-Kitchen-Condiments-Picture-Description-Presentation-1-3-990x557.png 990w, https:\/\/phillalpine.com\/wp-content\/uploads\/2025\/09\/Colorful-Kitchen-Condiments-Picture-Description-Presentation-1-3-441x248.png 441w, https:\/\/phillalpine.com\/wp-content\/uploads\/2025\/09\/Colorful-Kitchen-Condiments-Picture-Description-Presentation-1-3-800x450.png 800w, https:\/\/phillalpine.com\/wp-content\/uploads\/2025\/09\/Colorful-Kitchen-Condiments-Picture-Description-Presentation-1-3-150x84.png 150w\" sizes=\"(max-width: 1920px) 100vw, 1920px\" \/>\t\t\t\t\t\t\t\t<\/a>\n\t\t\t\t\t\t\t\t\t\t\t<figcaption class=\"widget-image-caption wp-caption-text\"> <em><\/em> <strong>Die Pinoy-K\u00fcchenmagie<\/strong><span>Jetzt kaufen<\/span><\/figcaption>\n\t\t\t\t\t\t\t\t\t\t<\/figure>\n\t\t\t\t\t\t\t\t\t<\/div>\n\t\t\t\t<\/div>\n\t\t\t\t\t<\/div>\n\t\t<\/div>\n\t\t\t\t\t<\/div>\n\t\t<\/section>\n\t\t\t\t<section class=\"elementor-section elementor-top-section elementor-element elementor-element-cee2803 homepage-features elementor-section-boxed elementor-section-height-default elementor-section-height-default\" data-id=\"cee2803\" data-element_type=\"section\" data-e-type=\"section\">\n\t\t\t\t\t\t<div class=\"elementor-container elementor-column-gap-default\">\n\t\t\t\t\t<div class=\"elementor-column elementor-col-33 elementor-top-column elementor-element elementor-element-a99448c\" data-id=\"a99448c\" data-element_type=\"column\" data-e-type=\"column\">\n\t\t\t<div class=\"elementor-widget-wrap elementor-element-populated\">\n\t\t\t\t\t\t<div class=\"elementor-element elementor-element-b36089a image-feature elementor-widget elementor-widget-image\" data-id=\"b36089a\" data-element_type=\"widget\" data-e-type=\"widget\" data-widget_type=\"image.default\">\n\t\t\t\t<div class=\"elementor-widget-container\">\n\t\t\t\t\t\t\t\t\t\t\t\t<figure class=\"wp-caption\">\n\t\t\t\t\t\t\t\t\t\t\t<a href=\"https:\/\/phillalpine.com\/de\/produkt-kategorie\/philippinische-produkte\/strahle-mit-pinoy-pflege\/\" aria-label=\"Men&#039;s Shirts\">\n\t\t\t\t\t\t\t<img loading=\"lazy\" decoding=\"async\" width=\"1920\" height=\"1080\" src=\"https:\/\/phillalpine.com\/wp-content\/uploads\/2025\/09\/Beige-and-Green-Modern-Beauty-Product-Presentation.png\" class=\"attachment-full size-full wp-image-32026\" alt=\"Glow with Pinoy Care\" srcset=\"https:\/\/phillalpine.com\/wp-content\/uploads\/2025\/09\/Beige-and-Green-Modern-Beauty-Product-Presentation.png 1920w, https:\/\/phillalpine.com\/wp-content\/uploads\/2025\/09\/Beige-and-Green-Modern-Beauty-Product-Presentation-300x169.png 300w, https:\/\/phillalpine.com\/wp-content\/uploads\/2025\/09\/Beige-and-Green-Modern-Beauty-Product-Presentation-1024x576.png 1024w, https:\/\/phillalpine.com\/wp-content\/uploads\/2025\/09\/Beige-and-Green-Modern-Beauty-Product-Presentation-768x432.png 768w, https:\/\/phillalpine.com\/wp-content\/uploads\/2025\/09\/Beige-and-Green-Modern-Beauty-Product-Presentation-1536x864.png 1536w, https:\/\/phillalpine.com\/wp-content\/uploads\/2025\/09\/Beige-and-Green-Modern-Beauty-Product-Presentation-990x557.png 990w, https:\/\/phillalpine.com\/wp-content\/uploads\/2025\/09\/Beige-and-Green-Modern-Beauty-Product-Presentation-441x248.png 441w, https:\/\/phillalpine.com\/wp-content\/uploads\/2025\/09\/Beige-and-Green-Modern-Beauty-Product-Presentation-800x450.png 800w, https:\/\/phillalpine.com\/wp-content\/uploads\/2025\/09\/Beige-and-Green-Modern-Beauty-Product-Presentation-150x84.png 150w\" sizes=\"(max-width: 1920px) 100vw, 1920px\" \/>\t\t\t\t\t\t\t\t<\/a>\n\t\t\t\t\t\t\t\t\t\t\t<figcaption class=\"widget-image-caption wp-caption-text\"><strong>Glow mit Pinoy Care<\/strong><em><\/em><span>Jetzt kaufen<\/span><\/figcaption>\n\t\t\t\t\t\t\t\t\t\t<\/figure>\n\t\t\t\t\t\t\t\t\t<\/div>\n\t\t\t\t<\/div>\n\t\t\t\t\t<\/div>\n\t\t<\/div>\n\t\t\t\t<div class=\"elementor-column elementor-col-33 elementor-top-column elementor-element elementor-element-606c3af\" data-id=\"606c3af\" data-element_type=\"column\" data-e-type=\"column\">\n\t\t\t<div class=\"elementor-widget-wrap elementor-element-populated\">\n\t\t\t\t\t\t<div class=\"elementor-element elementor-element-74dc694 image-feature elementor-widget elementor-widget-image\" data-id=\"74dc694\" data-element_type=\"widget\" data-e-type=\"widget\" data-widget_type=\"image.default\">\n\t\t\t\t<div class=\"elementor-widget-container\">\n\t\t\t\t\t\t\t\t\t\t\t\t<figure class=\"wp-caption\">\n\t\t\t\t\t\t\t\t\t\t\t<a href=\"https:\/\/phillalpine.com\/de\/produkt-kategorie\/philippinische-produkte\/pinoy-handwerkskunst\/\" aria-label=\"Holiday Style\">\n\t\t\t\t\t\t\t<img loading=\"lazy\" decoding=\"async\" width=\"2560\" height=\"1280\" src=\"https:\/\/phillalpine.com\/wp-content\/uploads\/2025\/09\/Orange-Rustic-Sari-Sari-Store-Banner-2-scaled.png\" class=\"attachment-full size-full wp-image-32024\" alt=\"\u201cAuthentic. Handmade. Proudly Pinoy.\u201d \ud83c\uddf5\ud83c\udded\" srcset=\"https:\/\/phillalpine.com\/wp-content\/uploads\/2025\/09\/Orange-Rustic-Sari-Sari-Store-Banner-2-scaled.png 2560w, https:\/\/phillalpine.com\/wp-content\/uploads\/2025\/09\/Orange-Rustic-Sari-Sari-Store-Banner-2-300x150.png 300w, https:\/\/phillalpine.com\/wp-content\/uploads\/2025\/09\/Orange-Rustic-Sari-Sari-Store-Banner-2-1024x512.png 1024w, https:\/\/phillalpine.com\/wp-content\/uploads\/2025\/09\/Orange-Rustic-Sari-Sari-Store-Banner-2-768x384.png 768w, https:\/\/phillalpine.com\/wp-content\/uploads\/2025\/09\/Orange-Rustic-Sari-Sari-Store-Banner-2-1536x768.png 1536w, https:\/\/phillalpine.com\/wp-content\/uploads\/2025\/09\/Orange-Rustic-Sari-Sari-Store-Banner-2-2048x1024.png 2048w, https:\/\/phillalpine.com\/wp-content\/uploads\/2025\/09\/Orange-Rustic-Sari-Sari-Store-Banner-2-990x495.png 990w, https:\/\/phillalpine.com\/wp-content\/uploads\/2025\/09\/Orange-Rustic-Sari-Sari-Store-Banner-2-441x221.png 441w, https:\/\/phillalpine.com\/wp-content\/uploads\/2025\/09\/Orange-Rustic-Sari-Sari-Store-Banner-2-800x400.png 800w, https:\/\/phillalpine.com\/wp-content\/uploads\/2025\/09\/Orange-Rustic-Sari-Sari-Store-Banner-2-150x75.png 150w\" sizes=\"(max-width: 2560px) 100vw, 2560px\" \/>\t\t\t\t\t\t\t\t<\/a>\n\t\t\t\t\t\t\t\t\t\t\t<figcaption class=\"widget-image-caption wp-caption-text\"> <strong> Echt. Handgemacht. Stolz Pinoy. <\/strong><em><\/em><span>Jetzt kaufen<\/span><\/figcaption>\n\t\t\t\t\t\t\t\t\t\t<\/figure>\n\t\t\t\t\t\t\t\t\t<\/div>\n\t\t\t\t<\/div>\n\t\t\t\t\t<\/div>\n\t\t<\/div>\n\t\t\t\t<div class=\"elementor-column elementor-col-33 elementor-top-column elementor-element elementor-element-29d4ee7\" data-id=\"29d4ee7\" data-element_type=\"column\" data-e-type=\"column\">\n\t\t\t<div class=\"elementor-widget-wrap elementor-element-populated\">\n\t\t\t\t\t\t<div class=\"elementor-element elementor-element-0af91ea image-feature elementor-widget__width-initial elementor-widget elementor-widget-image\" data-id=\"0af91ea\" data-element_type=\"widget\" data-e-type=\"widget\" data-widget_type=\"image.default\">\n\t\t\t\t<div class=\"elementor-widget-container\">\n\t\t\t\t\t\t\t\t\t\t\t\t<figure class=\"wp-caption\">\n\t\t\t\t\t\t\t\t\t\t\t<a href=\"https:\/\/phillalpine.com\/de\/produkt-kategorie\/philippinische-produkte\/insel-frische-dosenfruechte-saefte\/\" aria-label=\"Winter Jackets\">\n\t\t\t\t\t\t\t<img loading=\"lazy\" decoding=\"async\" width=\"1080\" height=\"1080\" src=\"https:\/\/phillalpine.com\/wp-content\/uploads\/2025\/09\/orange-Special-Summer-fresh-juice-Instagram-post-2.png\" class=\"attachment-full size-full wp-image-32036\" alt=\"Island Fresh: Canned Fruits &amp; Juices\" srcset=\"https:\/\/phillalpine.com\/wp-content\/uploads\/2025\/09\/orange-Special-Summer-fresh-juice-Instagram-post-2.png 1080w, https:\/\/phillalpine.com\/wp-content\/uploads\/2025\/09\/orange-Special-Summer-fresh-juice-Instagram-post-2-300x300.png 300w, https:\/\/phillalpine.com\/wp-content\/uploads\/2025\/09\/orange-Special-Summer-fresh-juice-Instagram-post-2-1024x1024.png 1024w, https:\/\/phillalpine.com\/wp-content\/uploads\/2025\/09\/orange-Special-Summer-fresh-juice-Instagram-post-2-150x150.png 150w, https:\/\/phillalpine.com\/wp-content\/uploads\/2025\/09\/orange-Special-Summer-fresh-juice-Instagram-post-2-768x768.png 768w, https:\/\/phillalpine.com\/wp-content\/uploads\/2025\/09\/orange-Special-Summer-fresh-juice-Instagram-post-2-990x990.png 990w, https:\/\/phillalpine.com\/wp-content\/uploads\/2025\/09\/orange-Special-Summer-fresh-juice-Instagram-post-2-441x441.png 441w, https:\/\/phillalpine.com\/wp-content\/uploads\/2025\/09\/orange-Special-Summer-fresh-juice-Instagram-post-2-100x100.png 100w, https:\/\/phillalpine.com\/wp-content\/uploads\/2025\/09\/orange-Special-Summer-fresh-juice-Instagram-post-2-800x800.png 800w\" sizes=\"(max-width: 1080px) 100vw, 1080px\" \/>\t\t\t\t\t\t\t\t<\/a>\n\t\t\t\t\t\t\t\t\t\t\t<figcaption class=\"widget-image-caption wp-caption-text\"><strong>Insel-Frische: Dosenfr\u00fcchte &amp; S\u00e4fte <\/strong><em><\/em> <span>Jetzt kaufen<\/span><\/figcaption>\n\t\t\t\t\t\t\t\t\t\t<\/figure>\n\t\t\t\t\t\t\t\t\t<\/div>\n\t\t\t\t<\/div>\n\t\t\t\t\t<\/div>\n\t\t<\/div>\n\t\t\t\t\t<\/div>\n\t\t<\/section>\n\t\t\t\t<\/div>\n\t\t","protected":false},"excerpt":{"rendered":"<p>Pinoy-Snacks, ganz nach philippinischer ArtJetzt kaufen Der tropischen Fr\u00fcchteJetzt kaufen Pinoy KaffeemischungJetzt kaufen Nudelzeit nach Pinoy-ArtJetzt kaufen Pinoy Crunch &amp; S\u00fc\u00dfigkeiten Jetzt kaufen Die Pinoy-K\u00fcchenmagieJetzt kaufen Glow mit Pinoy CareJetzt kaufen Echt. Handgemacht. Stolz Pinoy. Jetzt kaufen Insel-Frische: Dosenfr\u00fcchte &amp; S\u00e4fte Jetzt kaufen<\/p>\n","protected":false},"author":2,"featured_media":0,"parent":0,"menu_order":0,"comment_status":"closed","ping_status":"closed","template":"","meta":{"footnotes":""},"class_list":["post-32176","page","type-page","status-publish","hentry"],"aioseo_notices":[],"_links":{"self":[{"href":"https:\/\/phillalpine.com\/de\/wp-json\/wp\/v2\/pages\/32176","targetHints":{"allow":["GET"]}}],"collection":[{"href":"https:\/\/phillalpine.com\/de\/wp-json\/wp\/v2\/pages"}],"about":[{"href":"https:\/\/phillalpine.com\/de\/wp-json\/wp\/v2\/types\/page"}],"author":[{"embeddable":true,"href":"https:\/\/phillalpine.com\/de\/wp-json\/wp\/v2\/users\/2"}],"replies":[{"embeddable":true,"href":"https:\/\/phillalpine.com\/de\/wp-json\/wp\/v2\/comments?post=32176"}],"version-history":[{"count":15,"href":"https:\/\/phillalpine.com\/de\/wp-json\/wp\/v2\/pages\/32176\/revisions"}],"predecessor-version":[{"id":32624,"href":"https:\/\/phillalpine.com\/de\/wp-json\/wp\/v2\/pages\/32176\/revisions\/32624"}],"wp:attachment":[{"href":"https:\/\/phillalpine.com\/de\/wp-json\/wp\/v2\/media?parent=32176"}],"curies":[{"name":"wp","href":"https:\/\/api.w.org\/{rel}","templated":true}]}}