{"id":32762,"date":"2025-10-22T12:27:26","date_gmt":"2025-10-22T12:27:26","guid":{"rendered":"https:\/\/phillalpine.com\/%f0%9f%91%9c-details-zur-pandan-tasche\/"},"modified":"2025-10-23T10:23:49","modified_gmt":"2025-10-23T10:23:49","slug":"%f0%9f%91%9c-details-zur-pandan-tasche","status":"publish","type":"page","link":"https:\/\/phillalpine.com\/de\/%f0%9f%91%9c-details-zur-pandan-tasche\/","title":{"rendered":"\ud83d\udc5c Details zur Pandan-Tasche"},"content":{"rendered":"\t\t<div data-elementor-type=\"wp-page\" data-elementor-id=\"32762\" class=\"elementor elementor-32762 elementor-32670\" data-elementor-post-type=\"page\">\n\t\t\t\t<div class=\"elementor-element elementor-element-aefb06b e-flex e-con-boxed e-con e-parent\" data-id=\"aefb06b\" data-element_type=\"container\" data-e-type=\"container\">\n\t\t\t\t\t<div class=\"e-con-inner\">\n\t\t\t\t<div class=\"elementor-element elementor-element-deff92a elementor-position-top elementor-widget elementor-widget-image-box\" data-id=\"deff92a\" data-element_type=\"widget\" data-e-type=\"widget\" data-widget_type=\"image-box.default\">\n\t\t\t\t<div class=\"elementor-widget-container\">\n\t\t\t\t\t<div class=\"elementor-image-box-wrapper\"><figure class=\"elementor-image-box-img\"><img fetchpriority=\"high\" decoding=\"async\" width=\"960\" height=\"1280\" src=\"https:\/\/phillalpine.com\/wp-content\/uploads\/2025\/10\/Chottola.jpg\" class=\"attachment-full size-full wp-image-32729\" alt=\"Pandan tree\" srcset=\"https:\/\/phillalpine.com\/wp-content\/uploads\/2025\/10\/Chottola.jpg 960w, https:\/\/phillalpine.com\/wp-content\/uploads\/2025\/10\/Chottola-225x300.jpg 225w, https:\/\/phillalpine.com\/wp-content\/uploads\/2025\/10\/Chottola-768x1024.jpg 768w, https:\/\/phillalpine.com\/wp-content\/uploads\/2025\/10\/Chottola-441x588.jpg 441w, https:\/\/phillalpine.com\/wp-content\/uploads\/2025\/10\/Chottola-300x400.jpg 300w, https:\/\/phillalpine.com\/wp-content\/uploads\/2025\/10\/Chottola-800x1067.jpg 800w, https:\/\/phillalpine.com\/wp-content\/uploads\/2025\/10\/Chottola-150x200.jpg 150w\" sizes=\"(max-width: 960px) 100vw, 960px\" \/><\/figure><div class=\"elementor-image-box-content\"><h3 class=\"elementor-image-box-title\">DAS PANDAN-BLATT<\/h3><p class=\"elementor-image-box-description\">\n\ud83c\udf3f Inspiriert von der Natur, handgefertigt\n\nAus echten Pandanbl\u00e4ttern, einer tropischen Pflanze, die f\u00fcr ihren frischen Duft und ihre Kraft bekannt ist, wird jede Tasche von philippinischen Kunsthandwerkern mit Sorgfalt und Tradition handgewebt.\n\nLeicht, langlebig und umweltfreundlich \u2013 das Pandangewebe verleiht ihm eine nat\u00fcrliche Eleganz, die perfekt zu jedem modernen, nachhaltigen Lebensstil passt.\n\n\u2728 Von tropischen Wurzeln bis hin zu europ\u00e4ischem Charme \u2013 wo Handwerkskunst auf bewusstes Leben trifft.<\/p><\/div><\/div>\t\t\t\t<\/div>\n\t\t\t\t<\/div>\n\t\t\t\t\t<\/div>\n\t\t\t\t<\/div>\n\t\t<div class=\"elementor-element elementor-element-d6e8418 e-grid e-con-boxed e-con e-parent\" data-id=\"d6e8418\" data-element_type=\"container\" data-e-type=\"container\">\n\t\t\t\t\t<div class=\"e-con-inner\">\n\t\t\t\t<div class=\"elementor-element elementor-element-e752b3f elementor-widget elementor-widget-text-editor\" data-id=\"e752b3f\" data-element_type=\"widget\" data-e-type=\"widget\" data-widget_type=\"text-editor.default\">\n\t\t\t\t<div class=\"elementor-widget-container\">\n\t\t\t\t\t\t\t\t\t<p>Dieses wundersch\u00f6ne St\u00fcck wird von lokalen Handwerkern aus l\u00e4ndlichen Gemeinden auf den Philippinen liebevoll handgefertigt und besteht aus <strong data-start=\"459\" data-end=\"482\">getrockneten Pandanbl\u00e4ttern<\/strong>, <strong data-start=\"484\" data-end=\"499\">Abaca-Bindfaden<\/strong> und <strong data-start=\"505\" data-end=\"522\">Bambusfutter<\/strong>, die durch traditionelle Techniken, die seit Generationen weitergegeben werden, miteinander verwoben werden. \ud83c\udf3f<\/p><p>Jeder Strang wird sorgf\u00e4ltig vorbereitet \u2013 sonnengetrocknet, weich und gekonnt handgewebt \u2013 um eine Textur zu erzeugen, die von Natur aus langlebig, leicht und sch\u00f6n rustikal ist. Keine Tasche gleicht der anderen, was jedes St\u00fcck zu einem echten Unikat macht. \ud83d\udc9b<\/p>\t\t\t\t\t\t\t\t<\/div>\n\t\t\t\t<\/div>\n\t\t\t\t<div class=\"elementor-element elementor-element-ff545f0 elementor-widget elementor-widget-image\" data-id=\"ff545f0\" data-element_type=\"widget\" data-e-type=\"widget\" data-widget_type=\"image.default\">\n\t\t\t\t<div class=\"elementor-widget-container\">\n\t\t\t\t\t\t\t\t\t\t\t\t\t\t\t<img decoding=\"async\" width=\"1000\" height=\"667\" src=\"https:\/\/phillalpine.com\/wp-content\/uploads\/2025\/10\/pandan.jpg\" class=\"attachment-large size-large wp-image-32732\" alt=\"Pandan leaf\" srcset=\"https:\/\/phillalpine.com\/wp-content\/uploads\/2025\/10\/pandan.jpg 1000w, https:\/\/phillalpine.com\/wp-content\/uploads\/2025\/10\/pandan-300x200.jpg 300w, https:\/\/phillalpine.com\/wp-content\/uploads\/2025\/10\/pandan-768x512.jpg 768w, https:\/\/phillalpine.com\/wp-content\/uploads\/2025\/10\/pandan-990x660.jpg 990w, https:\/\/phillalpine.com\/wp-content\/uploads\/2025\/10\/pandan-441x294.jpg 441w, https:\/\/phillalpine.com\/wp-content\/uploads\/2025\/10\/pandan-800x534.jpg 800w, https:\/\/phillalpine.com\/wp-content\/uploads\/2025\/10\/pandan-150x100.jpg 150w\" sizes=\"(max-width: 1000px) 100vw, 1000px\" \/>\t\t\t\t\t\t\t\t\t\t\t\t\t\t\t<\/div>\n\t\t\t\t<\/div>\n\t\t\t\t\t<\/div>\n\t\t\t\t<\/div>\n\t\t<div class=\"elementor-element elementor-element-e13236d e-flex e-con-boxed e-con e-parent\" data-id=\"e13236d\" data-element_type=\"container\" data-e-type=\"container\">\n\t\t\t\t\t<div class=\"e-con-inner\">\n\t\t\t\t<div class=\"elementor-element elementor-element-0e80669 elementor-widget-divider--view-line elementor-widget elementor-widget-divider\" data-id=\"0e80669\" data-element_type=\"widget\" data-e-type=\"widget\" data-widget_type=\"divider.default\">\n\t\t\t\t<div class=\"elementor-widget-container\">\n\t\t\t\t\t\t\t<div class=\"elementor-divider\">\n\t\t\t<span class=\"elementor-divider-separator\">\n\t\t\t\t\t\t<\/span>\n\t\t<\/div>\n\t\t\t\t\t\t<\/div>\n\t\t\t\t<\/div>\n\t\t\t\t\t<\/div>\n\t\t\t\t<\/div>\n\t\t<div class=\"elementor-element elementor-element-012a038 e-grid e-con-boxed e-con e-parent\" data-id=\"012a038\" data-element_type=\"container\" data-e-type=\"container\">\n\t\t\t\t\t<div class=\"e-con-inner\">\n\t\t\t\t<div class=\"elementor-element elementor-element-df1a746 elementor-widget elementor-widget-image\" data-id=\"df1a746\" data-element_type=\"widget\" data-e-type=\"widget\" data-widget_type=\"image.default\">\n\t\t\t\t<div class=\"elementor-widget-container\">\n\t\t\t\t\t\t\t\t\t\t\t\t\t\t\t\t<a href=\"https:\/\/phillalpine.com\/product\/pandan-bag\/\">\n\t\t\t\t\t\t\t<img decoding=\"async\" width=\"1024\" height=\"1024\" src=\"https:\/\/phillalpine.com\/wp-content\/uploads\/2025\/10\/Beige-Brown-Modern-Hand-Bag-Facebook-Ad-3-1024x1024.png\" class=\"attachment-large size-large wp-image-32693\" alt=\"Pandan Bag\" srcset=\"https:\/\/phillalpine.com\/wp-content\/uploads\/2025\/10\/Beige-Brown-Modern-Hand-Bag-Facebook-Ad-3-1024x1024.png 1024w, https:\/\/phillalpine.com\/wp-content\/uploads\/2025\/10\/Beige-Brown-Modern-Hand-Bag-Facebook-Ad-3-300x300.png 300w, https:\/\/phillalpine.com\/wp-content\/uploads\/2025\/10\/Beige-Brown-Modern-Hand-Bag-Facebook-Ad-3-150x150.png 150w, https:\/\/phillalpine.com\/wp-content\/uploads\/2025\/10\/Beige-Brown-Modern-Hand-Bag-Facebook-Ad-3-768x768.png 768w, https:\/\/phillalpine.com\/wp-content\/uploads\/2025\/10\/Beige-Brown-Modern-Hand-Bag-Facebook-Ad-3-990x990.png 990w, https:\/\/phillalpine.com\/wp-content\/uploads\/2025\/10\/Beige-Brown-Modern-Hand-Bag-Facebook-Ad-3-441x441.png 441w, https:\/\/phillalpine.com\/wp-content\/uploads\/2025\/10\/Beige-Brown-Modern-Hand-Bag-Facebook-Ad-3-100x100.png 100w, https:\/\/phillalpine.com\/wp-content\/uploads\/2025\/10\/Beige-Brown-Modern-Hand-Bag-Facebook-Ad-3-800x800.png 800w, https:\/\/phillalpine.com\/wp-content\/uploads\/2025\/10\/Beige-Brown-Modern-Hand-Bag-Facebook-Ad-3.png 1080w\" sizes=\"(max-width: 1024px) 100vw, 1024px\" \/>\t\t\t\t\t\t\t\t<\/a>\n\t\t\t\t\t\t\t\t\t\t\t\t\t\t\t<\/div>\n\t\t\t\t<\/div>\n\t\t\t\t<div class=\"elementor-element elementor-element-55861d9 elementor-widget elementor-widget-text-editor\" data-id=\"55861d9\" data-element_type=\"widget\" data-e-type=\"widget\" data-widget_type=\"text-editor.default\">\n\t\t\t\t<div class=\"elementor-widget-container\">\n\t\t\t\t\t\t\t\t\t<p data-start=\"190\" data-end=\"253\"> <\/p><p data-start=\"190\" data-end=\"253\"> <\/p><p data-start=\"190\" data-end=\"253\"> <\/p><p data-start=\"190\" data-end=\"253\">\ud83c\udf3e <strong data-start=\"193\" data-end=\"245\">Ein St\u00fcck der Philippinen, handgewebt mit Herz<\/strong> \ud83c\uddf5\ud83c\udded\u2728<\/p><p data-start=\"255\" data-end=\"603\">Jede <strong data-start=\"260\" data-end=\"279\">Pandan-Handtasche<\/strong> tr\u00e4gt mehr als nur Ihre wichtigsten Utensilien \u2013 sie tr\u00e4gt eine Geschichte.<\/p><p data-start=\"848\" data-end=\"1053\">Wenn Sie diese Tasche tragen, nehmen Sie nicht nur ein einheimisches Design an \u2013 Sie unterst\u00fctzen die philippinische Handwerkskunst, st\u00e4rken lokale Familien und tragen dazu bei, eine Tradition zu bewahren, die tief in unserer Kultur verwurzelt ist. \ud83c\udf3a<\/p><p data-start=\"1055\" data-end=\"1192\">\ud83d\udc5c  <strong data-start=\"1058\" data-end=\"1137\">Limitierte Auflage. 100% Handarbeit. Hergestellt aus Pandanbl\u00e4ttern, Abaca und Bambus.  <\/strong><br data-start=\"1137\" data-end=\"1140\">\u2728  <em data-start=\"1142\" data-end=\"1190\">Tragen Sie eine Geschichte. Tragen Sie die Philippinen mit sich. <\/em><\/p>\t\t\t\t\t\t\t\t<\/div>\n\t\t\t\t<\/div>\n\t\t\t\t\t<\/div>\n\t\t\t\t<\/div>\n\t\t<div class=\"elementor-element elementor-element-b829f5e e-flex e-con-boxed e-con e-parent\" data-id=\"b829f5e\" data-element_type=\"container\" data-e-type=\"container\">\n\t\t\t\t\t<div class=\"e-con-inner\">\n\t\t<div class=\"elementor-element elementor-element-47bce8b e-con-full e-flex e-con e-child\" data-id=\"47bce8b\" data-element_type=\"container\" data-e-type=\"container\">\n\t\t\t\t<div class=\"elementor-element elementor-element-a87ba2e elementor-widget elementor-widget-text-editor\" data-id=\"a87ba2e\" data-element_type=\"widget\" data-e-type=\"widget\" data-widget_type=\"text-editor.default\">\n\t\t\t\t<div class=\"elementor-widget-container\">\n\t\t\t\t\t\t\t\t\t<h3 data-start=\"161\" data-end=\"207\"> <\/h3><h3 data-start=\"161\" data-end=\"207\"> <\/h3><h3 data-start=\"161\" data-end=\"207\"><strong data-start=\"168\" data-end=\"205\">Limitierte Auflage \u2013 Pandan Handtasche<\/strong><\/h3><p data-start=\"209\" data-end=\"532\">Trage ein St\u00fcck der Philippinen bei dir.<br data-start=\"251\" data-end=\"254\">Diese handgefertigte, einheimische Tasche wird liebevoll von lokalen Kunsthandwerker:innen aus l\u00e4ndlichen Gemeinden hergestellt.<br>Verwendet werden 100 % nat\u00fcrliche Pandanbl\u00e4tter, die sorgf\u00e4ltig getrocknet, in feine Streifen geschnitten und von Hand verflochten werden. Jede Naht erz\u00e4hlt eine Geschichte von Tradition, Geduld und Stolz \u2013 und macht jede Tasche zu einem echten Unikat.<\/p><p data-start=\"534\" data-end=\"694\">Perfekt f\u00fcr den t\u00e4glichen Gebrauch oder als tropischer Akzent zu Ihrem Outfit, vereint diese Tasche <strong data-start=\"624\" data-end=\"669\">philippinisches Erbe und nachhaltige Mode<\/strong> in einem eleganten Design.<\/p><p data-start=\"534\" data-end=\"694\"> <\/p>\t\t\t\t\t\t\t\t<\/div>\n\t\t\t\t<\/div>\n\t\t\t\t<\/div>\n\t\t<div class=\"elementor-element elementor-element-8cfd24e e-con-full e-flex e-con e-child\" data-id=\"8cfd24e\" data-element_type=\"container\" data-e-type=\"container\">\n\t\t\t\t<div class=\"elementor-element elementor-element-4d2ba71 elementor-widget elementor-widget-image\" data-id=\"4d2ba71\" data-element_type=\"widget\" data-e-type=\"widget\" data-widget_type=\"image.default\">\n\t\t\t\t<div class=\"elementor-widget-container\">\n\t\t\t\t\t\t\t\t\t\t\t\t\t\t\t\t<a href=\"https:\/\/phillalpine.com\/product\/pandan-bag\/\">\n\t\t\t\t\t\t\t<img loading=\"lazy\" decoding=\"async\" width=\"1024\" height=\"1024\" src=\"https:\/\/phillalpine.com\/wp-content\/uploads\/2025\/10\/Pinkish-Tan-Brown-Minimalist-Pandan-Hand-Bag-For-Sale-Instagram-Post-1-1.png\" class=\"attachment-large size-large wp-image-32691\" alt=\"Pandan Bag\" sizes=\"\" \/>\t\t\t\t\t\t\t\t<\/a>\n\t\t\t\t\t\t\t\t\t\t\t\t\t\t\t<\/div>\n\t\t\t\t<\/div>\n\t\t\t\t<\/div>\n\t\t\t\t\t<\/div>\n\t\t\t\t<\/div>\n\t\t<div class=\"elementor-element elementor-element-61fa5f9 e-flex e-con-boxed e-con e-parent\" data-id=\"61fa5f9\" data-element_type=\"container\" data-e-type=\"container\">\n\t\t\t\t\t<div class=\"e-con-inner\">\n\t\t<div class=\"elementor-element elementor-element-0088009 e-con-full e-flex e-con e-child\" data-id=\"0088009\" data-element_type=\"container\" data-e-type=\"container\">\n\t\t\t\t<div class=\"elementor-element elementor-element-cba0a96 elementor-grid-1 elementor-product-loop-item--align-center elementor-widget__width-initial elementor-grid-tablet-3 elementor-grid-mobile-2 elementor-products-grid elementor-wc-products elementor-widget elementor-widget-woocommerce-products\" data-id=\"cba0a96\" data-element_type=\"widget\" data-e-type=\"widget\" data-widget_type=\"woocommerce-products.default\">\n\t\t\t\t<div class=\"elementor-widget-container\">\n\t\t\t\t\t<div class=\"woocommerce columns-1 \"><ul class=\"products elementor-grid columns-1\">\n<li class=\"product type-product post-32777 status-publish first outofstock product_cat-philippinische-produkte product_cat-pinoy-handwerkskunst has-post-thumbnail taxable shipping-taxable product-type-variable cgkit-swatch-hover\">\n\t<div class=\"commercekit-wishlist mini\" data-product-id=\"32766\"><a href=\"#\" class=\"commercekit-save-wishlist\" data-product-id=\"32766\" data-type=\"list\" title=\"Wunschliste\" aria-label=\"Wunschliste\"><em class=\"cg-wishlist\"><\/em><span><\/span><\/a><\/div><a href=\"https:\/\/phillalpine.com\/de\/produkt\/pandan-tasche-2\/\" class=\"woocommerce-LoopProduct-link woocommerce-loop-product__link\"><div class=\"woocommerce-image__wrapper\"><a href=\"https:\/\/phillalpine.com\/de\/produkt\/pandan-tasche-2\/\" title=\"Pandan-Tasche\" class=\"woocommerce-LoopProduct-link woocommerce-loop-product__link\">\t\t\t<span class=\"product-out-of-stock\"><em>Nicht vorr\u00e4tig<\/em><\/span>\n\t\t\t<div class=\"shoptimizer-plp-carousel-container\"><div class=\"shoptimizer-plp-image-wrapper\"><img loading=\"lazy\" decoding=\"async\" width=\"300\" height=\"300\" src=\"https:\/\/phillalpine.com\/wp-content\/uploads\/2025\/10\/Black-and-White-Modern-Minimalist-Bottle-Mockup-Beauty-Hair-Instagram-Post-2025-10-23T171215.608.png\" class=\"attachment-woocommerce_thumbnail size-woocommerce_thumbnail\" alt=\"Pandan-Tasche\" sizes=\"(max-width: 360px) 147px, \" \/><img loading=\"lazy\" decoding=\"async\" width=\"300\" height=\"300\" src=\"https:\/\/phillalpine.com\/wp-content\/uploads\/2025\/10\/Black-and-White-Modern-Minimalist-Bottle-Mockup-Beauty-Hair-Instagram-Post-2025-10-23T171410.783-300x300.png\" class=\"gallery-image\" alt=\"Pandan-Tasche\" loading=\"lazy\" srcset=\"https:\/\/phillalpine.com\/wp-content\/uploads\/2025\/10\/Black-and-White-Modern-Minimalist-Bottle-Mockup-Beauty-Hair-Instagram-Post-2025-10-23T171410.783-300x300.png 300w, https:\/\/phillalpine.com\/wp-content\/uploads\/2025\/10\/Black-and-White-Modern-Minimalist-Bottle-Mockup-Beauty-Hair-Instagram-Post-2025-10-23T171410.783-1024x1024.png 1024w, https:\/\/phillalpine.com\/wp-content\/uploads\/2025\/10\/Black-and-White-Modern-Minimalist-Bottle-Mockup-Beauty-Hair-Instagram-Post-2025-10-23T171410.783-150x150.png 150w, https:\/\/phillalpine.com\/wp-content\/uploads\/2025\/10\/Black-and-White-Modern-Minimalist-Bottle-Mockup-Beauty-Hair-Instagram-Post-2025-10-23T171410.783-768x768.png 768w, https:\/\/phillalpine.com\/wp-content\/uploads\/2025\/10\/Black-and-White-Modern-Minimalist-Bottle-Mockup-Beauty-Hair-Instagram-Post-2025-10-23T171410.783-990x990.png 990w, https:\/\/phillalpine.com\/wp-content\/uploads\/2025\/10\/Black-and-White-Modern-Minimalist-Bottle-Mockup-Beauty-Hair-Instagram-Post-2025-10-23T171410.783-441x441.png 441w, https:\/\/phillalpine.com\/wp-content\/uploads\/2025\/10\/Black-and-White-Modern-Minimalist-Bottle-Mockup-Beauty-Hair-Instagram-Post-2025-10-23T171410.783-100x100.png 100w, https:\/\/phillalpine.com\/wp-content\/uploads\/2025\/10\/Black-and-White-Modern-Minimalist-Bottle-Mockup-Beauty-Hair-Instagram-Post-2025-10-23T171410.783-800x800.png 800w, https:\/\/phillalpine.com\/wp-content\/uploads\/2025\/10\/Black-and-White-Modern-Minimalist-Bottle-Mockup-Beauty-Hair-Instagram-Post-2025-10-23T171410.783.png 1080w\" sizes=\"auto, (max-width: 360px) 147px, auto, (max-width: 300px) 100vw, 300px\" \/>\t\t\t\n\t<\/div><\/div><\/a><div class=\"shoptimizer-plp-carousel--pagination\">\n      \t\t\t<span class=\"shoptimizer-plp-carousel--dot active\"><\/span>\n      \t\t\t<span class=\"shoptimizer-plp-carousel--dot\"><\/span>\n    \t\t<\/div><\/div><div class=\"woocommerce-card__header\">\t\t\t\t\t<p class=\"product__categories\"><a href=\"https:\/\/phillalpine.com\/de\/produkt-kategorie\/philippinische-produkte\/\" rel=\"tag\">Philippinische Produkte<\/a>, <a href=\"https:\/\/phillalpine.com\/de\/produkt-kategorie\/philippinische-produkte\/pinoy-handwerkskunst\/\" rel=\"tag\">Pinoy-Handwerkskunst<\/a><\/p>\t\t\t\t<div class=\"woocommerce-loop-product__title\"><a tabindex=\"0\" href=\"https:\/\/phillalpine.com\/de\/produkt\/pandan-tasche-2\/\" aria-label=\"Pandan-Tasche\" class=\"woocommerce-LoopProduct-link woocommerce-loop-product__link\">Pandan-Tasche<\/a><\/div><div class=\"cgkit-as-variation-price \">\n\t<span class=\"price\"><span class=\"wcpbc-price wcpbc-price-32777\" data-product-id=\"32777\"><span class=\"woocommerce-Price-amount amount\" aria-hidden=\"true\"><bdi>4,99&nbsp;<span class=\"woocommerce-Price-currencySymbol\">&euro;<\/span><\/bdi><\/span> <span aria-hidden=\"true\"> \u2013 <\/span> <span class=\"woocommerce-Price-amount amount\" aria-hidden=\"true\"><bdi>8,82&nbsp;<span class=\"woocommerce-Price-currencySymbol\">&euro;<\/span><\/bdi><\/span><span class=\"screen-reader-text\">Preisspanne: 4,99&nbsp;&euro; bis 8,82&nbsp;&euro;<\/span><\/span><\/span>\n<\/div><\/a><a href=\"https:\/\/phillalpine.com\/de\/produkt\/pandan-tasche-2\/\" aria-describedby=\"woocommerce_loop_add_to_cart_link_describedby_32777\" data-quantity=\"1\" class=\"button product_type_variable\" data-product_id=\"32777\" data-product_sku=\"\" aria-label=\"W\u00e4hle Optionen f\u00fcr \u201ePandan-Tasche\u201c\" rel=\"nofollow\">Benachrichtigen<\/a>\t<span id=\"woocommerce_loop_add_to_cart_link_describedby_32777\" class=\"screen-reader-text\">\n\t\t\t<\/span>\n<\/div><\/li>\n<\/ul>\n<\/div>\t\t\t\t<\/div>\n\t\t\t\t<\/div>\n\t\t\t\t<\/div>\n\t\t<div class=\"elementor-element elementor-element-a0de4f8 e-con-full e-flex e-con e-child\" data-id=\"a0de4f8\" data-element_type=\"container\" data-e-type=\"container\">\n\t\t\t\t<div class=\"elementor-element elementor-element-15b8724 elementor-widget elementor-widget-text-editor\" data-id=\"15b8724\" data-element_type=\"widget\" data-e-type=\"widget\" data-widget_type=\"text-editor.default\">\n\t\t\t\t<div class=\"elementor-widget-container\">\n\t\t\t\t\t\t\t\t\t<h3 data-start=\"158\" data-end=\"207\"><br \/>\ud83c\udf38 <strong data-start=\"165\" data-end=\"205\">Produktempfehlungen \u2013 Pandan Handtasche<\/strong><\/h3><ul data-start=\"209\" data-end=\"796\"><li data-start=\"209\" data-end=\"314\"><p data-start=\"211\" data-end=\"314\">\ud83c\udf3f <strong data-start=\"214\" data-end=\"227\">Material:<\/strong> 100% nat\u00fcrliche <strong data-start=\"241\" data-end=\"258\">Pandanbl\u00e4tter<\/strong>, handgewebt mit <strong data-start=\"275\" data-end=\"290\">Abaca-Bindfaden<\/strong> und <strong data-start=\"295\" data-end=\"312\">Bambusfutter<\/strong><\/p><\/li><li data-start=\"315\" data-end=\"413\"><p data-start=\"317\" data-end=\"413\">\ud83e\uddfa <strong data-start=\"320\" data-end=\"338\">Handwerkskunst:<\/strong> Handgefertigt von <strong data-start=\"351\" data-end=\"369\">lokalen Handwerkern<\/strong> aus l\u00e4ndlichen Gemeinden auf den Philippinen<\/p><\/li><li data-start=\"414\" data-end=\"505\"><p data-start=\"416\" data-end=\"505\">\ud83d\udc9b <strong data-start=\"419\" data-end=\"436\">Umweltfreundlich:<\/strong> Nachhaltig, biologisch abbaubar und aus nachwachsenden Naturfasern hergestellt<\/p><\/li><li data-start=\"506\" data-end=\"611\"><p data-start=\"508\" data-end=\"611\">\ud83d\udc5c <strong data-start=\"511\" data-end=\"523\">Qualit\u00e4t:<\/strong> Leicht und dennoch strapazierf\u00e4hig \u2013 perfekt f\u00fcr den t\u00e4glichen Gebrauch oder einen tropischen Touch f\u00fcr Ihr Outfit<\/p><\/li><li data-start=\"612\" data-end=\"694\"><p data-start=\"614\" data-end=\"694\">\u2728 <strong data-start=\"616\" data-end=\"627\">Design:<\/strong> Jedes St\u00fcck ist <strong data-start=\"642\" data-end=\"652\">ein Unikat<\/strong> und spiegelt die authentische philippinische Kunst wider<\/p><\/li><li data-start=\"695\" data-end=\"796\"><p data-start=\"697\" data-end=\"796\">\ud83c\udf0e <strong data-start=\"700\" data-end=\"712\">Zweck:<\/strong> Jeder Kauf <strong data-start=\"728\" data-end=\"758\">unterst\u00fctzt die lokalen Gemeinschaften<\/strong> und h\u00e4lt die traditionelle Webkunst am Leben<\/p><p data-start=\"575\" data-end=\"599\">\ud83d\udccf <strong data-start=\"578\" data-end=\"597\">Verf\u00fcgbare Gr\u00f6\u00dfe:<\/strong><\/p><ul data-start=\"600\" data-end=\"645\"><li data-start=\"600\" data-end=\"622\"><p data-start=\"602\" data-end=\"622\">12 x 5 x 12 Zoll<\/p><\/li><li data-start=\"623\" data-end=\"645\"><p data-start=\"625\" data-end=\"645\">10 x 5 x 10 Zoll<\/p><\/li><\/ul><\/li><\/ul>\t\t\t\t\t\t\t\t<\/div>\n\t\t\t\t<\/div>\n\t\t\t\t<\/div>\n\t\t\t\t\t<\/div>\n\t\t\t\t<\/div>\n\t\t<div class=\"elementor-element elementor-element-35406f2 e-flex e-con-boxed e-con e-parent\" data-id=\"35406f2\" data-element_type=\"container\" data-e-type=\"container\">\n\t\t\t\t\t<div class=\"e-con-inner\">\n\t\t\t\t<div class=\"elementor-element elementor-element-b58b604 elementor-widget elementor-widget-text-editor\" data-id=\"b58b604\" data-element_type=\"widget\" data-e-type=\"widget\" data-widget_type=\"text-editor.default\">\n\t\t\t\t<div class=\"elementor-widget-container\">\n\t\t\t\t\t\t\t\t\t<h3 data-start=\"158\" data-end=\"207\">&#8222;Mit Liebe handgefertigt, von der Natur inspiriert.&#8220;<\/h3>\t\t\t\t\t\t\t\t<\/div>\n\t\t\t\t<\/div>\n\t\t\t\t\t<\/div>\n\t\t\t\t<\/div>\n\t\t\t\t<\/div>\n\t\t","protected":false},"excerpt":{"rendered":"<p>DAS PANDAN-BLATT \ud83c\udf3f Inspiriert von der Natur, handgefertigt Aus echten Pandanbl\u00e4ttern, einer tropischen Pflanze, die f\u00fcr ihren frischen Duft und ihre Kraft bekannt ist, wird jede Tasche von philippinischen Kunsthandwerkern mit Sorgfalt und Tradition handgewebt. Leicht, langlebig und umweltfreundlich \u2013 das Pandangewebe verleiht ihm eine nat\u00fcrliche Eleganz, die perfekt zu jedem modernen, nachhaltigen Lebensstil passt. [&hellip;]<\/p>\n","protected":false},"author":2,"featured_media":0,"parent":0,"menu_order":0,"comment_status":"closed","ping_status":"closed","template":"","meta":{"footnotes":""},"class_list":["post-32762","page","type-page","status-publish","hentry"],"aioseo_notices":[],"_links":{"self":[{"href":"https:\/\/phillalpine.com\/de\/wp-json\/wp\/v2\/pages\/32762","targetHints":{"allow":["GET"]}}],"collection":[{"href":"https:\/\/phillalpine.com\/de\/wp-json\/wp\/v2\/pages"}],"about":[{"href":"https:\/\/phillalpine.com\/de\/wp-json\/wp\/v2\/types\/page"}],"author":[{"embeddable":true,"href":"https:\/\/phillalpine.com\/de\/wp-json\/wp\/v2\/users\/2"}],"replies":[{"embeddable":true,"href":"https:\/\/phillalpine.com\/de\/wp-json\/wp\/v2\/comments?post=32762"}],"version-history":[{"count":11,"href":"https:\/\/phillalpine.com\/de\/wp-json\/wp\/v2\/pages\/32762\/revisions"}],"predecessor-version":[{"id":32809,"href":"https:\/\/phillalpine.com\/de\/wp-json\/wp\/v2\/pages\/32762\/revisions\/32809"}],"wp:attachment":[{"href":"https:\/\/phillalpine.com\/de\/wp-json\/wp\/v2\/media?parent=32762"}],"curies":[{"name":"wp","href":"https:\/\/api.w.org\/{rel}","templated":true}]}}