{"id":31020,"date":"2025-03-10T06:57:04","date_gmt":"2025-03-10T06:57:04","guid":{"rendered":"https:\/\/phillalpine.com\/product\/mozartkugeln-victor-schmidt-15-stk-beutel\/"},"modified":"2025-03-10T06:57:04","modified_gmt":"2025-03-10T06:57:04","slug":"mozartkugeln-victor-schmidt-15-stk-beutel","status":"publish","type":"product","link":"https:\/\/phillalpine.com\/de\/produkt\/mozartkugeln-victor-schmidt-15-stk-beutel\/","title":{"rendered":"Mozartkugeln Victor Schmidt 15 Stk. Beutel"},"content":{"rendered":"<p><span data-scheme-color=\"@002060,,\" data-usefontface=\"true\" data-contrast=\"none\">Mozartkugeln von Victor Schmidt bestehen aus<\/span> <span data-scheme-color=\"@002060,,\" data-usefontface=\"true\" data-contrast=\"none\">einem k\u00f6stlichen Nougatkern, einer dicken Marzipan<\/span><span data-scheme-color=\"@002060,,\" data-usefontface=\"true\" data-contrast=\"none\">schicht und das alles ist mit feiner dunkler<\/span> <span data-scheme-color=\"@002060,,\" data-usefontface=\"true\" data-contrast=\"none\">Schokolade \u00fcberzogen.<\/span> <span data-scheme-color=\"@002060,,\" data-usefontface=\"true\" data-contrast=\"none\">Bestseller <\/span><span data-scheme-color=\"@002060,,\" data-usefontface=\"true\" data-contrast=\"none\">im Moment in<\/span><span data-scheme-color=\"@002060,,\" data-usefontface=\"true\" data-contrast=\"none\"> \u00d6sterreich<\/span><\/p>\n","protected":false},"excerpt":{"rendered":"<div class=\"product-description\" style=\"font-family: 'Poppins', sans-serif; color: #3E3E3E; line-height: 1.6;\">\n<h2 style=\"font-size: 2em; color: #8B0000; text-align: center;\">Kosten Sie die s\u00fc\u00dfe Symphonie \u00d6sterreichs<\/h2>\n<h3 style=\"font-size: 1.5em; text-align: center; margin-top: 0;\">Mozartkugeln Victor Schmidt \u2013 15 St\u00fcck purer Genuss<\/h3>\n<p style=\"font-size: 1.1em; margin-top: 20px;\">\n G\u00f6nnen Sie sich ein Meisterwerk des Geschmacks mit den <strong>Mozartkugeln von Victor Schmidt<\/strong>.<br \/>\n Hergestellt in \u00d6sterreich mit Tradition und Leidenschaft, vereint jede Kugel reichhaltige Schokolade, feines Marzipan und cremiges Haselnuss-Nougat zu einem luxuri\u00f6sen Erlebnis \u2013 eine wahre Feier des Geschmacks, inspiriert vom zeitlosen Genie Mozarts.\n  <\/p>\n<ul style=\"list-style: none; padding-left: 0; font-size: 1.1em; margin-top: 20px;\">\n<li>\ud83c\udf6b <strong>Premium \u00d6sterreichische Schokolade<\/strong> \u2013 Weich, reichhaltig und unvergesslich<\/li>\n<li>\ud83c\udf30 <strong>Feines Marzipan &amp; Haselnuss-Nougat<\/strong> \u2013 Eine perfekte Harmonie von Texturen und Aromen<\/li>\n<li>\ud83c\udfbc <strong>Authentische \u00f6sterreichische Handwerkskunst<\/strong> \u2013 Inspiriert vom Geist Mozarts<\/li>\n<li>\ud83c\udf81 <strong>Sch\u00f6n verpackt<\/strong> \u2013 15 elegante St\u00fccke, perfekt zum Verschenken oder Genie\u00dfen<\/li>\n<li>\ud83c\udde6\ud83c\uddf9 <strong>Hergestellt in \u00d6sterreich<\/strong> \u2013 Ein wahres Symbol \u00f6sterreichischer Exzellenz und Tradition<\/li>\n<\/ul>\n<h4 style=\"font-size: 1.3em; margin-top: 30px;\">\ud83c\udfb6 Wie man sie genie\u00dft:<\/h4>\n<p style=\"font-size: 1.1em;\">\n  Langsam genie\u00dfen, um die feinen Schichten von Schokolade, Marzipan und Nougat zu erleben.<br \/>\n  Perfekt zu einer Tasse Kaffee, einem Glas Dessertwein oder einfach als luxuri\u00f6ser Genuss nach einem sch\u00f6nen Tag.\n  <\/p>\n<h4 style=\"font-size: 1.3em; margin-top: 30px;\">\u2728 Warum Sie sie lieben werden:<\/h4>\n<p style=\"font-size: 1.1em;\">\n  Jeder Bissen ist eine Melodie der Aromen, die ein St\u00fcck von \u00d6sterreichs s\u00fc\u00dfem kulturellen Erbe in Ihre H\u00e4nde bringt \u2013 pure Freude, zeitlose Eleganz.\n  <\/p>\n<p style=\"font-size: 1.2em; font-weight: bold; margin-top: 30px; text-align: center;\">\n  Mozartkugeln Victor Schmidt \u2013 eine s\u00fc\u00dfe Symphonie, die Sie nie vergessen werden.\n  <\/p>\n<\/div>\n","protected":false},"featured_media":30663,"comment_status":"open","ping_status":"closed","template":"","meta":[],"product_brand":[],"product_cat":[172,173],"product_tag":[],"class_list":{"0":"post-31020","1":"product","2":"type-product","3":"status-publish","4":"has-post-thumbnail","6":"product_cat-osterreichisches-produkt","7":"product_cat-pralinen","9":"first","10":"outofstock","11":"taxable","12":"shipping-taxable","13":"purchasable","14":"product-type-simple"},"aioseo_notices":[],"_links":{"self":[{"href":"https:\/\/phillalpine.com\/de\/wp-json\/wp\/v2\/product\/31020","targetHints":{"allow":["GET"]}}],"collection":[{"href":"https:\/\/phillalpine.com\/de\/wp-json\/wp\/v2\/product"}],"about":[{"href":"https:\/\/phillalpine.com\/de\/wp-json\/wp\/v2\/types\/product"}],"replies":[{"embeddable":true,"href":"https:\/\/phillalpine.com\/de\/wp-json\/wp\/v2\/comments?post=31020"}],"wp:featuredmedia":[{"embeddable":true,"href":"https:\/\/phillalpine.com\/de\/wp-json\/wp\/v2\/media\/30663"}],"wp:attachment":[{"href":"https:\/\/phillalpine.com\/de\/wp-json\/wp\/v2\/media?parent=31020"}],"wp:term":[{"taxonomy":"product_brand","embeddable":true,"href":"https:\/\/phillalpine.com\/de\/wp-json\/wp\/v2\/product_brand?post=31020"},{"taxonomy":"product_cat","embeddable":true,"href":"https:\/\/phillalpine.com\/de\/wp-json\/wp\/v2\/product_cat?post=31020"},{"taxonomy":"product_tag","embeddable":true,"href":"https:\/\/phillalpine.com\/de\/wp-json\/wp\/v2\/product_tag?post=31020"}],"curies":[{"name":"wp","href":"https:\/\/api.w.org\/{rel}","templated":true}]}}