{"id":31028,"date":"2025-03-10T06:57:04","date_gmt":"2025-03-10T06:57:04","guid":{"rendered":"https:\/\/phillalpine.com\/product\/haselnusswuerfel-manner\/"},"modified":"2025-03-10T06:57:04","modified_gmt":"2025-03-10T06:57:04","slug":"haselnusswuerfel-manner","status":"publish","type":"product","link":"https:\/\/phillalpine.com\/de\/produkt\/haselnusswuerfel-manner\/","title":{"rendered":"Haselnussw\u00fcrfel Manner"},"content":{"rendered":"<p>Haselnussw\u00fcrfel Manner \u2013 diese beliebte <span data-scheme-color=\"@002060,,\" data-usefontface=\"true\" data-contrast=\"none\">Manner-Spezialit\u00e4t zeichnet sich durch eine<\/span> <span data-scheme-color=\"@002060,,\" data-usefontface=\"true\" data-contrast=\"none\">Creme mit besonders knackigen Haselnussst\u00fcckchen<\/span> <span data-scheme-color=\"@002060,,\" data-usefontface=\"true\" data-contrast=\"none\">aus.<\/span> <span data-scheme-color=\"@002060,,\" data-usefontface=\"true\" data-contrast=\"none\">Der vollmundige Geschmack erinnert an die<\/span> <span data-scheme-color=\"@002060,,\" data-usefontface=\"true\" data-contrast=\"none\">k\u00f6stliche Creme der Manner-Schnitten.<\/span> <span data-scheme-color=\"@002060,,\" data-usefontface=\"true\" data-contrast=\"none\">Der W\u00fcrfel selbst besteht aus feiner Vollmilchschokolade.<\/span><\/p>\n","protected":false},"excerpt":{"rendered":"<div class=\"product-description\" style=\"font-family: 'Poppins', sans-serif; color: #3E3E3E; line-height: 1.6;\">\n<h2 style=\"font-size: 2em; color: #8B4513; text-align: center;\">Reine \u00f6sterreichische Handwerkskunst in jedem Bissen<\/h2>\n<h3 style=\"font-size: 1.5em; text-align: center; margin-top: 0;\">Haselnussw\u00fcrfel von Manner \u2013 ein k\u00f6stliches Erbe aus Wien<\/h3>\n<p style=\"font-size: 1.1em; margin-top: 20px;\">\n Genie\u00dfen Sie die zeitlose Eleganz \u00d6sterreichs mit den <strong>Manner Haselnussw\u00fcrfeln<\/strong>.<br \/>\n Jeder zarte W\u00fcrfel wird in Wien nach traditionellen Rezepten hergestellt und kombiniert leichte, knusprige Waffeln mit Schichten reichhaltiger Haselnusscreme \u2013 ein perfekt ausgewogenes, zartschmelzendes Erlebnis, das seit Generationen Herzen erobert.\n  <\/p>\n<ul style=\"list-style: none; padding-left: 0; font-size: 1.1em; margin-top: 20px;\">\n<li>\ud83c\udf30 <strong>Feinste Haselnusscreme<\/strong> \u2013 Geschmeidig, nussig und zutiefst befriedigend<\/li>\n<li>\ud83c\udf6a <strong>Leichte, knusprige Waffeln<\/strong> \u2013 Zu zarter Perfektion gebacken<\/li>\n<li>\ud83c\udde6\ud83c\uddf9 <strong>Hergestellt in Wien, \u00d6sterreich<\/strong> \u2013 Bewahrung eines authentischen Rezepts seit 1890<\/li>\n<li>\ud83c\udf80 <strong>Elegante W\u00fcrfelform<\/strong> \u2013 Eine moderne Variante eines zeitlosen Klassikers<\/li>\n<li>\ud83d\udc96 <strong>100 % authentische Zutaten<\/strong> \u2013 Getreu der \u00f6sterreichischen Qualit\u00e4t und Tradition<\/li>\n<\/ul>\n<h4 style=\"font-size: 1.3em; margin-top: 30px;\">\ud83c\udf1f So genie\u00dfen Sie es:<\/h4>\n<p style=\"font-size: 1.1em;\">\n Genie\u00dfen Sie es als s\u00fc\u00dfen Snack, teilen Sie es mit Freunden oder kombinieren Sie es mit Ihrem Lieblingskaffee oder -tee.<br \/>\n Perfekt, um ruhige Momente zu genie\u00dfen \u2013 oder um einen Hauch echter \u00f6sterreichischer Handwerkskunst zu verschenken.\n  <\/p>\n<h4 style=\"font-size: 1.3em; margin-top: 30px;\">\u2728 Warum Sie es lieben werden:<\/h4>\n<p style=\"font-size: 1.1em;\">\n Jeder W\u00fcrfel f\u00e4ngt das Herz von Wien ein \u2013 gefertigt mit Leidenschaft, Tradition und den feinsten Zutaten f\u00fcr einen unvergesslichen Geschmack.\n  <\/p>\n<p style=\"font-size: 1.2em; font-weight: bold; margin-top: 30px; text-align: center;\">\n Manner Haselnussw\u00fcrfel \u2013 eine k\u00f6stliche Tradition aus dem Herzen \u00d6sterreichs.\n  <\/p>\n<\/div>\n","protected":false},"featured_media":30664,"comment_status":"open","ping_status":"closed","template":"","meta":[],"product_brand":[],"product_cat":[175,172],"product_tag":[],"class_list":{"0":"post-31028","1":"product","2":"type-product","3":"status-publish","4":"has-post-thumbnail","6":"product_cat-manner-schnitte","7":"product_cat-osterreichisches-produkt","9":"first","10":"outofstock","11":"taxable","12":"shipping-taxable","13":"purchasable","14":"product-type-simple"},"aioseo_notices":[],"_links":{"self":[{"href":"https:\/\/phillalpine.com\/de\/wp-json\/wp\/v2\/product\/31028","targetHints":{"allow":["GET"]}}],"collection":[{"href":"https:\/\/phillalpine.com\/de\/wp-json\/wp\/v2\/product"}],"about":[{"href":"https:\/\/phillalpine.com\/de\/wp-json\/wp\/v2\/types\/product"}],"replies":[{"embeddable":true,"href":"https:\/\/phillalpine.com\/de\/wp-json\/wp\/v2\/comments?post=31028"}],"wp:featuredmedia":[{"embeddable":true,"href":"https:\/\/phillalpine.com\/de\/wp-json\/wp\/v2\/media\/30664"}],"wp:attachment":[{"href":"https:\/\/phillalpine.com\/de\/wp-json\/wp\/v2\/media?parent=31028"}],"wp:term":[{"taxonomy":"product_brand","embeddable":true,"href":"https:\/\/phillalpine.com\/de\/wp-json\/wp\/v2\/product_brand?post=31028"},{"taxonomy":"product_cat","embeddable":true,"href":"https:\/\/phillalpine.com\/de\/wp-json\/wp\/v2\/product_cat?post=31028"},{"taxonomy":"product_tag","embeddable":true,"href":"https:\/\/phillalpine.com\/de\/wp-json\/wp\/v2\/product_tag?post=31028"}],"curies":[{"name":"wp","href":"https:\/\/api.w.org\/{rel}","templated":true}]}}