{"id":31030,"date":"2025-03-10T06:57:04","date_gmt":"2025-03-10T06:57:04","guid":{"rendered":"https:\/\/phillalpine.com\/product\/diana-mit-menthol\/"},"modified":"2025-03-10T06:57:04","modified_gmt":"2025-03-10T06:57:04","slug":"diana-mit-menthol","status":"publish","type":"product","link":"https:\/\/phillalpine.com\/de\/produkt\/diana-mit-menthol\/","title":{"rendered":"Diana mit Menthol"},"content":{"rendered":"<p>Diana Mit Menthol. Der beliebte Franzbranntwein, klassisch <span data-scheme-color=\"@002060,,\" data-usefontface=\"true\" data-contrast=\"none\">abgef\u00fcllt, ist mit <\/span><span data-scheme-color=\"@002060,,\" data-usefontface=\"true\" data-contrast=\"none\">Menthol einer der Bestseller von DIANA.<\/span> <span data-scheme-color=\"@002060,,\" data-usefontface=\"true\" data-contrast=\"none\">Nach Originalrezeptur hergestellt <\/span><span data-scheme-color=\"@002060,,\" data-usefontface=\"true\" data-contrast=\"none\">und seit <\/span><span data-scheme-color=\"@002060,,\" data-usefontface=\"true\" data-contrast=\"none\">\u00fcber 125 <\/span><span data-scheme-color=\"@002060,,\" data-usefontface=\"true\" data-contrast=\"none\">Jahren auf dem \u00f6sterreichischen Markt etabliert.<\/span> \u200b<span data-scheme-color=\"@002060,,\" data-usefontface=\"true\" data-contrast=\"none\">Als Fl\u00fcssigkeit l\u00e4sst sich der Franzbranntwein <\/span>  <span data-scheme-color=\"@002060,,\" data-usefontface=\"true\" data-contrast=\"none\">gro\u00dffl\u00e4chig auftragen. Seine k\u00fchlende  <\/span><span data-scheme-color=\"@002060,,\" data-usefontface=\"true\" data-contrast=\"none\">Wirkung wird besonders bei stark beanspruchten <\/span><span data-scheme-color=\"@002060,,\" data-usefontface=\"true\" data-contrast=\"none\">Muskelgruppen <\/span><span data-scheme-color=\"@002060,,\" data-usefontface=\"true\" data-contrast=\"none\">gesch\u00e4tzt.<\/span>\u200b <span data-scheme-color=\"@002060,,\" data-usefontface=\"true\" data-contrast=\"none\">Unter anderem kann DIANAs Franzbranntwein bei Muskelkater und <\/span><span data-scheme-color=\"@002060,,\" data-usefontface=\"true\" data-contrast=\"none\">nach dem <\/span><span data-scheme-color=\"@002060,,\" data-usefontface=\"true\" data-contrast=\"none\">Sport <\/span><span data-scheme-color=\"@002060,,\" data-usefontface=\"true\" data-contrast=\"none\">angewendet werden.<\/span> \u200b<span data-scheme-color=\"@002060,,\" data-usefontface=\"true\" data-contrast=\"none\">Die Rezeptur eignet sich auch f\u00fcr die Fu\u00dfpflege, zur <\/span><span data-scheme-color=\"@002060,,\" data-usefontface=\"true\" data-contrast=\"none\">Optimierung von <\/span><span data-scheme-color=\"@002060,,\" data-usefontface=\"true\" data-contrast=\"none\">Wickel f\u00fcr Kopf, <\/span><span data-scheme-color=\"@002060,,\" data-usefontface=\"true\" data-contrast=\"none\">Brust und Gelenke sowie zur Pflege von Insekten<\/span><span data-scheme-color=\"@002060,,\" data-usefontface=\"true\" data-contrast=\"none\">stichen.<\/span>\u200b<\/p>\n","protected":false},"excerpt":{"rendered":"<div class=\"product-description\" style=\"font-family: 'Poppins', sans-serif; color: #3E3E3E; line-height: 1.6;\">\n<h2 style=\"font-size: 2em; color: #007F7F; text-align: center;\">Sp\u00fcren Sie die frische Energie der Alpen in jedem Tropfen<\/h2>\n<h3 style=\"font-size: 1.5em; text-align: center; margin-top: 0;\">Diana mit Menthol \u2013 authentische Erfrischung aus den Alpen<\/h3>\n<p style=\"font-size: 1.1em; margin-top: 20px;\">\n  Erwecken Sie Ihre Sinne mit der k\u00fchlenden Kraft der Berge.<br \/>\n    <strong>Diana Mit Menthol<\/strong> wird in \u00d6sterreich mit reinen Mentholkristallen hergestellt, um sofortige Frische, Linderung und Belebung zu bieten.<br \/>\n Eine echte alpine Tradition, der seit Generationen vertraut wird, um K\u00f6rper und Geist auf nat\u00fcrliche Weise mit Energie zu versorgen.\n  <\/p>\n<ul style=\"list-style: none; padding-left: 0; font-size: 1.1em; margin-top: 20px;\">\n<li>\u2744\ufe0f <strong>Reine Menthol-Power<\/strong> \u2013 K\u00fchlt, erfrischt und belebt sofort<\/li>\n<li>\ud83e\uddf4 <strong>Leichte, schnell einziehende Formel<\/strong> \u2013 Keine Klebrigkeit, nur purer Komfort<\/li>\n<li>\ud83c\udf2c\ufe0f <strong>Belebender, frischer Duft<\/strong> \u2013 Ein Hauch von frischer Alpenluft<\/li>\n<li>\ud83c\udde6\ud83c\uddf9 <strong>Hergestellt in \u00d6sterreich<\/strong> \u2013 Ein traditionsreiches Geheimnis f\u00fcr nat\u00fcrliche Erfrischung<\/li>\n<li>\ud83d\udc9a <strong>Perfekt f\u00fcr einen aktiven Lebensstil<\/strong> \u2013 Belebt Ihren Tag mit sofortiger, k\u00fchler Energie<\/li>\n<\/ul>\n<h4 style=\"font-size: 1.3em; margin-top: 30px;\">\ud83c\udf3f Anwendung:<\/h4>\n<p style=\"font-size: 1.1em;\">\n  Tragen Sie eine kleine Menge auf die Haut auf und massieren Sie sie sanft ein.<br \/>\n  Ideal f\u00fcr Schl\u00e4fen, Nacken, Brust oder m\u00fcde Muskeln, wann immer Sie eine erfrischende Belebung ben\u00f6tigen.<br \/>\n  Atmen Sie tief ein, um das klare, revitalisierende Alpenaroma zu genie\u00dfen.\n  <\/p>\n<h4 style=\"font-size: 1.3em; margin-top: 30px;\">\u2728 Warum Sie es lieben werden:<\/h4>\n<p style=\"font-size: 1.1em;\">\n  Wo auch immer das Leben Sie hinf\u00fchrt, Diana Mit Menthol bringt Ihnen den reinen, k\u00fchlenden Geist der Alpen n\u00e4her \u2013 erfrischt Ihre Haut, Ihre Sinne und Ihre Seele.\n  <\/p>\n<p style=\"font-size: 1.2em; font-weight: bold; margin-top: 30px; text-align: center;\">\n  Diana Mit Menthol \u2013 Sp\u00fcren Sie, wie die Alpenfrische Sie erweckt.\n  <\/p>\n<\/div>\n","protected":false},"featured_media":30699,"comment_status":"open","ping_status":"closed","template":"","meta":[],"product_brand":[],"product_cat":[178,172],"product_tag":[],"class_list":{"0":"post-31030","1":"product","2":"type-product","3":"status-publish","4":"has-post-thumbnail","6":"product_cat-atherisches-ol-salbe","7":"product_cat-osterreichisches-produkt","9":"first","10":"outofstock","11":"taxable","12":"shipping-taxable","13":"purchasable","14":"product-type-simple"},"aioseo_notices":[],"_links":{"self":[{"href":"https:\/\/phillalpine.com\/de\/wp-json\/wp\/v2\/product\/31030","targetHints":{"allow":["GET"]}}],"collection":[{"href":"https:\/\/phillalpine.com\/de\/wp-json\/wp\/v2\/product"}],"about":[{"href":"https:\/\/phillalpine.com\/de\/wp-json\/wp\/v2\/types\/product"}],"replies":[{"embeddable":true,"href":"https:\/\/phillalpine.com\/de\/wp-json\/wp\/v2\/comments?post=31030"}],"wp:featuredmedia":[{"embeddable":true,"href":"https:\/\/phillalpine.com\/de\/wp-json\/wp\/v2\/media\/30699"}],"wp:attachment":[{"href":"https:\/\/phillalpine.com\/de\/wp-json\/wp\/v2\/media?parent=31030"}],"wp:term":[{"taxonomy":"product_brand","embeddable":true,"href":"https:\/\/phillalpine.com\/de\/wp-json\/wp\/v2\/product_brand?post=31030"},{"taxonomy":"product_cat","embeddable":true,"href":"https:\/\/phillalpine.com\/de\/wp-json\/wp\/v2\/product_cat?post=31030"},{"taxonomy":"product_tag","embeddable":true,"href":"https:\/\/phillalpine.com\/de\/wp-json\/wp\/v2\/product_tag?post=31030"}],"curies":[{"name":"wp","href":"https:\/\/api.w.org\/{rel}","templated":true}]}}