{"id":31033,"date":"2025-03-10T06:57:04","date_gmt":"2025-03-10T06:57:04","guid":{"rendered":"https:\/\/phillalpine.com\/product\/suedtiroler-speck-christanell\/"},"modified":"2025-03-10T06:57:04","modified_gmt":"2025-03-10T06:57:04","slug":"suedtiroler-speck-christanell","status":"publish","type":"product","link":"https:\/\/phillalpine.com\/de\/produkt\/suedtiroler-speck-christanell\/","title":{"rendered":"S\u00fcdtiroler Speck Christanell"},"content":{"rendered":"<ul style=\"font-weight: 400;\">\n<li data-charcodes=\"118\" data-font=\"Wingdings,Sans-Serif\" data-buautonum=\"8\" data-margin=\"1170\" data-aria-posinset=\"1\" data-aria-level=\"2\"><span data-scheme-color=\"@002060,,\" data-usefontface=\"true\" data-contrast=\"none\">S\u00fcdtiroler Speck<\/span> <span data-scheme-color=\"@002060,,\" data-usefontface=\"true\" data-contrast=\"none\">Christanell<\/span> <span data-scheme-color=\"@002060,,\" data-usefontface=\"true\" data-contrast=\"none\">Speck.<\/span>\u200b <span data-scheme-color=\"@002060,,\" data-usefontface=\"true\" data-contrast=\"none\">Seine Herkunft und Herstellung nach <\/span><span data-scheme-color=\"@002060,,\" data-usefontface=\"true\" data-contrast=\"none\">traditionellen Methoden machen ihn einzigartig.\u200b<\/span>\u200b <span data-scheme-color=\"@002060,,\" data-usefontface=\"true\" data-contrast=\"none\">Mild ger\u00e4uchert und in S\u00fcdtirol gereift<\/span>\u200b<br \/>\n<span data-scheme-color=\"@002060,,\" data-usefontface=\"true\" data-contrast=\"none\">Tiroler Bergluft f\u00fcr lange Zeit<\/span> <span data-scheme-color=\"@002060,,\" data-usefontface=\"true\" data-contrast=\"none\">(22-24 Wochen).<\/span>\u200b <span data-scheme-color=\"@002060,,\" data-usefontface=\"true\" data-contrast=\"none\">Typisch charakteristisches <\/span><span data-scheme-color=\"@002060,,\" data-usefontface=\"true\" data-contrast=\"none\">Aroma.mild<\/span><span data-scheme-color=\"@002060,,\" data-usefontface=\"true\" data-contrast=\"none\">, <\/span><span data-scheme-color=\"@002060,,\" data-usefontface=\"true\" data-contrast=\"none\">mediterran<\/span> <span data-scheme-color=\"@002060,,\" data-usefontface=\"true\" data-contrast=\"none\">Geschmack. laktose <\/span><span data-scheme-color=\"@002060,,\" data-usefontface=\"true\" data-contrast=\"none\">-frei, <\/span><span data-scheme-color=\"@002060,,\" data-usefontface=\"true\" data-contrast=\"none\">gluten-<\/span><span data-scheme-color=\"@002060,,\" data-usefontface=\"true\" data-contrast=\"none\">frei. ohne <\/span> <span data-scheme-color=\"@002060,,\" data-usefontface=\"true\" data-contrast=\"none\">Zusatz von Geschmacks<\/span><span data-scheme-color=\"@002060,,\" data-usefontface=\"true\" data-contrast=\"none\">verst\u00e4rkern.<\/span><\/li>\n<\/ul>\n","protected":false},"excerpt":{"rendered":"<div class=\"product-description\" style=\"font-family: 'Poppins', sans-serif; color: #3E3E3E; line-height: 1.6;\">\n<h2 style=\"font-size: 2em; color: #5D3A00; text-align: center;\">Alpiner Geschmack, handwerkliche Tradition<\/h2>\n<h3 style=\"font-size: 1.5em; text-align: center; margin-top: 0;\">Manner S\u00fcdtiroler Speck Christanell \u2013 der wahre Geschmack der Berge<\/h3>\n<p style=\"font-size: 1.1em; margin-top: 20px;\">\n  Erleben Sie die Seele S\u00fcdtirols mit <strong>Christanells authentischem Speck<\/strong>.<br \/>\n Sorgf\u00e4ltig gep\u00f6kelt und nat\u00fcrlich \u00fcber ausgew\u00e4hlten H\u00f6lzern ger\u00e4uchert, bringt Ihnen dieser traditionelle Speck die robusten Aromen der Alpent\u00e4ler \u2013 herzhaft, rauchig und mit althergebrachter Leidenschaft hergestellt.\n  <\/p>\n<ul style=\"list-style: none; padding-left: 0; font-size: 1.1em; margin-top: 20px;\">\n<li>\ud83c\udfd4\ufe0f <strong>Authentisches S\u00fcdtiroler Handwerk<\/strong> \u2013 Mit Stolz im Herzen der Alpen hergestellt<\/li>\n<li>\ud83d\udd25 <strong>Nat\u00fcrlicher R\u00e4ucherprozess<\/strong> \u2013 Reiches Aroma und tiefer, ausgewogener Geschmack<\/li>\n<li>\ud83e\udd53 <strong>Premium-P\u00f6kelfleisch<\/strong> \u2013 Zart, herzhaft und perfekt gew\u00fcrzt<\/li>\n<li>\ud83c\udde6\ud83c\uddf9 <strong>Traditionelles Familienrezept<\/strong> \u2013 \u00dcber Generationen weitergegeben<\/li>\n<li>\ud83c\udf77 <strong>Perfekt f\u00fcr Gourmetplatten<\/strong> \u2013 Passt wunderbar zu K\u00e4se, Brot und edlem Wein<\/li>\n<\/ul>\n<h4 style=\"font-size: 1.3em; margin-top: 30px;\">\ud83e\udd56 So genie\u00dfen Sie es:<\/h4>\n<p style=\"font-size: 1.1em;\">\n  In d\u00fcnne Scheiben schneiden und mit rustikalem Bauernbrot, Bergk\u00e4se oder als Teil einer eleganten Antipasti-Platte servieren.<br \/>\n  Am besten mit einem vollmundigen Rotwein f\u00fcr das ultimative alpine Erlebnis genie\u00dfen.\n  <\/p>\n<h4 style=\"font-size: 1.3em; margin-top: 30px;\">\u2728 Warum Sie es lieben werden:<\/h4>\n<p style=\"font-size: 1.1em;\">\n  Jede Scheibe tr\u00e4gt den Geist S\u00fcdtirols in sich \u2013 pur, kr\u00e4ftig und liebevoll handgefertigt.\n  <\/p>\n<p style=\"font-size: 1.2em; font-weight: bold; margin-top: 30px; text-align: center;\">\n Manner S\u00fcdtiroler Speck Christanell \u2013 genie\u00dfen Sie das stolze Erbe der Alpen.\n  <\/p>\n<\/div>\n","protected":false},"featured_media":30697,"comment_status":"open","ping_status":"closed","template":"","meta":[],"product_brand":[],"product_cat":[179,172],"product_tag":[],"class_list":{"0":"post-31033","1":"product","2":"type-product","3":"status-publish","4":"has-post-thumbnail","6":"product_cat-essen-getranke","7":"product_cat-osterreichisches-produkt","9":"first","10":"outofstock","11":"taxable","12":"shipping-taxable","13":"purchasable","14":"product-type-simple"},"aioseo_notices":[],"_links":{"self":[{"href":"https:\/\/phillalpine.com\/de\/wp-json\/wp\/v2\/product\/31033","targetHints":{"allow":["GET"]}}],"collection":[{"href":"https:\/\/phillalpine.com\/de\/wp-json\/wp\/v2\/product"}],"about":[{"href":"https:\/\/phillalpine.com\/de\/wp-json\/wp\/v2\/types\/product"}],"replies":[{"embeddable":true,"href":"https:\/\/phillalpine.com\/de\/wp-json\/wp\/v2\/comments?post=31033"}],"wp:featuredmedia":[{"embeddable":true,"href":"https:\/\/phillalpine.com\/de\/wp-json\/wp\/v2\/media\/30697"}],"wp:attachment":[{"href":"https:\/\/phillalpine.com\/de\/wp-json\/wp\/v2\/media?parent=31033"}],"wp:term":[{"taxonomy":"product_brand","embeddable":true,"href":"https:\/\/phillalpine.com\/de\/wp-json\/wp\/v2\/product_brand?post=31033"},{"taxonomy":"product_cat","embeddable":true,"href":"https:\/\/phillalpine.com\/de\/wp-json\/wp\/v2\/product_cat?post=31033"},{"taxonomy":"product_tag","embeddable":true,"href":"https:\/\/phillalpine.com\/de\/wp-json\/wp\/v2\/product_tag?post=31033"}],"curies":[{"name":"wp","href":"https:\/\/api.w.org\/{rel}","templated":true}]}}