{"id":31037,"date":"2025-03-10T06:57:04","date_gmt":"2025-03-10T06:57:04","guid":{"rendered":"https:\/\/phillalpine.com\/product\/bergkiefernseife\/"},"modified":"2025-08-28T11:52:54","modified_gmt":"2025-08-28T11:52:54","slug":"bergkiefernseife","status":"publish","type":"product","link":"https:\/\/phillalpine.com\/de\/produkt\/bergkiefernseife\/","title":{"rendered":"Bergkiefernseife"},"content":{"rendered":"<ul style=\"font-weight: 400;\">\n<li data-charcodes=\"118\" data-font=\"Wingdings,Sans-Serif\" data-buautonum=\"8\" data-margin=\"450\" data-aria-posinset=\"1\" data-aria-level=\"1\"><span data-scheme-color=\"@002060,,\" data-usefontface=\"true\" data-contrast=\"none\">Bergkiefernseife ist dunkelgr\u00fcn,<\/span> <span data-scheme-color=\"@002060,,\" data-usefontface=\"true\" data-contrast=\"none\">riecht sehr angenehm nach Wald<\/span><\/li>\n<li data-charcodes=\"118\" data-font=\"Wingdings,Sans-Serif\" data-buautonum=\"8\" data-margin=\"450\" data-aria-posinset=\"2\" data-aria-level=\"1\"><span data-scheme-color=\"@002060,,\" data-usefontface=\"true\" data-contrast=\"none\">Klassische feste Seife mit reinem Bergkiefern<\/span><span data-scheme-color=\"@002060,,\" data-usefontface=\"true\" data-contrast=\"none\">\u00f6l aus den <\/span><span data-scheme-color=\"@002060,,\" data-usefontface=\"true\" data-contrast=\"none\">\u00f6sterreichischen<\/span><span data-scheme-color=\"@002060,,\" data-usefontface=\"true\" data-contrast=\"none\"> Alpen.<\/span><br \/>\n<span data-scheme-color=\"@002060,,\" data-usefontface=\"true\" data-contrast=\"none\">Eine Seife, die Bergkiefern<\/span><span data-scheme-color=\"@002060,,\" data-usefontface=\"true\" data-contrast=\"none\">\u00f6l enth\u00e4lt und einen frischen, harzigen Duft hat<\/span><\/li>\n<li data-charcodes=\"118\" data-font=\"Wingdings,Sans-Serif\" data-buautonum=\"8\" data-margin=\"450\" data-aria-posinset=\"3\" data-aria-level=\"1\"><span data-scheme-color=\"@002060,,\" data-usefontface=\"true\" data-contrast=\"none\">Kann bei Atmung, Durchblutung und <\/span><span data-scheme-color=\"@002060,,\" data-usefontface=\"true\" data-contrast=\"none\">Psoriasis helfen<\/span><\/li>\n<\/ul>\n","protected":false},"excerpt":{"rendered":"<p>Bergkiefernseife ist dunkelgr\u00fcn, riecht sehr angenehm nach Wald Klassische feste Seife mit reinem Bergkiefern\u00f6l aus den \u00f6sterreichischen Alpen. Eine Seife, die Bergkiefern\u00f6l enth\u00e4lt und einen frischen, harzigen Duft hat Kann bei Atmung, Durchblutung und Psoriasis helfen<\/p>\n","protected":false},"featured_media":30662,"comment_status":"open","ping_status":"closed","template":"","meta":[],"product_brand":[],"product_cat":[171,172],"product_tag":[],"class_list":{"0":"post-31037","1":"product","2":"type-product","3":"status-publish","4":"has-post-thumbnail","6":"product_cat-naturlich-biologisch","7":"product_cat-osterreichisches-produkt","9":"first","10":"outofstock","11":"taxable","12":"shipping-taxable","13":"purchasable","14":"product-type-simple"},"aioseo_notices":[],"_links":{"self":[{"href":"https:\/\/phillalpine.com\/de\/wp-json\/wp\/v2\/product\/31037","targetHints":{"allow":["GET"]}}],"collection":[{"href":"https:\/\/phillalpine.com\/de\/wp-json\/wp\/v2\/product"}],"about":[{"href":"https:\/\/phillalpine.com\/de\/wp-json\/wp\/v2\/types\/product"}],"replies":[{"embeddable":true,"href":"https:\/\/phillalpine.com\/de\/wp-json\/wp\/v2\/comments?post=31037"}],"wp:featuredmedia":[{"embeddable":true,"href":"https:\/\/phillalpine.com\/de\/wp-json\/wp\/v2\/media\/30662"}],"wp:attachment":[{"href":"https:\/\/phillalpine.com\/de\/wp-json\/wp\/v2\/media?parent=31037"}],"wp:term":[{"taxonomy":"product_brand","embeddable":true,"href":"https:\/\/phillalpine.com\/de\/wp-json\/wp\/v2\/product_brand?post=31037"},{"taxonomy":"product_cat","embeddable":true,"href":"https:\/\/phillalpine.com\/de\/wp-json\/wp\/v2\/product_cat?post=31037"},{"taxonomy":"product_tag","embeddable":true,"href":"https:\/\/phillalpine.com\/de\/wp-json\/wp\/v2\/product_tag?post=31037"}],"curies":[{"name":"wp","href":"https:\/\/api.w.org\/{rel}","templated":true}]}}