{"id":31038,"date":"2025-03-10T06:57:04","date_gmt":"2025-03-10T06:57:04","guid":{"rendered":"https:\/\/phillalpine.com\/product\/haribo-almdudler-gummibaerchen\/"},"modified":"2025-08-11T08:35:04","modified_gmt":"2025-08-11T08:35:04","slug":"haribo-almdudler-gummibaerchen","status":"publish","type":"product","link":"https:\/\/phillalpine.com\/de\/produkt\/haribo-almdudler-gummibaerchen\/","title":{"rendered":"Haribo Almdudler Gummib\u00e4rchen"},"content":{"rendered":"<p>Haribo Almdudler. Brandneue Gummib\u00e4rchen von Haribo <span data-scheme-color=\"@002060,,\" data-usefontface=\"true\" data-contrast=\"none\">mit einem typisch \u00f6sterreichischen <\/span><span data-scheme-color=\"@002060,,\" data-usefontface=\"true\" data-contrast=\"none\">Almdudler<\/span>  <span data-scheme-color=\"@002060,,\" data-usefontface=\"true\" data-contrast=\"none\">Limonadengeschmack! Die neueste Geschmacksvariante  <\/span><span data-scheme-color=\"@002060,,\" data-usefontface=\"true\" data-contrast=\"none\">von dreifach aromatisierten Gelatine-S\u00fc\u00dfigkeiten.\u200b<\/span>\u200b <span data-scheme-color=\"@002060,,\" data-usefontface=\"true\" data-contrast=\"none\">Almdudler<\/span><span data-scheme-color=\"@002060,,\" data-usefontface=\"true\" data-contrast=\"none\"> ist die beliebteste und bekannteste <\/span><span data-scheme-color=\"@002060,,\" data-usefontface=\"true\" data-contrast=\"none\">\u00f6sterreichische Limonade, die traditionell <\/span><span data-scheme-color=\"@002060,,\" data-usefontface=\"true\" data-contrast=\"none\">aus einem Extrakt von 32 <\/span><span data-scheme-color=\"@002060,,\" data-usefontface=\"true\" data-contrast=\"none\">Kr\u00e4utern hergestellt wird. <\/span><span data-scheme-color=\"@002060,,\" data-usefontface=\"true\" data-contrast=\"none\">Sein<\/span><span data-scheme-color=\"@002060,,\" data-usefontface=\"true\" data-contrast=\"none\"> typisch erfrischender Geschmack wird jetzt <\/span><span data-scheme-color=\"@002060,,\" data-usefontface=\"true\" data-contrast=\"none\">mit den gallertartigen Gummib\u00e4rchen <\/span><span data-scheme-color=\"@002060,,\" data-usefontface=\"true\" data-contrast=\"none\">des Traditionsherstellers <\/span><span data-scheme-color=\"@002060,,\" data-usefontface=\"true\" data-contrast=\"none\">Haribo kombiniert.<\/span>\u200b<\/p>\n","protected":false},"excerpt":{"rendered":"<div class=\"product-description\" style=\"font-family: 'Poppins', sans-serif; color: #3E3E3E; line-height: 1.6;\">\n<h2 style=\"font-size: 2em; color: #DAA520; text-align: center;\">Ein s\u00fc\u00dfer \u00f6sterreichischer Klassiker in jedem Bissen!<\/h2>\n<h3 style=\"font-size: 1.5em; text-align: center; margin-top: 0;\">Haribo Almdudler Gummib\u00e4rchen \u2013 der Geschmack von \u00d6sterreichs beliebtester Kr\u00e4uterlimonade<\/h3>\n<p style=\"font-size: 1.1em; margin-top: 20px;\">\n Erleben Sie einen freudigen Ausbruch \u00f6sterreichischer Tradition mit <strong>Haribo Almdudler Gummib\u00e4rchen<\/strong>!<br \/>\n Mit den erfrischenden Aromen der beliebten Almdudler-Kr\u00e4uterlimonade \u00d6sterreichs angereichert, fangen diese entz\u00fcckenden Gummib\u00e4rchen den wahren Geist der Alpen ein \u2013 verspielt, frisch und unwiderstehlich lecker.\n  <\/p>\n<ul style=\"list-style: none; padding-left: 0; font-size: 1.1em; margin-top: 20px;\">\n<li>\ud83c\udf43 <strong>Einzigartiger Kr\u00e4utergeschmack<\/strong> \u2013 Inspiriert vom legend\u00e4ren Almdudler-Getr\u00e4nk \u00d6sterreichs<\/li>\n<li>\ud83e\uddf8 <strong>Weiche, z\u00e4he Textur<\/strong> \u2013 F\u00fcr maximalen Spa\u00df und Geschmack gefertigt<\/li>\n<li>\ud83c\udde6\ud83c\uddf9 <strong>Hergestellt in \u00d6sterreich<\/strong> \u2013 Ein authentischer Geschmack alpiner Tradition<\/li>\n<li>\ud83c\udf89 <strong>Perfekt zum Teilen<\/strong> \u2013 Versch\u00f6nern Sie Partys, Picknicks oder Ihre Snackzeit<\/li>\n<li>\ud83d\udc96 <strong>100 % echte Zutaten<\/strong> \u2013 Qualit\u00e4t, die man schmecken und der man vertrauen kann<\/li>\n<\/ul>\n<h4 style=\"font-size: 1.3em; margin-top: 30px;\">\ud83c\udf1f So genie\u00dfen Sie es:<\/h4>\n<p style=\"font-size: 1.1em;\">\n Naschen Sie ein paar f\u00fcr einen erfrischenden Snack, teilen Sie sie mit Freunden oder kombinieren Sie sie mit Ihren Lieblingsgetr\u00e4nken!<br \/>\n Eine k\u00f6stliche Art, jederzeit und \u00fcberall ein kleines St\u00fcck \u00f6sterreichisches Gl\u00fcck zu genie\u00dfen.\n  <\/p>\n<h4 style=\"font-size: 1.3em; margin-top: 30px;\">\u2728 Warum Sie es lieben werden:<\/h4>\n<p style=\"font-size: 1.1em;\">\n Jedes Gummib\u00e4rchen bringt Sie n\u00e4her an das Herz \u00d6sterreichs \u2013 verspielt, authentisch und freudig einzigartig.\n  <\/p>\n<p style=\"font-size: 1.2em; font-weight: bold; margin-top: 30px; text-align: center;\">\n Haribo Almdudler Gummib\u00e4rchen \u2013 ein s\u00fc\u00dfes Alpenabenteuer in jeder Packung!\n  <\/p>\n<\/div>\n","protected":false},"featured_media":30698,"comment_status":"open","ping_status":"closed","template":"","meta":[],"product_brand":[],"product_cat":[172,183],"product_tag":[],"class_list":{"0":"post-31038","1":"product","2":"type-product","3":"status-publish","4":"has-post-thumbnail","6":"product_cat-osterreichisches-produkt","7":"product_cat-suses-herzhaft","9":"first","10":"outofstock","11":"taxable","12":"shipping-taxable","13":"purchasable","14":"product-type-simple"},"aioseo_notices":[],"_links":{"self":[{"href":"https:\/\/phillalpine.com\/de\/wp-json\/wp\/v2\/product\/31038","targetHints":{"allow":["GET"]}}],"collection":[{"href":"https:\/\/phillalpine.com\/de\/wp-json\/wp\/v2\/product"}],"about":[{"href":"https:\/\/phillalpine.com\/de\/wp-json\/wp\/v2\/types\/product"}],"replies":[{"embeddable":true,"href":"https:\/\/phillalpine.com\/de\/wp-json\/wp\/v2\/comments?post=31038"}],"wp:featuredmedia":[{"embeddable":true,"href":"https:\/\/phillalpine.com\/de\/wp-json\/wp\/v2\/media\/30698"}],"wp:attachment":[{"href":"https:\/\/phillalpine.com\/de\/wp-json\/wp\/v2\/media?parent=31038"}],"wp:term":[{"taxonomy":"product_brand","embeddable":true,"href":"https:\/\/phillalpine.com\/de\/wp-json\/wp\/v2\/product_brand?post=31038"},{"taxonomy":"product_cat","embeddable":true,"href":"https:\/\/phillalpine.com\/de\/wp-json\/wp\/v2\/product_cat?post=31038"},{"taxonomy":"product_tag","embeddable":true,"href":"https:\/\/phillalpine.com\/de\/wp-json\/wp\/v2\/product_tag?post=31038"}],"curies":[{"name":"wp","href":"https:\/\/api.w.org\/{rel}","templated":true}]}}