{"id":31131,"date":"2025-04-23T08:26:30","date_gmt":"2025-04-23T08:26:30","guid":{"rendered":"https:\/\/phillalpine.com\/product\/pandan-tasche\/"},"modified":"2025-08-28T11:52:55","modified_gmt":"2025-08-28T11:52:55","slug":"pandan-tasche","status":"publish","type":"product","link":"https:\/\/phillalpine.com\/de\/produkt\/pandan-tasche\/","title":{"rendered":"Pandan-Tasche"},"content":{"rendered":"\n<p>Pandan-Tasche<\/p>\n\n<ul class=\"wp-block-list\">\n<li>Pandan<\/li>\n\n\n\n<li>Dicker Strang<\/li>\n\n\n\n<li>Nachhaltiges Material<\/li>\n\n\n\n<li>Geflochtener Griff\/Gurt<\/li>\n\n\n\n<li>Geschenkt\u00fcte \/ Verpackung<\/li>\n\n\n\n<li>Abmessungen: L 10 cm x B 5 cm x H 10 cm<\/li>\n<\/ul>\n","protected":false},"excerpt":{"rendered":"<div class=\"product-description\">\n<h2>Tragen Sie die Natur. Tragen Sie Eleganz. <\/h2>\n<h3>Pandan-Tasche \u2013 Naturhandwerk, Ihr pers\u00f6nlicher Stil<\/h3>\n<p>Entdecken Sie einen neuen Standard nat\u00fcrlicher Eleganz mit der <strong>Pandan Bag<\/strong> \u2013 ein zeitloses St\u00fcck, bei dem handwerkliches K\u00f6nnen auf \u00d6ko-Luxus trifft. Jede Tasche wird sorgf\u00e4ltig aus nachhaltig geernteten Pandanbl\u00e4ttern handgewebt und tr\u00e4gt nicht nur Ihre wichtigsten Utensilien, sondern auch eine Geschichte von Erbe, Handwerkskunst und bewusstem Leben. <\/p>\n<p>Die leichte, strapazierf\u00e4hige und nat\u00fcrlich aromatische Pandan-Tasche wurde f\u00fcr diejenigen entworfen, die m\u00fchelosen Stil und authentische Werte sch\u00e4tzen. Da jede Tasche in kleinen Chargen von erfahrenen Handwerkern gefertigt wird, ist jedes St\u00fcck ein Unikat \u2013 genau wie Sie. <\/p>\n<h4>Highlights:<\/h4>\n<ul style=\"list-style: none; padding-left: 0;\">\n<li>\ud83c\udf3f <strong>Handwerkliche Exzellenz<\/strong> \u2013 Handgewebt mit traditionellen Techniken<\/li>\n<li>\ud83c\udf31 <strong>Nachhaltig gewonnen<\/strong> \u2013 100 % nat\u00fcrliche Pandanbl\u00e4tter, biologisch abbaubar und umweltfreundlich<\/li>\n<li>\ud83c\udf43 <strong>Nat\u00fcrlich elegant<\/strong> \u2013 Leicht, atmungsaktiv, mit einem charakteristischen, weichen Duft<\/li>\n<li>\ud83d\udc5c <strong>Allt\u00e4gliche Vielseitigkeit<\/strong> \u2013 Ger\u00e4umiges Design, ideal f\u00fcr zwanglose und elegante Momente<\/li>\n<li>\u2728 <strong>Limitierte Auflage<\/strong> \u2013 Kleinserienproduktion f\u00fcr ein wirklich exklusives Erlebnis<\/li>\n<\/ul>\n<h4>Pflegehinweise:<\/h4>\n<p>Trocken halten. An einem k\u00fchlen, bel\u00fcfteten Ort lagern. Bei Bedarf vorsichtig sauberwischen.  <\/p>\n<p><strong>Besitzen Sie mehr als nur eine Tasche \u2013 tragen Sie ein Verm\u00e4chtnis von Natur, Tradition und Stil.<br \/>Die Pandan-Tasche. Nat\u00fcrlich selten. Wundersch\u00f6n Ihr.  <\/strong><\/p>\n<\/div>\n","protected":false},"featured_media":30648,"comment_status":"open","ping_status":"closed","template":"","meta":[],"product_brand":[],"product_cat":[170,182],"product_tag":[],"class_list":{"0":"post-31131","1":"product","2":"type-product","3":"status-publish","4":"has-post-thumbnail","6":"product_cat-philippinische-produkte","7":"product_cat-pinoy-handwerkskunst","9":"first","10":"instock","11":"taxable","12":"shipping-taxable","13":"product-type-variable"},"aioseo_notices":[],"_links":{"self":[{"href":"https:\/\/phillalpine.com\/de\/wp-json\/wp\/v2\/product\/31131","targetHints":{"allow":["GET"]}}],"collection":[{"href":"https:\/\/phillalpine.com\/de\/wp-json\/wp\/v2\/product"}],"about":[{"href":"https:\/\/phillalpine.com\/de\/wp-json\/wp\/v2\/types\/product"}],"replies":[{"embeddable":true,"href":"https:\/\/phillalpine.com\/de\/wp-json\/wp\/v2\/comments?post=31131"}],"wp:featuredmedia":[{"embeddable":true,"href":"https:\/\/phillalpine.com\/de\/wp-json\/wp\/v2\/media\/30648"}],"wp:attachment":[{"href":"https:\/\/phillalpine.com\/de\/wp-json\/wp\/v2\/media?parent=31131"}],"wp:term":[{"taxonomy":"product_brand","embeddable":true,"href":"https:\/\/phillalpine.com\/de\/wp-json\/wp\/v2\/product_brand?post=31131"},{"taxonomy":"product_cat","embeddable":true,"href":"https:\/\/phillalpine.com\/de\/wp-json\/wp\/v2\/product_cat?post=31131"},{"taxonomy":"product_tag","embeddable":true,"href":"https:\/\/phillalpine.com\/de\/wp-json\/wp\/v2\/product_tag?post=31131"}],"curies":[{"name":"wp","href":"https:\/\/api.w.org\/{rel}","templated":true}]}}