{"id":31143,"date":"2025-05-07T09:48:03","date_gmt":"2025-05-07T09:48:03","guid":{"rendered":"https:\/\/phillalpine.com\/product\/zirbencreme\/"},"modified":"2025-08-28T11:52:55","modified_gmt":"2025-08-28T11:52:55","slug":"zirbencreme","status":"publish","type":"product","link":"https:\/\/phillalpine.com\/de\/produkt\/zirbencreme\/","title":{"rendered":"Zirbencreme"},"content":{"rendered":"\n<p>Das \u00e4therische Zirben\u00f6l (Pinus cembra) wird durch unsere Wasserdampfdestillation aus den Nadeln und Zweigen des Baumes gewonnen. In Kombination mit den pflegenden Inhaltsstoffen Bio-Glycerin und Bio-Mandel\u00f6l unterst\u00fctzt die Zirbencreme ein angenehmes Hautgef\u00fchl. <\/p>\n\n<p><\/p>\n","protected":false},"excerpt":{"rendered":"<div style=\"text-align: center; margin-bottom: 8px;\">\n<h3 style=\"font-style: italic; color: #5a4a3f; font-size: 18px;\">Die wohltuende Kraft der Alpenzirbe<\/h3>\n<\/div>\n<h2 style=\"margin-bottom: 8px; font-size: 22px;\">\ud83c\udf32 Zirbencreme \u2013 200 ml<\/h2>\n<p style=\"margin-bottom: 8px;\">Atmen Sie den beruhigenden Geist der Alpen ein. Diese n\u00e4hrende Creme, angereichert mit der nat\u00fcrlichen Essenz der Zirbe, bietet tiefe Entspannung f\u00fcr Ihre Haut und Sinne. Eine wohltuende Ber\u00fchrung f\u00fcr m\u00fcde Muskeln, trockene Haut oder Momente, in denen Sie ein wenig alpine Ruhe brauchen.  <\/p>\n<ul style=\"margin: 0 0 12px 18px; padding: 0;\">\n<li>\ud83c\udf3f <strong>Angereichert mit Zirben\u00f6l<\/strong> \u2013 Bekannt f\u00fcr seine beruhigenden und entz\u00fcndungshemmenden Eigenschaften<\/li>\n<li>\ud83e\uddf4 <strong>Tiefenwirksam n\u00e4hrend<\/strong> \u2013 Lindert Spannungen und stellt die Geschmeidigkeit wieder her<\/li>\n<li>\ud83d\udca8 <strong>Entspannendes Aroma<\/strong> \u2013 F\u00f6rdert einen erholsamen Schlaf und Wohlbefinden<\/li>\n<li>\ud83c\udde6\ud83c\uddf9 <strong>Hergestellt in \u00d6sterreich<\/strong> \u2013 Authentische alpine Handwerkskunst<\/li>\n<\/ul>\n<h4 style=\"margin: 15px 0 8px;\">\u2728 Anwendung:<\/h4>\n<p style=\"margin-bottom: 12px;\">Massieren Sie die Creme sanft in die gereinigte Haut ein, besonders am Abend, f\u00fcr ein beruhigendes Selbstpflege-Ritual. Ideal f\u00fcr R\u00fccken, Schultern oder Beine. <\/p>\n<h4 style=\"margin: 15px 0 8px;\">\ud83c\udf32 F\u00fcr beste Ergebnisse:<\/h4>\n<p style=\"margin-bottom: 12px;\">Kombinieren Sie die Creme mit unserer <strong>Zirbenseife<\/strong> f\u00fcr eine erfrischende Reinigung und mit unserer <strong>Zirben-K\u00f6rperlotion<\/strong> f\u00fcr eine ganzt\u00e4gige Feuchtigkeitspflege. Ihre komplette alpine Pflegeroutine, direkt aus der Natur. <\/p>\n<div style=\"text-align: center; font-size: 15px; font-style: italic; color: #5a4a3f;\">Lassen Sie sich von der heilenden Brise der Berge in Komfort und Ruhe h\u00fcllen.<\/div>\n","protected":false},"featured_media":30669,"comment_status":"open","ping_status":"closed","template":"","meta":[],"product_brand":[],"product_cat":[171,172],"product_tag":[],"class_list":{"0":"post-31143","1":"product","2":"type-product","3":"status-publish","4":"has-post-thumbnail","6":"product_cat-naturlich-biologisch","7":"product_cat-osterreichisches-produkt","9":"first","10":"outofstock","11":"taxable","12":"shipping-taxable","13":"purchasable","14":"product-type-simple"},"aioseo_notices":[],"_links":{"self":[{"href":"https:\/\/phillalpine.com\/de\/wp-json\/wp\/v2\/product\/31143","targetHints":{"allow":["GET"]}}],"collection":[{"href":"https:\/\/phillalpine.com\/de\/wp-json\/wp\/v2\/product"}],"about":[{"href":"https:\/\/phillalpine.com\/de\/wp-json\/wp\/v2\/types\/product"}],"replies":[{"embeddable":true,"href":"https:\/\/phillalpine.com\/de\/wp-json\/wp\/v2\/comments?post=31143"}],"wp:featuredmedia":[{"embeddable":true,"href":"https:\/\/phillalpine.com\/de\/wp-json\/wp\/v2\/media\/30669"}],"wp:attachment":[{"href":"https:\/\/phillalpine.com\/de\/wp-json\/wp\/v2\/media?parent=31143"}],"wp:term":[{"taxonomy":"product_brand","embeddable":true,"href":"https:\/\/phillalpine.com\/de\/wp-json\/wp\/v2\/product_brand?post=31143"},{"taxonomy":"product_cat","embeddable":true,"href":"https:\/\/phillalpine.com\/de\/wp-json\/wp\/v2\/product_cat?post=31143"},{"taxonomy":"product_tag","embeddable":true,"href":"https:\/\/phillalpine.com\/de\/wp-json\/wp\/v2\/product_tag?post=31143"}],"curies":[{"name":"wp","href":"https:\/\/api.w.org\/{rel}","templated":true}]}}