{"id":31144,"date":"2025-05-07T09:43:46","date_gmt":"2025-05-07T09:43:46","guid":{"rendered":"https:\/\/phillalpine.com\/product\/alpenkraeuter-creme\/"},"modified":"2025-08-11T08:40:30","modified_gmt":"2025-08-11T08:40:30","slug":"alpenkraeuter-creme","status":"publish","type":"product","link":"https:\/\/phillalpine.com\/de\/produkt\/alpenkraeuter-creme\/","title":{"rendered":"Alpenkr\u00e4uter-Creme"},"content":{"rendered":"\n<p>Alpenkr\u00e4uter, Die Synergie aus kostbaren Kr\u00e4uterextrakten und Nadel\u00f6len aus den lokalen Alpen, wie Arnika, Calendula, Fichte und Wacholderbeeren, belebt und verj\u00fcngt den K\u00f6rper und f\u00f6rdert die Hautdurchblutung, wodurch Sie in ein wunderbares Gef\u00fchl des Wohlbefindens eintauchen. n\u00e4hrt die Haut. Spendet Feuchtigkeit  <\/p>\n","protected":false},"excerpt":{"rendered":"<div style=\"text-align: center; margin-bottom: 8px;\">\n<h3 style=\"font-style: italic; color: #5a4a3f; font-size: 18px;\">Pure Erleichterung aus dem Herzen der Alpen<\/h3>\n<\/div>\n<h2 style=\"margin-bottom: 8px; font-size: 22px;\">\ud83c\udf3f Alpenkr\u00e4uter-Creme \u2013 200 ml<\/h2>\n<p style=\"margin-bottom: 8px;\">\u00dcberlassen Sie es der Natur, sich um Sie zu k\u00fcmmern. Diese kraftvolle und dennoch sanfte Creme, angereichert mit einer Mischung aus wilden Alpenkr\u00e4utern, beruhigt m\u00fcde Muskeln, lindert Verspannungen und revitalisiert Ihre Haut \u2013 wie eine frische Brise, die durch die Berge weht. <\/p>\n<ul style=\"margin: 0 0 12px 18px; padding: 0;\">\n<li>\ud83c\udf31 <strong>Nat\u00fcrliche Alpenkr\u00e4uter-Mischung<\/strong> \u2013 Traditionell verwendet zur Schmerzlinderung und f\u00fcr das Wohlbefinden<\/li>\n<li>\u2744\ufe0f <strong>K\u00fchlende Sensation<\/strong> \u2013 Lindert Muskelkater und f\u00f6rdert die Durchblutung<\/li>\n<li>\ud83e\uddf4 <strong>Nicht fettende Formel<\/strong> \u2013 Zieht schnell ein und ist hautfreundlich<\/li>\n<li>\ud83c\udde6\ud83c\uddf9 <strong>Hergestellt in \u00d6sterreich<\/strong> \u2013 Hergestellt mit alpiner Reinheit und Sorgfalt<\/li>\n<\/ul>\n<h4 style=\"margin: 15px 0 8px;\">\u2728 Anwendung:<\/h4>\n<p style=\"margin-bottom: 12px;\">Bei Bedarf sanft in die betroffenen Stellen einmassieren. Ideal nach einem langen Tag, einem Workout oder einfach, wenn sich Ihr K\u00f6rper nach alpinem Komfort sehnt. <\/p>\n<div style=\"text-align: center; font-size: 15px; font-style: italic; color: #5a4a3f;\">Von den Bergen zu den Muskeln \u2013 ein zeitloses Mittel, das Sie f\u00fchlen k\u00f6nnen. \ud83c\udf43<\/div>\n","protected":false},"featured_media":30668,"comment_status":"open","ping_status":"closed","template":"","meta":[],"product_brand":[],"product_cat":[171,172],"product_tag":[],"class_list":{"0":"post-31144","1":"product","2":"type-product","3":"status-publish","4":"has-post-thumbnail","6":"product_cat-naturlich-biologisch","7":"product_cat-osterreichisches-produkt","9":"first","10":"outofstock","11":"taxable","12":"shipping-taxable","13":"purchasable","14":"product-type-simple"},"aioseo_notices":[],"_links":{"self":[{"href":"https:\/\/phillalpine.com\/de\/wp-json\/wp\/v2\/product\/31144","targetHints":{"allow":["GET"]}}],"collection":[{"href":"https:\/\/phillalpine.com\/de\/wp-json\/wp\/v2\/product"}],"about":[{"href":"https:\/\/phillalpine.com\/de\/wp-json\/wp\/v2\/types\/product"}],"replies":[{"embeddable":true,"href":"https:\/\/phillalpine.com\/de\/wp-json\/wp\/v2\/comments?post=31144"}],"wp:featuredmedia":[{"embeddable":true,"href":"https:\/\/phillalpine.com\/de\/wp-json\/wp\/v2\/media\/30668"}],"wp:attachment":[{"href":"https:\/\/phillalpine.com\/de\/wp-json\/wp\/v2\/media?parent=31144"}],"wp:term":[{"taxonomy":"product_brand","embeddable":true,"href":"https:\/\/phillalpine.com\/de\/wp-json\/wp\/v2\/product_brand?post=31144"},{"taxonomy":"product_cat","embeddable":true,"href":"https:\/\/phillalpine.com\/de\/wp-json\/wp\/v2\/product_cat?post=31144"},{"taxonomy":"product_tag","embeddable":true,"href":"https:\/\/phillalpine.com\/de\/wp-json\/wp\/v2\/product_tag?post=31144"}],"curies":[{"name":"wp","href":"https:\/\/api.w.org\/{rel}","templated":true}]}}