{"id":31152,"date":"2025-05-07T09:26:51","date_gmt":"2025-05-07T09:26:51","guid":{"rendered":"https:\/\/phillalpine.com\/product\/lavendel-koerperlotion\/"},"modified":"2025-08-11T08:40:37","modified_gmt":"2025-08-11T08:40:37","slug":"lavendel-koerperlotion","status":"publish","type":"product","link":"https:\/\/phillalpine.com\/de\/produkt\/lavendel-koerperlotion\/","title":{"rendered":"Lavendel-K\u00f6rperlotion"},"content":{"rendered":"\n<p>Lavendel-K\u00f6rperlotion. Die ausgleichende Wirkung von reinem Lavendel\u00f6l (Lavandula angustifolia) wirkt sowohl belebend als auch entspannend. Lavendel wirkt verj\u00fcngend bei M\u00fcdigkeit, hilft Ihnen, sich zu konzentrieren und beruhigt K\u00f6rper, Geist und Seele. Sanfte Pflege f\u00fcr die Haut   <\/p>\n","protected":false},"excerpt":{"rendered":"<div style=\"text-align: center; margin-bottom: 8px;\">\n<h3 style=\"font-style: italic; color: #5a4a3f; font-size: 18px;\">Ruhe in jeder Ber\u00fchrung, Geborgenheit in jedem Tropfen<\/h3>\n<\/div>\n<h2 style=\"margin-bottom: 8px; font-size: 22px;\">\ud83d\udc9c Lavendel-K\u00f6rperlotion \u2013 250 ml<\/h2>\n<p style=\"margin-bottom: 8px;\">H\u00fcllen Sie Ihre Haut in Gelassenheit mit dieser beruhigenden K\u00f6rperlotion, die zart mit reiner Lavendelessenz angereichert ist. Lassen Sie das sanfte blumige Aroma Ihre Sinne beruhigen, w\u00e4hrend reichhaltige, pflegende Inhaltsstoffe Feuchtigkeit spenden und die Haut weich machen \u2013 und die t\u00e4gliche Pflege in ein friedliches Ritual verwandeln. <\/p>\n<ul style=\"margin: 0 0 12px 18px; padding: 0;\">\n<li>\ud83d\udca7 <strong>Tiefe Hydratation<\/strong> \u2013 Hinterl\u00e4sst Ihre Haut seidig und erfrischt<\/li>\n<li>\ud83c\udf38 <strong>\u00c4therisches Lavendel\u00f6l<\/strong> \u2013 Nat\u00fcrlich beruhigend und entspannend<\/li>\n<li>\ud83c\udf3f <strong>Sanfte Formel<\/strong> \u2013 Ideal f\u00fcr den t\u00e4glichen Gebrauch und alle Hauttypen<\/li>\n<li>\ud83c\udde6\ud83c\uddf9 <strong>Hergestellt in \u00d6sterreich<\/strong> \u2013 Mit Sorgfalt, Reinheit und alpiner Tradition<\/li>\n<\/ul>\n<h4 style=\"margin: 15px 0 8px;\">\ud83c\udf3c Anwendung:<\/h4>\n<p style=\"margin-bottom: 12px;\">Morgens oder abends auf die gereinigte Haut auftragen. Sanft in kreisenden Bewegungen einmassieren und den beruhigenden Lavendelduft einatmen. <\/p>\n<div style=\"text-align: center; font-size: 15px; font-style: italic; color: #5a4a3f;\">Lassen Sie jede Anwendung ein Moment der Stille sein \u2013 eine sanfte Flucht, geh\u00fcllt in Lavendeltr\u00e4ume. \ud83c\udf19<\/div>\n","protected":false},"featured_media":30667,"comment_status":"open","ping_status":"closed","template":"","meta":[],"product_brand":[],"product_cat":[178,172],"product_tag":[],"class_list":{"0":"post-31152","1":"product","2":"type-product","3":"status-publish","4":"has-post-thumbnail","6":"product_cat-atherisches-ol-salbe","7":"product_cat-osterreichisches-produkt","9":"first","10":"outofstock","11":"taxable","12":"shipping-taxable","13":"purchasable","14":"product-type-simple"},"aioseo_notices":[],"_links":{"self":[{"href":"https:\/\/phillalpine.com\/de\/wp-json\/wp\/v2\/product\/31152","targetHints":{"allow":["GET"]}}],"collection":[{"href":"https:\/\/phillalpine.com\/de\/wp-json\/wp\/v2\/product"}],"about":[{"href":"https:\/\/phillalpine.com\/de\/wp-json\/wp\/v2\/types\/product"}],"replies":[{"embeddable":true,"href":"https:\/\/phillalpine.com\/de\/wp-json\/wp\/v2\/comments?post=31152"}],"wp:featuredmedia":[{"embeddable":true,"href":"https:\/\/phillalpine.com\/de\/wp-json\/wp\/v2\/media\/30667"}],"wp:attachment":[{"href":"https:\/\/phillalpine.com\/de\/wp-json\/wp\/v2\/media?parent=31152"}],"wp:term":[{"taxonomy":"product_brand","embeddable":true,"href":"https:\/\/phillalpine.com\/de\/wp-json\/wp\/v2\/product_brand?post=31152"},{"taxonomy":"product_cat","embeddable":true,"href":"https:\/\/phillalpine.com\/de\/wp-json\/wp\/v2\/product_cat?post=31152"},{"taxonomy":"product_tag","embeddable":true,"href":"https:\/\/phillalpine.com\/de\/wp-json\/wp\/v2\/product_tag?post=31152"}],"curies":[{"name":"wp","href":"https:\/\/api.w.org\/{rel}","templated":true}]}}