{"id":31157,"date":"2025-05-07T09:18:03","date_gmt":"2025-05-07T09:18:03","guid":{"rendered":"https:\/\/phillalpine.com\/product\/johanniskraut-teebaumoel-nachtcreme\/"},"modified":"2025-08-11T08:40:37","modified_gmt":"2025-08-11T08:40:37","slug":"johanniskraut-teebaumoel-nachtcreme","status":"publish","type":"product","link":"https:\/\/phillalpine.com\/de\/produkt\/johanniskraut-teebaumoel-nachtcreme\/","title":{"rendered":"Johanniskraut-Teebaum\u00f6l-Nachtcreme"},"content":{"rendered":"\n<p>Die harmonische Synergie aus den antibakteriellen und hautregenerierenden Eigenschaften des Teebaum\u00f6ls in Kombination mit den hautberuhigenden und entz\u00fcndungshemmenden Wirkungen des Johanniskraut\u00f6ls ist ideal f\u00fcr die tiefenwirksame Rundumpflege der Gesichtshaut. beruhigt und regeneriert die Haut \u00fcber Nacht spendet Feuchtigkeit <\/p>\n\n<p><\/p>\n","protected":false},"excerpt":{"rendered":"<div style=\"text-align: center; margin-bottom: 8px;\">\n<h3 style=\"font-style: italic; color: #5a4a3f; font-size: 18px;\">Eine sanfte Umarmung f\u00fcr Ihre Haut, w\u00e4hrend Sie schlafen<\/h3>\n<\/div>\n<h2 style=\"margin-bottom: 8px; font-size: 22px;\">\ud83c\udf19 Johanniskraut &amp; Teebaum\u00f6l Nachtcreme \u2013 50ml<\/h2>\n<p style=\"margin-bottom: 8px;\">Lassen Sie Ihre Haut mit der heilenden Ber\u00fchrung der Natur entspannen. Diese luxuri\u00f6se Nachtcreme kombiniert die beruhigende Essenz von Johanniskraut mit der reinigenden Kraft des Teebaum\u00f6ls \u2013 und hilft so, Ihre Haut zu beruhigen, wiederherzustellen und zu n\u00e4hren, w\u00e4hrend Sie tr\u00e4umen. <\/p>\n<ul style=\"margin: 0 0 12px 18px; padding: 0;\">\n<li>\ud83c\udf3f <strong>Johanniskrautextrakt<\/strong> \u2013 Bekannt daf\u00fcr, R\u00f6tungen und Irritationen zu lindern<\/li>\n<li>\ud83c\udf43 <strong>Teebaum\u00f6l<\/strong> \u2013 Hilft, Ihre Haut zu kl\u00e4ren und auszugleichen<\/li>\n<li>\ud83c\udf19 <strong>Erholung in der Nacht<\/strong> \u2013 Wachen Sie mit weicherer, beruhigter Haut auf<\/li>\n<li>\ud83c\udde6\ud83c\uddf9 <strong>Hergestellt in \u00d6sterreich<\/strong> \u2013 Verwurzelt in der alpinen Kr\u00e4utertradition<\/li>\n<\/ul>\n<h4 style=\"margin: 15px 0 8px;\">\ud83d\udd4a\ufe0f Anwendung:<\/h4>\n<p style=\"margin-bottom: 12px;\">Vor dem Schlafengehen eine kleine Menge auf die gereinigte Haut auftragen. Mit Aufw\u00e4rtsbewegungen sanft in Gesicht und Hals einmassieren. Lassen Sie die Natur den Rest erledigen.  <\/p>\n<div style=\"text-align: center; font-size: 15px; font-style: italic; color: #5a4a3f;\">Gleiten Sie in einen friedlichen Schlaf \u2013 Ihre Haut ist in die stille Pflege alpiner Pflanzenstoffe geh\u00fcllt. \ud83c\udf0c<\/div>\n","protected":false},"featured_media":30675,"comment_status":"open","ping_status":"closed","template":"","meta":[],"product_brand":[],"product_cat":[171,172],"product_tag":[],"class_list":{"0":"post-31157","1":"product","2":"type-product","3":"status-publish","4":"has-post-thumbnail","6":"product_cat-naturlich-biologisch","7":"product_cat-osterreichisches-produkt","9":"first","10":"outofstock","11":"taxable","12":"shipping-taxable","13":"purchasable","14":"product-type-simple"},"aioseo_notices":[],"_links":{"self":[{"href":"https:\/\/phillalpine.com\/de\/wp-json\/wp\/v2\/product\/31157","targetHints":{"allow":["GET"]}}],"collection":[{"href":"https:\/\/phillalpine.com\/de\/wp-json\/wp\/v2\/product"}],"about":[{"href":"https:\/\/phillalpine.com\/de\/wp-json\/wp\/v2\/types\/product"}],"replies":[{"embeddable":true,"href":"https:\/\/phillalpine.com\/de\/wp-json\/wp\/v2\/comments?post=31157"}],"wp:featuredmedia":[{"embeddable":true,"href":"https:\/\/phillalpine.com\/de\/wp-json\/wp\/v2\/media\/30675"}],"wp:attachment":[{"href":"https:\/\/phillalpine.com\/de\/wp-json\/wp\/v2\/media?parent=31157"}],"wp:term":[{"taxonomy":"product_brand","embeddable":true,"href":"https:\/\/phillalpine.com\/de\/wp-json\/wp\/v2\/product_brand?post=31157"},{"taxonomy":"product_cat","embeddable":true,"href":"https:\/\/phillalpine.com\/de\/wp-json\/wp\/v2\/product_cat?post=31157"},{"taxonomy":"product_tag","embeddable":true,"href":"https:\/\/phillalpine.com\/de\/wp-json\/wp\/v2\/product_tag?post=31157"}],"curies":[{"name":"wp","href":"https:\/\/api.w.org\/{rel}","templated":true}]}}