{"id":31162,"date":"2025-04-29T10:13:29","date_gmt":"2025-04-29T10:13:29","guid":{"rendered":"https:\/\/phillalpine.com\/product\/katinko-creme-30g\/"},"modified":"2025-08-11T08:40:46","modified_gmt":"2025-08-11T08:40:46","slug":"katinko-creme-30g","status":"publish","type":"product","link":"https:\/\/phillalpine.com\/de\/produkt\/katinko-creme-30g\/","title":{"rendered":"Katinko Creme 30g"},"content":{"rendered":"\n<p>Katinko Creme 30g. Katinko ist ein Markenname f\u00fcr verschiedene rezeptfreie (OTC) Schmerzlinderungsprodukte, darunter ein Naseninhalator, ein \u00d6lliniment und ein Sportspray. Der Naseninhalator hilft, Beschwerden in der Nase zu lindern, das \u00d6lliniment hilft bei Schwindel, Fieber, Erk\u00e4ltungen und leichten Schmerzen, und das Sportspray wird bei R\u00fcckenschmerzen, Muskel- oder Gelenkschmerzen und anderen Beschwerden eingesetzt.   <\/p>\n","protected":false},"excerpt":{"rendered":"<div class=\"product-description\" style=\"font-family: 'Poppins', sans-serif; color: #4b3832; line-height: 1.6;\">\n<h2 style=\"font-size: 2em; color: #d2b48c; text-align: center;\">Komfort, auf den Sie sich immer verlassen k\u00f6nnen<\/h2>\n<h3 style=\"font-size: 1.5em; text-align: center; margin-top: 0;\">Katinko Creme \u2013 eine sanfte Ber\u00fchrung der Heilung von zu Hause<\/h3>\n<p style=\"font-size: 1.1em; margin-top: 20px;\">Ob Sie weit weg von Ihren Wurzeln sind oder einfach nur Linderung suchen, die sich wie eine warme Umarmung anf\u00fchlt, <strong>Katinko Creme<\/strong> bringt den vertrauten Komfort von zu Hause. Mit seiner beruhigenden Mentholmischung ist jede Anwendung ein stiller Moment der Heilung, genau wie die F\u00fcrsorge, an die Sie sich aus Ihrer Kindheit erinnern. <\/p>\n<ul style=\"list-style: none; padding-left: 0; font-size: 1.1em; margin-top: 20px;\">\n<li>\ud83c\udf3f <strong>K\u00fchlende Mentholformel<\/strong> \u2013 Lindert Kopfschmerzen, Muskelschmerzen und leichte Hautirritationen<\/li>\n<li>\ud83e\udef6 <strong>Nicht fettend &amp; sanft<\/strong> \u2013 Ideal f\u00fcr den t\u00e4glichen Gebrauch, sicher f\u00fcr empfindliche Haut<\/li>\n<li>\ud83d\udecc <strong>Entspannt &amp; Verj\u00fcngt<\/strong> \u2013 Perfekt zum Entspannen nach einem langen Tag<\/li>\n<li>\ud83c\uddf5\ud83c\udded <strong>Ein philippinischer Klassiker<\/strong> \u2013 Ein Muss in der Hausapotheke \u00fcber Generationen hinweg<\/li>\n<li>\u2728 <strong>Sofortige Linderung, lang anhaltender Komfort<\/strong> \u2013 F\u00fchlen Sie sich besser, leben Sie strahlender<\/li>\n<\/ul>\n<h4 style=\"font-size: 1.3em; margin-top: 30px;\">\ud83e\uddf4 Anwendung:<\/h4>\n<p style=\"font-size: 1.1em;\">Eine kleine Menge auf die betroffene Stelle auftragen und sanft einmassieren. Verwenden Sie es bei Kopfschmerzen, Insektenstichen, Muskelkater oder verstopfter Nase. Nur zur \u00e4u\u00dferlichen Anwendung.  <\/p>\n<p style=\"font-size: 1.2em; font-weight: bold; margin-top: 30px; text-align: center;\">Katinko Creme \u2013 Ein beruhigendes Fl\u00fcstern von zu Hause, wo immer Sie sind.<\/p>\n<\/div>\n","protected":false},"featured_media":30634,"comment_status":"open","ping_status":"closed","template":"","meta":[],"product_brand":[],"product_cat":[170,191],"product_tag":[],"class_list":{"0":"post-31162","1":"product","2":"type-product","3":"status-publish","4":"has-post-thumbnail","6":"product_cat-philippinische-produkte","7":"product_cat-strahle-mit-pinoy-pflege","9":"first","10":"outofstock","11":"taxable","12":"shipping-taxable","13":"purchasable","14":"product-type-simple"},"aioseo_notices":[],"_links":{"self":[{"href":"https:\/\/phillalpine.com\/de\/wp-json\/wp\/v2\/product\/31162","targetHints":{"allow":["GET"]}}],"collection":[{"href":"https:\/\/phillalpine.com\/de\/wp-json\/wp\/v2\/product"}],"about":[{"href":"https:\/\/phillalpine.com\/de\/wp-json\/wp\/v2\/types\/product"}],"replies":[{"embeddable":true,"href":"https:\/\/phillalpine.com\/de\/wp-json\/wp\/v2\/comments?post=31162"}],"wp:featuredmedia":[{"embeddable":true,"href":"https:\/\/phillalpine.com\/de\/wp-json\/wp\/v2\/media\/30634"}],"wp:attachment":[{"href":"https:\/\/phillalpine.com\/de\/wp-json\/wp\/v2\/media?parent=31162"}],"wp:term":[{"taxonomy":"product_brand","embeddable":true,"href":"https:\/\/phillalpine.com\/de\/wp-json\/wp\/v2\/product_brand?post=31162"},{"taxonomy":"product_cat","embeddable":true,"href":"https:\/\/phillalpine.com\/de\/wp-json\/wp\/v2\/product_cat?post=31162"},{"taxonomy":"product_tag","embeddable":true,"href":"https:\/\/phillalpine.com\/de\/wp-json\/wp\/v2\/product_tag?post=31162"}],"curies":[{"name":"wp","href":"https:\/\/api.w.org\/{rel}","templated":true}]}}