{"id":31189,"date":"2025-04-24T07:02:11","date_gmt":"2025-04-24T07:02:11","guid":{"rendered":"https:\/\/phillalpine.com\/product\/cetaphil-reinigungslotion-250ml\/"},"modified":"2025-08-11T08:42:02","modified_gmt":"2025-08-11T08:42:02","slug":"cetaphil-reinigungslotion-250ml","status":"publish","type":"product","link":"https:\/\/phillalpine.com\/de\/produkt\/cetaphil-reinigungslotion-250ml\/","title":{"rendered":"Cetaphil Reinigungslotion 250ml"},"content":{"rendered":"\n<p>Cetaphil Cleanser 250ml, Cetaphil ist sehr mild und wird von den meisten Dermatologen empfohlen, auch f\u00fcr Menschen mit empfindlicher Haut. Daher ist <strong>es eine gute Option, es als Gesichtsw\u00e4sche zu verwenden<\/strong>. W\u00e4hrend Cetaphil-Reinigungsmittel bei der Behandlung von zu Akne neigender Haut hilfreich sein k\u00f6nnen, indem sie sanft Schmutz und \u00d6l entfernen, sind sie keine direkte Aknebehandlung. Cetaphil&#8217;s Gentle Clear Clarifying Acne Cream Cleanser, der Salicyls\u00e4ure enth\u00e4lt, wurde speziell f\u00fcr zu Akne neigende Haut entwickelt und kann helfen, Ausbr\u00fcche zu beseitigen und zu verhindern  <\/p>\n","protected":false},"excerpt":{"rendered":"<section style=\"font-family: 'Segoe UI', Tahoma, Geneva, Verdana, sans-serif; background-color: #f9f9f9; padding: 40px 20px; border-radius: 12px; max-width: 800px; margin: auto;\">\n<h2 style=\"text-align: center; color: #2c2c2c; font-size: 2rem; margin-bottom: 10px;\">\n Cetaphil milde Hautreinigung 250ml<br \/>\n  <\/h2>\n<p style=\"text-align: center; font-style: italic; color: #b8860b; font-size: 1.1rem; margin-bottom: 30px;\">\n Sanfte Pflege, f\u00fcr die Ihre Haut Ihnen dankbar sein wird.\n  <\/p>\n<p style=\"font-size: 1rem; color: #333; line-height: 1.6; margin-bottom: 20px;\">\n Cetaphil Gentle Skin Cleanser wird von Dermatologen weltweit empfohlen und ist eine parf\u00fcmfreie, nicht reizende Formel, die beruhigt, hydratisiert und sch\u00fctzt \u2013 ohne die nat\u00fcrliche Barriere Ihrer Haut zu beeintr\u00e4chtigen. Perfekt f\u00fcr die t\u00e4gliche Anwendung selbst bei empfindlichster Haut.\n  <\/p>\n<ul style=\"list-style: none; padding: 0; margin: 0 0 30px 0; font-size: 1rem; color: #444;\">\n<li style=\"margin-bottom: 10px;\">\ud83c\udf3f <strong>Mild &amp; Nicht komedogen<\/strong> \u2013 Verstopft die Poren nicht<\/li>\n<li style=\"margin-bottom: 10px;\">\ud83d\udca7 <strong>Feuchtigkeitsspendende Formel<\/strong> \u2013 Hilft, die nat\u00fcrliche Feuchtigkeit der Haut zu bewahren<\/li>\n<li style=\"margin-bottom: 10px;\">\ud83d\udeab <strong>Ohne Duftstoffe, ohne Seife<\/strong> \u2013 Nur reine, sanfte Reinigung<\/li>\n<li style=\"margin-bottom: 10px;\">\ud83d\udc76 <strong>Sicher f\u00fcr jedes Alter<\/strong> \u2013 Auch f\u00fcr Babys und Menschen mit zu Ekzemen neigender Haut<\/li>\n<\/ul>\n<p style=\"font-size: 1rem; color: #333; line-height: 1.6;\">\n Egal, ob Sie Ihre Hautpflege-Reise beginnen oder Ihre Routine vereinfachen, diese 250-ml-Flasche ist Ihr t\u00e4glicher Begleiter f\u00fcr eine saubere, beruhigte und gesund aussehende Haut.\n  <\/p>\n<div style=\"margin-top: 40px;\">\n<h3 style=\"color: #b8860b; font-size: 1.4rem; margin-bottom: 10px;\">\u2728 Erzielen Sie die besten Ergebnisse<\/h3>\n<p style=\"font-size: 1rem; color: #444; line-height: 1.6;\">\n F\u00fcr optimale Feuchtigkeit und Schutz der Hautbarriere tragen Sie nach der Reinigung die <strong>Cetaphil Feuchtigkeitslotion<\/strong> auf. Dieses leistungsstarke Duo hilft, die Feuchtigkeit bis zu 48 Stunden lang einzuschlie\u00dfen und st\u00e4rkt die Abwehrkr\u00e4fte Ihrer Haut gegen Trockenheit, Reizungen und Umweltstressoren.\n    <\/p>\n<ul style=\"list-style: disc; margin-left: 20px; color: #444;\">\n<li>Beruhigt und bes\u00e4nftigt empfindliche Haut<\/li>\n<li>N\u00e4hrt die Haut intensiv, ohne fettige R\u00fcckst\u00e4nde zu hinterlassen<\/li>\n<li>Perfekt f\u00fcr die t\u00e4gliche Anwendung morgens und abends<\/li>\n<\/ul><\/div>\n<\/section>\n","protected":false},"featured_media":30647,"comment_status":"open","ping_status":"closed","template":"","meta":[],"product_brand":[],"product_cat":[170,191],"product_tag":[],"class_list":{"0":"post-31189","1":"product","2":"type-product","3":"status-publish","4":"has-post-thumbnail","6":"product_cat-philippinische-produkte","7":"product_cat-strahle-mit-pinoy-pflege","9":"first","10":"outofstock","11":"taxable","12":"shipping-taxable","13":"purchasable","14":"product-type-simple"},"aioseo_notices":[],"_links":{"self":[{"href":"https:\/\/phillalpine.com\/de\/wp-json\/wp\/v2\/product\/31189","targetHints":{"allow":["GET"]}}],"collection":[{"href":"https:\/\/phillalpine.com\/de\/wp-json\/wp\/v2\/product"}],"about":[{"href":"https:\/\/phillalpine.com\/de\/wp-json\/wp\/v2\/types\/product"}],"replies":[{"embeddable":true,"href":"https:\/\/phillalpine.com\/de\/wp-json\/wp\/v2\/comments?post=31189"}],"wp:featuredmedia":[{"embeddable":true,"href":"https:\/\/phillalpine.com\/de\/wp-json\/wp\/v2\/media\/30647"}],"wp:attachment":[{"href":"https:\/\/phillalpine.com\/de\/wp-json\/wp\/v2\/media?parent=31189"}],"wp:term":[{"taxonomy":"product_brand","embeddable":true,"href":"https:\/\/phillalpine.com\/de\/wp-json\/wp\/v2\/product_brand?post=31189"},{"taxonomy":"product_cat","embeddable":true,"href":"https:\/\/phillalpine.com\/de\/wp-json\/wp\/v2\/product_cat?post=31189"},{"taxonomy":"product_tag","embeddable":true,"href":"https:\/\/phillalpine.com\/de\/wp-json\/wp\/v2\/product_tag?post=31189"}],"curies":[{"name":"wp","href":"https:\/\/api.w.org\/{rel}","templated":true}]}}