{"id":31225,"date":"2025-07-07T10:52:31","date_gmt":"2025-07-07T10:52:31","guid":{"rendered":"https:\/\/phillalpine.com\/product\/lucky-me-pancit-canton-chilimansi\/"},"modified":"2025-07-07T10:52:31","modified_gmt":"2025-07-07T10:52:31","slug":"lucky-me-pancit-canton-chilimansi","status":"publish","type":"product","link":"https:\/\/phillalpine.com\/de\/produkt\/lucky-me-pancit-canton-chilimansi\/","title":{"rendered":"Lucky Me Pancit Canton Chilimansi"},"content":{"rendered":"","protected":false},"excerpt":{"rendered":"<div style=\"text-align: center; margin-bottom: 8px;\">\n<h3 style=\"font-style: italic; color: #5A4A3F; font-size: 18px;\">\n  Ein spritziger Kick, der genau richtig ist<br \/>\n  <\/h3>\n<\/div>\n<h2 style=\"margin-bottom: 8px; font-size: 22px;\">\ud83c\udf36\ufe0f\ud83c\udf4b Lucky Me! Pancit Canton \u2013 Chilimansi <\/h2>\n<p style=\"margin-bottom: 8px;\">\n  Wo Sch\u00e4rfe auf W\u00fcrze trifft, geschieht Magie. Lucky Me! Pancit Canton Chilimansi bietet die perfekte Mischung aus scharfem Chili und spritziger Calamansi in jeder einzelnen Nudel \u2013 und bringt so kr\u00e4ftigen Geschmack und helles philippinisches Flair in jede schnelle Mahlzeit oder jedes Verlangen in der sp\u00e4ten Nacht.\n<\/p>\n<ul style=\"margin: 0 0 12px 18px; padding: 0;\">\n<li>\ud83c\udf36\ufe0f <strong>Chili-Sch\u00e4rfe<\/strong> \u2013 Genau die richtige Sch\u00e4rfe, um Ihre Geschmacksnerven zu wecken<\/li>\n<li>\ud83c\udf4b <strong>Calamansi-Zeste<\/strong> \u2013 Eine erfrischende Zitrusnote<\/li>\n<li>\ud83c\udf5c <strong>W\u00fcrzige Pancit Canton Nudeln<\/strong> \u2013 Z\u00e4h und voller Geschmack<\/li>\n<li>\ud83c\uddf5\ud83c\udded <strong>Philippinische Lieblingskombination<\/strong> \u2013 Ein einzigartiges philippinisches Geschmackserlebnis<\/li>\n<\/ul>\n<h4 style=\"margin: 15px 0 8px;\">\ud83c\udf74 Wie man es genie\u00dft:<\/h4>\n<p style=\"margin-bottom: 12px;\">\n  Nudeln kochen, abgie\u00dfen und mit der Gew\u00fcrzmischung vermischen. F\u00fcr eine pers\u00f6nliche Note eine Scheibe Ei oder einen Schuss extra Calamansi hinzuf\u00fcgen.\n<\/p>\n<div style=\"text-align: center; font-size: 15px; font-style: italic; color: #5A4A3F;\">\n  \ud83c\udf36\ufe0f\ud83c\udf4b Ein kr\u00e4ftiger philippinischer Happen \u2013 scharf, w\u00fcrzig, unvergesslich.\n<\/div>\n","protected":false},"featured_media":30804,"comment_status":"open","ping_status":"closed","template":"","meta":[],"product_brand":[],"product_cat":[240,196,170],"product_tag":[],"class_list":{"0":"post-31225","1":"product","2":"type-product","3":"status-publish","4":"has-post-thumbnail","6":"product_cat-lucky-me-de","7":"product_cat-nudelzeit-nach-pinoy-art","8":"product_cat-philippinische-produkte","10":"first","11":"outofstock","12":"taxable","13":"shipping-taxable","14":"purchasable","15":"product-type-simple"},"aioseo_notices":[],"_links":{"self":[{"href":"https:\/\/phillalpine.com\/de\/wp-json\/wp\/v2\/product\/31225","targetHints":{"allow":["GET"]}}],"collection":[{"href":"https:\/\/phillalpine.com\/de\/wp-json\/wp\/v2\/product"}],"about":[{"href":"https:\/\/phillalpine.com\/de\/wp-json\/wp\/v2\/types\/product"}],"replies":[{"embeddable":true,"href":"https:\/\/phillalpine.com\/de\/wp-json\/wp\/v2\/comments?post=31225"}],"wp:featuredmedia":[{"embeddable":true,"href":"https:\/\/phillalpine.com\/de\/wp-json\/wp\/v2\/media\/30804"}],"wp:attachment":[{"href":"https:\/\/phillalpine.com\/de\/wp-json\/wp\/v2\/media?parent=31225"}],"wp:term":[{"taxonomy":"product_brand","embeddable":true,"href":"https:\/\/phillalpine.com\/de\/wp-json\/wp\/v2\/product_brand?post=31225"},{"taxonomy":"product_cat","embeddable":true,"href":"https:\/\/phillalpine.com\/de\/wp-json\/wp\/v2\/product_cat?post=31225"},{"taxonomy":"product_tag","embeddable":true,"href":"https:\/\/phillalpine.com\/de\/wp-json\/wp\/v2\/product_tag?post=31225"}],"curies":[{"name":"wp","href":"https:\/\/api.w.org\/{rel}","templated":true}]}}