{"id":31230,"date":"2025-07-07T08:50:15","date_gmt":"2025-07-07T08:50:15","guid":{"rendered":"https:\/\/phillalpine.com\/product\/lucky-me-go-cup-meeresfruechte\/"},"modified":"2025-07-07T08:50:15","modified_gmt":"2025-07-07T08:50:15","slug":"lucky-me-go-cup-meeresfruechte","status":"publish","type":"product","link":"https:\/\/phillalpine.com\/de\/produkt\/lucky-me-go-cup-meeresfruechte\/","title":{"rendered":"Lucky Me Go-Cup Meeresfr\u00fcchte"},"content":{"rendered":"","protected":false},"excerpt":{"rendered":"<div style=\"text-align: center; margin-bottom: 8px;\">\n<h3 style=\"font-style: italic; color: #5A4A3F; font-size: 18px;\">\n Meeresgeschmack in jedem L\u00f6ffel<br \/>\n  <\/h3>\n<\/div>\n<h2 style=\"margin-bottom: 8px; font-size: 22px;\">\ud83e\udd90 Lucky Me! Go-Cup \u2013 Meeresfr\u00fcchte <\/h2>\n<p style=\"margin-bottom: 8px;\">\n Lust auf den herzhaften Geschmack von Meeresfr\u00fcchten, aber wenig Zeit? Lucky Me! Go Cup Seafood ist Ihre schnelle und k\u00f6stliche Auszeit. Mit seiner leichten, salzigen Br\u00fche und den elastischen Nudeln bringt er einen Hauch von Meer, wo immer Sie sind \u2013 jederzeit, wenn Sie Trost in einer Tasse brauchen.\n<\/p>\n<ul style=\"margin: 0 0 12px 18px; padding: 0;\">\n<li>\ud83c\udf0a <strong>Von Meeresfr\u00fcchten inspirierte Br\u00fche<\/strong> \u2013 Leicht, herzhaft und aromatisch<\/li>\n<li>\ud83c\udf5c <strong>Schnellkochende Nudeln<\/strong> \u2013 In wenigen Minuten fertig<\/li>\n<li>\ud83c\udfa3 <strong>Perfekt tragbar<\/strong> \u2013 Ideal f\u00fcr Mahlzeiten unterwegs oder eine leichte Zwischenmahlzeit<\/li>\n<li>\ud83c\uddf5\ud83c\udded <strong>Ein vertrauensw\u00fcrdiger philippinischer Klassiker<\/strong> \u2013 Ein Muss in der Vorratskammer mit nostalgischem Geschmack<\/li>\n<\/ul>\n<h4 style=\"margin: 15px 0 8px;\">\ud83c\udf74 Wie man es genie\u00dft:<\/h4>\n<p style=\"margin-bottom: 12px;\">\n Abziehen, hei\u00dfes Wasser hinzuf\u00fcgen, einige Minuten warten, umr\u00fchren und warm genie\u00dfen. F\u00fcr einen zus\u00e4tzlichen Geschmackskick einen Schuss Calamansi oder Chiliflocken hinzuf\u00fcgen!\n<\/p>\n<div style=\"text-align: center; font-size: 15px; font-style: italic; color: #5A4A3F;\">\n \ud83e\udd90 Leicht, lecker und sofort einsatzbereit \u2013 Meeresfr\u00fcchte-Genuss in einer Tasse.\n<\/div>\n","protected":false},"featured_media":30787,"comment_status":"open","ping_status":"closed","template":"","meta":[],"product_brand":[],"product_cat":[240,196,170],"product_tag":[],"class_list":{"0":"post-31230","1":"product","2":"type-product","3":"status-publish","4":"has-post-thumbnail","6":"product_cat-lucky-me-de","7":"product_cat-nudelzeit-nach-pinoy-art","8":"product_cat-philippinische-produkte","10":"first","11":"outofstock","12":"taxable","13":"shipping-taxable","14":"purchasable","15":"product-type-simple"},"aioseo_notices":[],"_links":{"self":[{"href":"https:\/\/phillalpine.com\/de\/wp-json\/wp\/v2\/product\/31230","targetHints":{"allow":["GET"]}}],"collection":[{"href":"https:\/\/phillalpine.com\/de\/wp-json\/wp\/v2\/product"}],"about":[{"href":"https:\/\/phillalpine.com\/de\/wp-json\/wp\/v2\/types\/product"}],"replies":[{"embeddable":true,"href":"https:\/\/phillalpine.com\/de\/wp-json\/wp\/v2\/comments?post=31230"}],"wp:featuredmedia":[{"embeddable":true,"href":"https:\/\/phillalpine.com\/de\/wp-json\/wp\/v2\/media\/30787"}],"wp:attachment":[{"href":"https:\/\/phillalpine.com\/de\/wp-json\/wp\/v2\/media?parent=31230"}],"wp:term":[{"taxonomy":"product_brand","embeddable":true,"href":"https:\/\/phillalpine.com\/de\/wp-json\/wp\/v2\/product_brand?post=31230"},{"taxonomy":"product_cat","embeddable":true,"href":"https:\/\/phillalpine.com\/de\/wp-json\/wp\/v2\/product_cat?post=31230"},{"taxonomy":"product_tag","embeddable":true,"href":"https:\/\/phillalpine.com\/de\/wp-json\/wp\/v2\/product_tag?post=31230"}],"curies":[{"name":"wp","href":"https:\/\/api.w.org\/{rel}","templated":true}]}}