{"id":31231,"date":"2025-07-07T08:54:28","date_gmt":"2025-07-07T08:54:28","guid":{"rendered":"https:\/\/phillalpine.com\/product\/lucky-me-go-cup-jjamppong\/"},"modified":"2025-07-07T08:54:28","modified_gmt":"2025-07-07T08:54:28","slug":"lucky-me-go-cup-jjamppong","status":"publish","type":"product","link":"https:\/\/phillalpine.com\/de\/produkt\/lucky-me-go-cup-jjamppong\/","title":{"rendered":"Lucky Me Go Cup Jjamppong"},"content":{"rendered":"","protected":false},"excerpt":{"rendered":"<div style=\"text-align: center; margin-bottom: 8px;\">\n<h3 style=\"font-style: italic; color: #5A4A3F; font-size: 18px;\">\n Kr\u00e4ftige W\u00fcrze. Tiefer Geschmack. Sofortige Befriedigung.<br \/>\n  <\/h3>\n<\/div>\n<h2 style=\"margin-bottom: 8px; font-size: 22px;\">\ud83c\udf36\ufe0f Lucky Me! Go Cup \u2013 Jjamppong <\/h2>\n<p style=\"margin-bottom: 8px;\">\n Tauche ein in eine Tasse koreanisch inspirierter W\u00fcrze mit Lucky Me! Jjamppong. Vollgepackt mit kr\u00e4ftigen Aromen und genau der richtigen Sch\u00e4rfe ist es der perfekte Muntermacher f\u00fcr k\u00fchle Nachmittage oder abenteuerliche Gel\u00fcste \u2013 kein Aufwand, nur Feuer und Geschmack.\n<\/p>\n<ul style=\"margin: 0 0 12px 18px; padding: 0;\">\n<li>\ud83d\udd25 <strong>W\u00fcrzige Meeresfr\u00fcchtebr\u00fche<\/strong> \u2013 Reichhaltig, aromatisch und voller Schwung<\/li>\n<li>\ud83c\udf5c <strong>Schnellkoch-Nudeln<\/strong> \u2013 In wenigen Minuten fertig f\u00fcr sofortigen Genuss<\/li>\n<li>\ud83e\udd62 <strong>Koreanisch inspiriertes Aroma<\/strong> \u2013 Eine k\u00fchne Wendung f\u00fcr Ihre \u00fcbliche Merienda<\/li>\n<li>\ud83c\uddf5\ud83c\udded <strong>Von Pinoys empfohlen<\/strong> \u2013 Ein Go-to-Cup f\u00fcr abenteuerlustige Geschmacksnerven<\/li>\n<\/ul>\n<h4 style=\"margin: 15px 0 8px;\">\ud83c\udf74 Wie man es genie\u00dft:<\/h4>\n<p style=\"margin-bottom: 12px;\">\n Hei\u00dfes Wasser hinzuf\u00fcgen, ziehen lassen, gut umr\u00fchren und genie\u00dfen. F\u00fcr zus\u00e4tzliche Sch\u00e4rfe mit Chiliflocken bestreuen \u2013 oder mit einer Scheibe gekochtem Ei mildern.\n<\/p>\n<div style=\"text-align: center; font-size: 15px; font-style: italic; color: #5A4A3F;\">\n \ud83c\udf36\ufe0f Ein kr\u00e4ftiger koreanischer Kick \u2013 direkt in Ihrem Becher, genau dann, wenn Sie ihn brauchen.\n<\/div>\n","protected":false},"featured_media":30788,"comment_status":"open","ping_status":"closed","template":"","meta":[],"product_brand":[],"product_cat":[240,196,170],"product_tag":[],"class_list":{"0":"post-31231","1":"product","2":"type-product","3":"status-publish","4":"has-post-thumbnail","6":"product_cat-lucky-me-de","7":"product_cat-nudelzeit-nach-pinoy-art","8":"product_cat-philippinische-produkte","10":"first","11":"outofstock","12":"taxable","13":"shipping-taxable","14":"purchasable","15":"product-type-simple"},"aioseo_notices":[],"_links":{"self":[{"href":"https:\/\/phillalpine.com\/de\/wp-json\/wp\/v2\/product\/31231","targetHints":{"allow":["GET"]}}],"collection":[{"href":"https:\/\/phillalpine.com\/de\/wp-json\/wp\/v2\/product"}],"about":[{"href":"https:\/\/phillalpine.com\/de\/wp-json\/wp\/v2\/types\/product"}],"replies":[{"embeddable":true,"href":"https:\/\/phillalpine.com\/de\/wp-json\/wp\/v2\/comments?post=31231"}],"wp:featuredmedia":[{"embeddable":true,"href":"https:\/\/phillalpine.com\/de\/wp-json\/wp\/v2\/media\/30788"}],"wp:attachment":[{"href":"https:\/\/phillalpine.com\/de\/wp-json\/wp\/v2\/media?parent=31231"}],"wp:term":[{"taxonomy":"product_brand","embeddable":true,"href":"https:\/\/phillalpine.com\/de\/wp-json\/wp\/v2\/product_brand?post=31231"},{"taxonomy":"product_cat","embeddable":true,"href":"https:\/\/phillalpine.com\/de\/wp-json\/wp\/v2\/product_cat?post=31231"},{"taxonomy":"product_tag","embeddable":true,"href":"https:\/\/phillalpine.com\/de\/wp-json\/wp\/v2\/product_tag?post=31231"}],"curies":[{"name":"wp","href":"https:\/\/api.w.org\/{rel}","templated":true}]}}