{"id":31232,"date":"2025-07-07T10:19:03","date_gmt":"2025-07-07T10:19:03","guid":{"rendered":"https:\/\/phillalpine.com\/product\/lucky-me-instant-mami-huehnchen\/"},"modified":"2025-07-07T10:19:03","modified_gmt":"2025-07-07T10:19:03","slug":"lucky-me-instant-mami-huehnchen","status":"publish","type":"product","link":"https:\/\/phillalpine.com\/de\/produkt\/lucky-me-instant-mami-huehnchen\/","title":{"rendered":"Lucky Me Instant Mami H\u00fchnchen"},"content":{"rendered":"","protected":false},"excerpt":{"rendered":"<div style=\"text-align: center; margin-bottom: 8px;\">\n<h3 style=\"font-style: italic; color: #5A4A3F; font-size: 18px;\">\n Leicht, vertraut und liebevoll philippinisch<br \/>\n  <\/h3>\n<\/div>\n<h2 style=\"margin-bottom: 8px; font-size: 22px;\">\ud83c\udf57 Lucky Me! Instant Mami \u2013 H\u00fchnchen <\/h2>\n<p style=\"margin-bottom: 8px;\">\n Manchmal sind es die einfachen Dinge, die den gr\u00f6\u00dften Trost spenden. Lucky Me! Chicken Mami ist ein zeitloser Klassiker \u2013 warm, leicht und gef\u00fcllt mit dem sanften Geschmack von hausgemachter H\u00fchnerbr\u00fche. Egal, ob Sie Ihren Tag beginnen oder ausklingen lassen, es ist immer die richtige Zeit f\u00fcr eine Sch\u00fcssel.\n<\/p>\n<ul style=\"margin: 0 0 12px 18px; padding: 0;\">\n<li>\ud83c\udf5c <strong>Klassischer H\u00fchnergeschmack<\/strong> \u2013 Leicht, herzhaft und herzerw\u00e4rmend<\/li>\n<li>\u23f1\ufe0f <strong>Schnell &amp; Einfach<\/strong> \u2013 Perfekt f\u00fcr gesch\u00e4ftige Morgenstunden oder regnerische Nachmittage<\/li>\n<li>\ud83e\udd63 <strong>S\u00e4ttigende Nudeln<\/strong> \u2013 Weich und schl\u00fcrfenswert bei jedem Bissen<\/li>\n<li>\ud83c\uddf5\ud83c\udded <strong>Pinoy Favorit<\/strong> \u2013 Ein beliebtes Comfort Food seit Generationen<\/li>\n<\/ul>\n<h4 style=\"margin: 15px 0 8px;\">\ud83c\udf74 Wie man es genie\u00dft:<\/h4>\n<p style=\"margin-bottom: 12px;\">\n Kochendes Wasser hinzuf\u00fcgen, einige Minuten warten, gut umr\u00fchren und genie\u00dfen. F\u00fcr eine besondere Note ein gekochtes Ei, etwas Pechay oder einen Spritzer Calamansi hinzuf\u00fcgen.\n<\/p>\n<div style=\"text-align: center; font-size: 15px; font-style: italic; color: #5A4A3F;\">\n \ud83c\udf57 Eine leichte Sch\u00fcssel voller Trost \u2013 wie von zu Hause, in wenigen Minuten fertig.\n<\/div>\n","protected":false},"featured_media":30801,"comment_status":"open","ping_status":"closed","template":"","meta":[],"product_brand":[],"product_cat":[240,196,170],"product_tag":[],"class_list":{"0":"post-31232","1":"product","2":"type-product","3":"status-publish","4":"has-post-thumbnail","6":"product_cat-lucky-me-de","7":"product_cat-nudelzeit-nach-pinoy-art","8":"product_cat-philippinische-produkte","10":"first","11":"outofstock","12":"taxable","13":"shipping-taxable","14":"purchasable","15":"product-type-simple"},"aioseo_notices":[],"_links":{"self":[{"href":"https:\/\/phillalpine.com\/de\/wp-json\/wp\/v2\/product\/31232","targetHints":{"allow":["GET"]}}],"collection":[{"href":"https:\/\/phillalpine.com\/de\/wp-json\/wp\/v2\/product"}],"about":[{"href":"https:\/\/phillalpine.com\/de\/wp-json\/wp\/v2\/types\/product"}],"replies":[{"embeddable":true,"href":"https:\/\/phillalpine.com\/de\/wp-json\/wp\/v2\/comments?post=31232"}],"wp:featuredmedia":[{"embeddable":true,"href":"https:\/\/phillalpine.com\/de\/wp-json\/wp\/v2\/media\/30801"}],"wp:attachment":[{"href":"https:\/\/phillalpine.com\/de\/wp-json\/wp\/v2\/media?parent=31232"}],"wp:term":[{"taxonomy":"product_brand","embeddable":true,"href":"https:\/\/phillalpine.com\/de\/wp-json\/wp\/v2\/product_brand?post=31232"},{"taxonomy":"product_cat","embeddable":true,"href":"https:\/\/phillalpine.com\/de\/wp-json\/wp\/v2\/product_cat?post=31232"},{"taxonomy":"product_tag","embeddable":true,"href":"https:\/\/phillalpine.com\/de\/wp-json\/wp\/v2\/product_tag?post=31232"}],"curies":[{"name":"wp","href":"https:\/\/api.w.org\/{rel}","templated":true}]}}