{"id":31405,"date":"2025-07-08T13:51:41","date_gmt":"2025-07-08T13:51:41","guid":{"rendered":"https:\/\/phillalpine.com\/product\/gluta-c-koerperpeeling-intensives-whitening-250g\/"},"modified":"2025-07-08T13:51:41","modified_gmt":"2025-07-08T13:51:41","slug":"gluta-c-koerperpeeling-intensives-whitening-250g","status":"publish","type":"product","link":"https:\/\/phillalpine.com\/de\/produkt\/gluta-c-koerperpeeling-intensives-whitening-250g\/","title":{"rendered":"Gluta C K\u00f6rperpeeling Intensives Whitening 250g"},"content":{"rendered":"","protected":false},"excerpt":{"rendered":"<div style=\"text-align: center; margin-bottom: 8px;\">\n<h3 style=\"font-style: italic; color: #A8453E; font-size: 18px;\">\n  Enth\u00fcllen Sie Ihr Strahlen mit jeder sanften Ber\u00fchrung<br \/>\n  <\/h3>\n<\/div>\n<h2 style=\"margin-bottom: 8px; font-size: 22px;\">\u2728 Gluta-C K\u00f6rperpeeling Intensives Aufhellen \u2013 250g<\/h2>\n<p style=\"margin-bottom: 8px;\">\n  Erleben Sie einen Ganzk\u00f6rper-Glow wie nie zuvor. Gluta-C Intense Whitening Body Scrub peelt, gl\u00e4ttet und hellt Ihre Haut mit seiner leistungsstarken Kombination aus Glutathion, Vitamin C und Kojis\u00e4ure tief auf. Dieses cremige Peeling wurde entwickelt, um Mattheit und dunkle Flecken zu bek\u00e4mpfen und hinterl\u00e4sst ein samtweiches, erfrischtes und wundersch\u00f6n strahlendes Hautgef\u00fchl.\n<\/p>\n<ul style=\"margin: 0 0 12px 18px; padding: 0;\">\n<li>\ud83c\udf1f <strong>Triple Whitening Complex<\/strong> \u2013 Glutathion, Vitamin C und Kojis\u00e4ure<\/li>\n<li>\ud83e\uddf4 <strong>Sanfte Peeling-Perlen<\/strong> \u2013 Peelt abgestorbene Hautsch\u00fcppchen ohne Irritationen<\/li>\n<li>\ud83d\udca7 <strong>Feuchtigkeitsspendende Formel<\/strong> \u2013 Macht die Haut weich, nicht abgestreift<\/li>\n<li>\ud83c\udf3f <strong>Verblasst von dunklen Flecken<\/strong> \u2013 Sorgt f\u00fcr einen klareren, ebenm\u00e4\u00dfigeren Teint<\/li>\n<\/ul>\n<h4 style=\"margin: 15px 0 8px;\">\ud83d\udec1 Wie benutzt man:<\/h4>\n<p style=\"margin-bottom: 12px;\">\n  Auf die feuchte Haut auftragen und in kreisenden Bewegungen einmassieren, wobei der Schwerpunkt auf rauen oder verf\u00e4rbten Stellen liegt. Gr\u00fcndlich aussp\u00fclen. 2\u20133 Mal w\u00f6chentlich anwenden, um die besten Ergebnisse zu erzielen.\n<\/p>\n<div style=\"text-align: center; font-size: 15px; font-style: italic; color: #A8453E;\">\n  \u2728 Gl\u00e4tten Sie es. Versch\u00f6nern Sie es. Lieben Sie die Haut, in der Sie sich befinden.\n<\/div>\n","protected":false},"featured_media":30874,"comment_status":"open","ping_status":"closed","template":"","meta":[],"product_brand":[],"product_cat":[299,170,191],"product_tag":[],"class_list":{"0":"post-31405","1":"product","2":"type-product","3":"status-publish","4":"has-post-thumbnail","6":"product_cat-gluta-c-de","7":"product_cat-philippinische-produkte","8":"product_cat-strahle-mit-pinoy-pflege","10":"first","11":"outofstock","12":"taxable","13":"shipping-taxable","14":"purchasable","15":"product-type-simple"},"aioseo_notices":[],"_links":{"self":[{"href":"https:\/\/phillalpine.com\/de\/wp-json\/wp\/v2\/product\/31405","targetHints":{"allow":["GET"]}}],"collection":[{"href":"https:\/\/phillalpine.com\/de\/wp-json\/wp\/v2\/product"}],"about":[{"href":"https:\/\/phillalpine.com\/de\/wp-json\/wp\/v2\/types\/product"}],"replies":[{"embeddable":true,"href":"https:\/\/phillalpine.com\/de\/wp-json\/wp\/v2\/comments?post=31405"}],"wp:featuredmedia":[{"embeddable":true,"href":"https:\/\/phillalpine.com\/de\/wp-json\/wp\/v2\/media\/30874"}],"wp:attachment":[{"href":"https:\/\/phillalpine.com\/de\/wp-json\/wp\/v2\/media?parent=31405"}],"wp:term":[{"taxonomy":"product_brand","embeddable":true,"href":"https:\/\/phillalpine.com\/de\/wp-json\/wp\/v2\/product_brand?post=31405"},{"taxonomy":"product_cat","embeddable":true,"href":"https:\/\/phillalpine.com\/de\/wp-json\/wp\/v2\/product_cat?post=31405"},{"taxonomy":"product_tag","embeddable":true,"href":"https:\/\/phillalpine.com\/de\/wp-json\/wp\/v2\/product_tag?post=31405"}],"curies":[{"name":"wp","href":"https:\/\/api.w.org\/{rel}","templated":true}]}}