{"id":32229,"date":"2025-09-25T12:56:15","date_gmt":"2025-09-25T12:56:15","guid":{"rendered":"https:\/\/phillalpine.com\/product\/ph-pflege-frische-bluete-150ml\/"},"modified":"2025-10-06T11:59:00","modified_gmt":"2025-10-06T11:59:00","slug":"ph-pflege-frische-bluete-150ml","status":"publish","type":"product","link":"https:\/\/phillalpine.com\/de\/produkt\/ph-pflege-frische-bluete-150ml\/","title":{"rendered":"PH PFLEGE FRISCHE BL\u00dcTE 150ML"},"content":{"rendered":"","protected":false},"excerpt":{"rendered":"<div style=\"text-align: center; margin-bottom: 8px;\">\n<h3 style=\"font-style: italic; color: #c54b8c; font-size: 18px;\">\n  Sanfte Pflege mit s\u00fc\u00df-blumiger Frische<br \/>\n  <\/h3>\n<\/div>\n<h2 style=\"margin-bottom: 8px; font-size: 22px;\">\ud83c\udf3a pH Pflege Frische Bl\u00fcte \u2013 150ml<\/h2>\n<p style=\"margin-bottom: 8px;\">\n  Genie\u00dfen Sie die zarte Note von <strong>pH Care Fresh Blossom<\/strong>, einer sanften Damenw\u00e4sche<br \/>\n , die reinigt und gleichzeitig einen <strong>leicht blumigen Duft<\/strong> hinterl\u00e4sst. Mit seiner<br \/>\n  <strong>pH-neutralen Formel<\/strong> hilft es, die nat\u00fcrlichen Abwehrkr\u00e4fte<br \/>\n Ihres K\u00f6rpers aufrechtzuerhalten und Sie <strong>den ganzen Tag \u00fcber frisch und selbstbewusst<\/strong> zu halten.\n<\/p>\n<ul style=\"margin: 0 0 12px 18px; padding: 0;\">\n<li>\ud83c\udf38 <strong>Blumige Frische<\/strong> \u2013 Ein s\u00fc\u00dfer, zarter Bl\u00fctenduft<\/li>\n<li>\ud83d\udca7 <strong>Gentle Cleansing<\/strong> \u2013 Milde Formulierung f\u00fcr die t\u00e4gliche Pflege<\/li>\n<li>\ud83c\udf3f <strong>pH Balanced<\/strong> \u2013 Sch\u00fctzt Ihr nat\u00fcrliches Gleichgewicht im Intimbereich<\/li>\n<li>\ud83d\udc69 <strong>Dermatologisch getestet<\/strong> \u2013 Sicher und schonend f\u00fcr den t\u00e4glichen Gebrauch<\/li>\n<\/ul>\n<h4 style=\"margin: 15px 0 8px;\">\u2728 Anwendung:<\/h4>\n<p style=\"margin-bottom: 12px;\">\n  Tragen Sie eine kleine Menge auf Ihre Hand auf,<br \/>\n verwenden Sie sie sanft auf den \u00e4u\u00dferen Intimbereich und sp\u00fclen Sie sie gr\u00fcndlich mit Wasser ab. Am besten t\u00e4glich anwenden, um sich frisch und selbstbewusst zu f\u00fchlen.\n<\/p>\n<div style=\"text-align: center; font-size: 15px; font-style: italic; color: #c54b8c;\">\n  \ud83c\udf3a Sp\u00fcren Sie die Frische von Bl\u00fcten \u2013 mit pH Care Fresh Blossom. \ud83c\udf38\n<\/div>\n","protected":false},"featured_media":31981,"comment_status":"open","ping_status":"closed","template":"","meta":[],"product_brand":[],"product_cat":[317,170,191],"product_tag":[],"class_list":{"0":"post-32229","1":"product","2":"type-product","3":"status-publish","4":"has-post-thumbnail","6":"product_cat-ph-care-de","7":"product_cat-philippinische-produkte","8":"product_cat-strahle-mit-pinoy-pflege","10":"first","11":"outofstock","12":"taxable","13":"shipping-taxable","14":"product-type-simple"},"aioseo_notices":[],"_links":{"self":[{"href":"https:\/\/phillalpine.com\/de\/wp-json\/wp\/v2\/product\/32229","targetHints":{"allow":["GET"]}}],"collection":[{"href":"https:\/\/phillalpine.com\/de\/wp-json\/wp\/v2\/product"}],"about":[{"href":"https:\/\/phillalpine.com\/de\/wp-json\/wp\/v2\/types\/product"}],"replies":[{"embeddable":true,"href":"https:\/\/phillalpine.com\/de\/wp-json\/wp\/v2\/comments?post=32229"}],"wp:featuredmedia":[{"embeddable":true,"href":"https:\/\/phillalpine.com\/de\/wp-json\/wp\/v2\/media\/31981"}],"wp:attachment":[{"href":"https:\/\/phillalpine.com\/de\/wp-json\/wp\/v2\/media?parent=32229"}],"wp:term":[{"taxonomy":"product_brand","embeddable":true,"href":"https:\/\/phillalpine.com\/de\/wp-json\/wp\/v2\/product_brand?post=32229"},{"taxonomy":"product_cat","embeddable":true,"href":"https:\/\/phillalpine.com\/de\/wp-json\/wp\/v2\/product_cat?post=32229"},{"taxonomy":"product_tag","embeddable":true,"href":"https:\/\/phillalpine.com\/de\/wp-json\/wp\/v2\/product_tag?post=32229"}],"curies":[{"name":"wp","href":"https:\/\/api.w.org\/{rel}","templated":true}]}}