{"id":32230,"date":"2025-09-25T12:13:12","date_gmt":"2025-09-25T12:13:12","guid":{"rendered":"https:\/\/phillalpine.com\/product\/safeguard-tawas-fresh-135g\/"},"modified":"2025-10-06T12:40:03","modified_gmt":"2025-10-06T12:40:03","slug":"safeguard-tawas-fresh-135g","status":"publish","type":"product","link":"https:\/\/phillalpine.com\/de\/produkt\/safeguard-tawas-fresh-135g\/","title":{"rendered":"SAFEGUARD TAWAS FRESH 135G"},"content":{"rendered":"","protected":false},"excerpt":{"rendered":"<div style=\"text-align: center; margin-bottom: 8px;\">\n<h3 style=\"font-style: italic; color: #2c6e91; font-size: 18px;\">\n  Frische, die anh\u00e4lt, Schutz, dem Sie vertrauen k\u00f6nnen<br \/>\n  <\/h3>\n<\/div>\n<h2 style=\"margin-bottom: 8px; font-size: 22px;\">\ud83e\uddfc Safeguard Tawas Fresh \u2013 135g<\/h2>\n<p style=\"margin-bottom: 8px;\">\n  Erleben Sie den <strong>klassischen Schutz<\/strong> von Safeguard mit der k\u00fchlenden Frische von<br \/>\n  <strong>Tawas<\/strong>. Diese antibakterielle Seife sch\u00fctzt Ihre Haut vor<br \/>\n  <strong>99,9 % der Keime<\/strong> und sorgt gleichzeitig f\u00fcr ein erfrischendes, sauberes Gef\u00fchl, das den ganzen Tag anh\u00e4lt.<br \/>\n Perfekt, um Ihre Familie bei jeder W\u00e4sche sicher und gesch\u00fctzt zu halten.\n<\/p>\n<ul style=\"margin: 0 0 12px 18px; padding: 0;\">\n<li>\ud83d\udee1\ufe0f <strong>Antibakterielle Abwehr<\/strong> \u2013 Sch\u00fctzt vor 99,9 % der Keime<\/li>\n<li>\u2744\ufe0f <strong>Tawas Fresh Scent<\/strong> \u2013 K\u00fchler, erfrischender Duft f\u00fcr dauerhaften Komfort<\/li>\n<li>\ud83d\udc68 \ud83d\udc66 \ud83d\udc69 \ud83d\udc67 <strong>Family Trusted<\/strong> \u2013 Sanft genug f\u00fcr den t\u00e4glichen Gebrauch<\/li>\n<li>\ud83e\uddf4 <strong>Von Dermatologen empfohlen<\/strong> \u2013 Nachweislich wirksam f\u00fcr saubere, gesunde Haut<\/li>\n<\/ul>\n<h4 style=\"margin: 15px 0 8px;\">\u2728 Anwendung:<\/h4>\n<p style=\"margin-bottom: 12px;\">\n  Auf der nassen Haut aufsch\u00e4umen, den erfrischenden Duft von Tawas genie\u00dfen und gr\u00fcndlich aussp\u00fclen.<br \/>\n  T\u00e4glich anwenden, um den ganzen K\u00f6rper zu sch\u00fctzen und den ganzen Tag \u00fcber frisch zu sein.\n<\/p>\n<div style=\"text-align: center; font-size: 15px; font-style: italic; color: #2c6e91;\">\n  \ud83c\udf3f Bleiben Sie frisch, bleiben Sie gesch\u00fctzt \u2013 vertrauen Sie Safeguard Tawas Fresh. \ud83e\uddfc\n<\/div>\n","protected":false},"featured_media":31972,"comment_status":"open","ping_status":"closed","template":"","meta":[],"product_brand":[],"product_cat":[170,242,191],"product_tag":[],"class_list":{"0":"post-32230","1":"product","2":"type-product","3":"status-publish","4":"has-post-thumbnail","6":"product_cat-philippinische-produkte","7":"product_cat-safeguard-de","8":"product_cat-strahle-mit-pinoy-pflege","10":"first","11":"outofstock","12":"taxable","13":"shipping-taxable","14":"product-type-simple"},"aioseo_notices":[],"_links":{"self":[{"href":"https:\/\/phillalpine.com\/de\/wp-json\/wp\/v2\/product\/32230","targetHints":{"allow":["GET"]}}],"collection":[{"href":"https:\/\/phillalpine.com\/de\/wp-json\/wp\/v2\/product"}],"about":[{"href":"https:\/\/phillalpine.com\/de\/wp-json\/wp\/v2\/types\/product"}],"replies":[{"embeddable":true,"href":"https:\/\/phillalpine.com\/de\/wp-json\/wp\/v2\/comments?post=32230"}],"wp:featuredmedia":[{"embeddable":true,"href":"https:\/\/phillalpine.com\/de\/wp-json\/wp\/v2\/media\/31972"}],"wp:attachment":[{"href":"https:\/\/phillalpine.com\/de\/wp-json\/wp\/v2\/media?parent=32230"}],"wp:term":[{"taxonomy":"product_brand","embeddable":true,"href":"https:\/\/phillalpine.com\/de\/wp-json\/wp\/v2\/product_brand?post=32230"},{"taxonomy":"product_cat","embeddable":true,"href":"https:\/\/phillalpine.com\/de\/wp-json\/wp\/v2\/product_cat?post=32230"},{"taxonomy":"product_tag","embeddable":true,"href":"https:\/\/phillalpine.com\/de\/wp-json\/wp\/v2\/product_tag?post=32230"}],"curies":[{"name":"wp","href":"https:\/\/api.w.org\/{rel}","templated":true}]}}