{"id":32231,"date":"2025-09-25T12:54:30","date_gmt":"2025-09-25T12:54:30","guid":{"rendered":"https:\/\/phillalpine.com\/product\/ph-pflege-cool-comfort-150ml\/"},"modified":"2025-10-06T12:45:37","modified_gmt":"2025-10-06T12:45:37","slug":"ph-pflege-cool-comfort-150ml","status":"publish","type":"product","link":"https:\/\/phillalpine.com\/de\/produkt\/ph-pflege-cool-comfort-150ml\/","title":{"rendered":"PH PFLEGE COOL COMFORT 150ML"},"content":{"rendered":"","protected":false},"excerpt":{"rendered":"<div style=\"text-align: center; margin-bottom: 8px;\">\n<h3 style=\"font-style: italic; color: #2c6e91; font-size: 18px;\">\n  Sanfte Pflege mit erfrischend k\u00fchlem Gef\u00fchl<br \/>\n  <\/h3>\n<\/div>\n<h2 style=\"margin-bottom: 8px; font-size: 22px;\">\ud83c\udf38 pH Pflege Cool Comfort \u2013 150ml<\/h2>\n<p style=\"margin-bottom: 8px;\">\n  Bleiben Sie jeden Tag frisch und selbstbewusst mit <strong>pH Care Cool Comfort<\/strong>, der sanften Damenw\u00e4sche<br \/>\n , die <strong>eine sanfte Reinigung<\/strong> bietet und gleichzeitig ein erfrischendes<br \/>\n  <strong>, k\u00fchlendes Gef\u00fchl<\/strong> hinterl\u00e4sst. Speziell mit einer<br \/>\n  <strong>pH-neutralen Formel<\/strong> formuliert, hilft es, den nat\u00fcrlichen Schutz Ihres K\u00f6rpers zu erhalten und<br \/>\n Sie gleichzeitig bequem und frisch zu halten.\n<\/p>\n<ul style=\"margin: 0 0 12px 18px; padding: 0;\">\n<li>\ud83d\udca7 <strong>Gentle Cleansing<\/strong> \u2013 Milde Formulierung f\u00fcr die t\u00e4gliche Damenpflege<\/li>\n<li>\u2744\ufe0f <strong>K\u00fchlender Komfort<\/strong> \u2013 Hinterl\u00e4sst ein leichtes, frisches und k\u00fchles Gef\u00fchl<\/li>\n<li>\ud83c\udf3f <strong>pH-ausgeglichen<\/strong> \u2013 Hilft, Ihren nat\u00fcrlichen Schutz zu erhalten<\/li>\n<li>\ud83d\udc69 <strong>Dermatologisch getestet<\/strong> \u2013 Sicher und schonend f\u00fcr den t\u00e4glichen Gebrauch<\/li>\n<\/ul>\n<h4 style=\"margin: 15px 0 8px;\">\u2728 Anwendung:<\/h4>\n<p style=\"margin-bottom: 12px;\">\n  Gie\u00dfen Sie eine kleine Menge auf Ihre Hand, tragen Sie sie sanft auf den \u00e4u\u00dferen Intimbereich<br \/>\n auf und sp\u00fclen Sie sie gr\u00fcndlich mit Wasser ab. T\u00e4glich anwenden, um sich sauber, frisch und selbstbewusst zu f\u00fchlen.\n<\/p>\n<div style=\"text-align: center; font-size: 15px; font-style: italic; color: #2c6e91;\">\n  \ud83c\udf38 F\u00fchlen Sie sich frisch, f\u00fchlen Sie sich selbstbewusst \u2013 jeden Tag mit pH Care Cool Comfort. \u2744\ufe0f\n<\/div>\n","protected":false},"featured_media":31979,"comment_status":"open","ping_status":"closed","template":"","meta":[],"product_brand":[],"product_cat":[317,170,191],"product_tag":[],"class_list":{"0":"post-32231","1":"product","2":"type-product","3":"status-publish","4":"has-post-thumbnail","6":"product_cat-ph-care-de","7":"product_cat-philippinische-produkte","8":"product_cat-strahle-mit-pinoy-pflege","10":"first","11":"outofstock","12":"taxable","13":"shipping-taxable","14":"product-type-simple"},"aioseo_notices":[],"_links":{"self":[{"href":"https:\/\/phillalpine.com\/de\/wp-json\/wp\/v2\/product\/32231","targetHints":{"allow":["GET"]}}],"collection":[{"href":"https:\/\/phillalpine.com\/de\/wp-json\/wp\/v2\/product"}],"about":[{"href":"https:\/\/phillalpine.com\/de\/wp-json\/wp\/v2\/types\/product"}],"replies":[{"embeddable":true,"href":"https:\/\/phillalpine.com\/de\/wp-json\/wp\/v2\/comments?post=32231"}],"wp:featuredmedia":[{"embeddable":true,"href":"https:\/\/phillalpine.com\/de\/wp-json\/wp\/v2\/media\/31979"}],"wp:attachment":[{"href":"https:\/\/phillalpine.com\/de\/wp-json\/wp\/v2\/media?parent=32231"}],"wp:term":[{"taxonomy":"product_brand","embeddable":true,"href":"https:\/\/phillalpine.com\/de\/wp-json\/wp\/v2\/product_brand?post=32231"},{"taxonomy":"product_cat","embeddable":true,"href":"https:\/\/phillalpine.com\/de\/wp-json\/wp\/v2\/product_cat?post=32231"},{"taxonomy":"product_tag","embeddable":true,"href":"https:\/\/phillalpine.com\/de\/wp-json\/wp\/v2\/product_tag?post=32231"}],"curies":[{"name":"wp","href":"https:\/\/api.w.org\/{rel}","templated":true}]}}