{"id":32233,"date":"2025-09-25T11:17:43","date_gmt":"2025-09-25T11:17:43","guid":{"rendered":"https:\/\/phillalpine.com\/product\/kangkong-king-chips-original-60g\/"},"modified":"2025-10-06T13:15:32","modified_gmt":"2025-10-06T13:15:32","slug":"kangkong-king-chips-original-60g","status":"publish","type":"product","link":"https:\/\/phillalpine.com\/de\/produkt\/kangkong-king-chips-original-60g\/","title":{"rendered":"KANGKONG KING CHIPS ORIGINAL 60G"},"content":{"rendered":"","protected":false},"excerpt":{"rendered":"<div style=\"text-align: center; margin-bottom: 8px;\">\n<h3 style=\"font-style: italic; color: #2E8B57; font-size: 18px;\">\n Knuspriger Genuss, nat\u00fcrlich k\u00f6stlich<br \/>\n  <\/h3>\n<\/div>\n<h2 style=\"margin-bottom: 8px; font-size: 22px;\">\ud83e\udd6c Kangkong King Chips Original \u2013 60g<\/h2>\n<p style=\"margin-bottom: 8px;\">\n Erlebe den einzigartigen Crunch der Kangkong King Chips \u2013 die ersten ihrer Art, hergestellt aus echten Kangkong-Bl\u00e4ttern (Wasserspinat). Leicht, knusprig und voller Geschmack ist diese 60-g-Originalpackung die perfekte, ges\u00fcndere Snack-Alternative f\u00fcr jede Tageszeit.\u201c \ud83c\udf3f\u2728\n<\/p>\n<ul style=\"margin: 0 0 12px 18px; padding: 0;\">\n<li>\ud83c\udf3f Hergestellt aus echten Kangkong-Bl\u00e4ttern \u2013 eine einzigartige philippinische Kreation<\/li>\n<li>Knusprig &amp; voller Geschmack \u2013 Naschen ohne Reue vom Feinsten<\/li>\n<li>\ud83e\udd62 Perfekte Kombi \u2013 Genie\u00df es als Snack oder zu Reisgerichten<\/li>\n<li>\ud83d\udce6 <strong>60g Packung<\/strong> \u2013 Genau die richtige Gr\u00f6\u00dfe zum Teilen oder Solo genie\u00dfen<\/li>\n<\/ul>\n<h4 style=\"margin: 15px 0 8px;\">\ud83c\udf7d\ufe0f Perfekt f\u00fcr:<\/h4>\n<p style=\"margin-bottom: 12px;\">\n  Genie\u00dfen Sie es als knusprigen Snack in den Pausen, als Vorspeise bei Zusammenk\u00fcnften oder kombinieren Sie es mit<br \/>\n Ihrer Lieblings-Dip-Sauce f\u00fcr zus\u00e4tzlichen Geschmack.\n<\/p>\n<div style=\"text-align: center; font-size: 15px; font-style: italic; color: #2E8B57;\">\n  \u2728 Probieren Sie den Crunch von echtem Kangkong \u2013 stolz philippinisch, stolz lecker!\n<\/div>\n","protected":false},"featured_media":31960,"comment_status":"open","ping_status":"closed","template":"","meta":[],"product_brand":[],"product_cat":[305,170,229],"product_tag":[],"class_list":{"0":"post-32233","1":"product","2":"type-product","3":"status-publish","4":"has-post-thumbnail","6":"product_cat-kco-de","7":"product_cat-philippinische-produkte","8":"product_cat-snack-auf-pinoy-art","10":"first","11":"outofstock","12":"taxable","13":"shipping-taxable","14":"product-type-simple"},"aioseo_notices":[],"_links":{"self":[{"href":"https:\/\/phillalpine.com\/de\/wp-json\/wp\/v2\/product\/32233","targetHints":{"allow":["GET"]}}],"collection":[{"href":"https:\/\/phillalpine.com\/de\/wp-json\/wp\/v2\/product"}],"about":[{"href":"https:\/\/phillalpine.com\/de\/wp-json\/wp\/v2\/types\/product"}],"replies":[{"embeddable":true,"href":"https:\/\/phillalpine.com\/de\/wp-json\/wp\/v2\/comments?post=32233"}],"wp:featuredmedia":[{"embeddable":true,"href":"https:\/\/phillalpine.com\/de\/wp-json\/wp\/v2\/media\/31960"}],"wp:attachment":[{"href":"https:\/\/phillalpine.com\/de\/wp-json\/wp\/v2\/media?parent=32233"}],"wp:term":[{"taxonomy":"product_brand","embeddable":true,"href":"https:\/\/phillalpine.com\/de\/wp-json\/wp\/v2\/product_brand?post=32233"},{"taxonomy":"product_cat","embeddable":true,"href":"https:\/\/phillalpine.com\/de\/wp-json\/wp\/v2\/product_cat?post=32233"},{"taxonomy":"product_tag","embeddable":true,"href":"https:\/\/phillalpine.com\/de\/wp-json\/wp\/v2\/product_tag?post=32233"}],"curies":[{"name":"wp","href":"https:\/\/api.w.org\/{rel}","templated":true}]}}