{"id":32236,"date":"2025-09-25T11:07:43","date_gmt":"2025-09-25T11:07:43","guid":{"rendered":"https:\/\/phillalpine.com\/product\/weisse-kaffeemischung-mit-grossem-geschmack-twin-pck50g\/"},"modified":"2025-10-06T14:07:13","modified_gmt":"2025-10-06T14:07:13","slug":"weisse-kaffeemischung-mit-grossem-geschmack-twin-pck50g","status":"publish","type":"product","link":"https:\/\/phillalpine.com\/de\/produkt\/weisse-kaffeemischung-mit-grossem-geschmack-twin-pck50g\/","title":{"rendered":"WEISSE KAFFEEMISCHUNG MIT GROSSEM GESCHMACK (TWIN PCK)50G"},"content":{"rendered":"","protected":false},"excerpt":{"rendered":"<div style=\"text-align: center; margin-bottom: 8px;\">\n<h3 style=\"font-style: italic; color: #8B4513; font-size: 18px;\">\n  Glatter Kaffee, cremiger Genuss<br \/>\n  <\/h3>\n<\/div>\n<h2 style=\"margin-bottom: 8px; font-size: 22px;\">\u2615 Toller Geschmack Wei\u00dfer Kaffee Mix Doppelpack \u2013 50g<\/h2>\n<p style=\"margin-bottom: 8px;\">\n  G\u00f6nnen Sie sich die <strong>perfekte Mischung aus Kaffee, Sahne und Zucker<\/strong> mit<br \/>\n  <strong>Great Taste White<\/strong>. Jeder Schluck liefert einen weichen, cremigen und befriedigenden Geschmack <x id=\"gid_3\"><\/x> , den die Filipinos lieben. Dieses <strong>Doppelpack (50 g)<\/strong> eignet sich hervorragend f\u00fcr schnelle Kaffeepausen<br \/>\n zu Hause, bei der Arbeit oder unterwegs.\n<\/p>\n<ul style=\"margin: 0 0 12px 18px; padding: 0;\">\n<li>\ud83c\udf3f <strong>Ausgewogener Geschmack<\/strong> \u2013 Kaffee gemischt mit cremiger S\u00fc\u00dfe<\/li>\n<li>\u26a1 <strong>Schnell &amp; Einfach<\/strong> \u2013 Einfach hei\u00dfes Wasser hinzuf\u00fcgen und umr\u00fchren<\/li>\n<li>\u2615 <strong>Trusted Brand<\/strong> \u2013 Ein klassischer Favorit in philippinischen Haushalten<\/li>\n<li>\ud83d\udce6 <strong>Doppelpack 50g<\/strong> \u2013 Praktisch zum Teilen oder Reisen<\/li>\n<\/ul>\n<h4 style=\"margin: 15px 0 8px;\">\ud83c\udf7d\ufe0f Wie man es genie\u00dft:<\/h4>\n<p style=\"margin-bottom: 12px;\">\n  Leeren Sie einen Beutel in eine Tasse, f\u00fcgen Sie hei\u00dfes Wasser hinzu, r\u00fchren Sie gut um und genie\u00dfen Sie den reichhaltigen und cremigen Geschmack.<br \/>\n  Perfekt f\u00fcr morgens, Merienda oder sp\u00e4tabendliche Lernsitzungen.\n<\/p>\n<div style=\"text-align: center; font-size: 15px; font-style: italic; color: #8B4513;\">\n  \u2728 Eine beruhigende Tasse Great Taste \u2013 weich, cremig und k\u00f6stlich.\n<\/div>\n","protected":false},"featured_media":31957,"comment_status":"open","ping_status":"closed","template":"","meta":[],"product_brand":[],"product_cat":[301,170,192],"product_tag":[],"class_list":{"0":"post-32236","1":"product","2":"type-product","3":"status-publish","4":"has-post-thumbnail","6":"product_cat-great-taste-de","7":"product_cat-philippinische-produkte","8":"product_cat-pinoy-kaffeemischung","10":"first","11":"outofstock","12":"taxable","13":"shipping-taxable","14":"product-type-simple"},"aioseo_notices":[],"_links":{"self":[{"href":"https:\/\/phillalpine.com\/de\/wp-json\/wp\/v2\/product\/32236","targetHints":{"allow":["GET"]}}],"collection":[{"href":"https:\/\/phillalpine.com\/de\/wp-json\/wp\/v2\/product"}],"about":[{"href":"https:\/\/phillalpine.com\/de\/wp-json\/wp\/v2\/types\/product"}],"replies":[{"embeddable":true,"href":"https:\/\/phillalpine.com\/de\/wp-json\/wp\/v2\/comments?post=32236"}],"wp:featuredmedia":[{"embeddable":true,"href":"https:\/\/phillalpine.com\/de\/wp-json\/wp\/v2\/media\/31957"}],"wp:attachment":[{"href":"https:\/\/phillalpine.com\/de\/wp-json\/wp\/v2\/media?parent=32236"}],"wp:term":[{"taxonomy":"product_brand","embeddable":true,"href":"https:\/\/phillalpine.com\/de\/wp-json\/wp\/v2\/product_brand?post=32236"},{"taxonomy":"product_cat","embeddable":true,"href":"https:\/\/phillalpine.com\/de\/wp-json\/wp\/v2\/product_cat?post=32236"},{"taxonomy":"product_tag","embeddable":true,"href":"https:\/\/phillalpine.com\/de\/wp-json\/wp\/v2\/product_tag?post=32236"}],"curies":[{"name":"wp","href":"https:\/\/api.w.org\/{rel}","templated":true}]}}