{"id":32244,"date":"2025-10-07T09:51:43","date_gmt":"2025-10-07T09:51:43","guid":{"rendered":"https:\/\/phillalpine.com\/product\/pinoy-beauty-care-bundle\/"},"modified":"2025-10-07T09:53:42","modified_gmt":"2025-10-07T09:53:42","slug":"pinoy-beauty-care-bundle","status":"publish","type":"product","link":"https:\/\/phillalpine.com\/de\/produkt\/pinoy-beauty-care-bundle\/","title":{"rendered":"Pinoy Beauty &amp; Care Bundle"},"content":{"rendered":"","protected":false},"excerpt":{"rendered":"<div style=\"text-align: center; margin-bottom: 8px;\">\n<h3 style=\"font-style: italic; color: #d6336c; font-size: 18px;\">\n  Komplettpflege f\u00fcr strahlende Haut &amp; gesundes Haar<br \/>\n  <\/h3>\n<\/div>\n<h2 style=\"margin-bottom: 8px; font-size: 22px;\">\ud83d\udc96 Pinoy Sch\u00f6nheitspflege-Bundle<\/h2>\n<p style=\"margin-bottom: 8px;\">\n Entdecken Sie das <strong>Pinoy Beauty Care Bundle<\/strong>, ein sorgf\u00e4ltig ausgew\u00e4hltes Set von<br \/>\n Alltagsgegenst\u00e4nden, denen philippinische Haushalte vertrauen. Dieses Bundle kombiniert die Kraft der <strong>Tiefenreinigung, der Aufhellungspflege und<\/strong> der<br \/>\n Haarern\u00e4hrung, damit Sie sich von Kopf bis Fu\u00df <strong>frisch, selbstbewusst und sch\u00f6n<\/strong> f\u00fchlen<br \/>\n.\n<\/p>\n<ul style=\"margin: 0 0 12px 18px; padding: 0;\">\n<li>\ud83e\uddfc <strong>Safeguard Tawas Fresh<\/strong> \u2013 Langanhaltende Frische und Keimschutz<\/li>\n<li>\ud83c\udf43 <strong>Silka Papaya Seife<\/strong> \u2013 Nat\u00fcrliches Bleaching mit Papaya-Extrakten<\/li>\n<li>\ud83c\udf38 <strong>Silka Deodorant<\/strong> \u2013 Sanfter Schutz und ganzt\u00e4giges Selbstvertrauen<\/li>\n<li>\u2600\ufe0f <strong>Silka Whitening Lotion<\/strong> \u2013 Glatte, hellere Haut mit Lichtschutzfaktor<\/li>\n<li>\ud83d\udc86 <strong>Sunsilk Green (Strong &amp; Long)<\/strong> \u2013 St\u00e4rkt das Haar f\u00fcr ein l\u00e4ngeres, ges\u00fcnderes Wachstum<\/li>\n<li>\u2728 <strong>Cream Silk Triple Keratin Conditioner<\/strong> \u2013 Geschmeidigkeit, St\u00e4rke und Glanz in einem<\/li>\n<li>\ud83c\udf51 <strong>Eskinol Papaya Cleanser<\/strong> \u2013 Reinigt Ihre Haut gr\u00fcndlich und hellt sie auf<\/li>\n<\/ul>\n<h4 style=\"margin: 15px 0 8px;\">\u2728 Warum Sie es lieben werden:<\/h4>\n<p style=\"margin-bottom: 12px;\">\n  Mit diesem All-in-One-Paket genie\u00dfen Sie eine komplette Pflegeroutine \u2013 von der Reinigung und<br \/>\n Aufhellung Ihrer Haut \u00fcber den Schutz vor Ger\u00fcchen bis hin zur Pflege Ihres Haares. Es ist Ihr t\u00e4gliches<br \/>\n  <strong>Beauty-Kit<\/strong>, das Sie <strong>frisch, strahlend und selbstbewusst<\/strong> h\u00e4lt.\n<\/p>\n<div style=\"text-align: center; font-size: 15px; font-style: italic; color: #d6336c;\">\n  \ud83d\udc95 Gl\u00e4nze von innen und au\u00dfen \u2013 mit dem Pinoy Beauty Care Bundle. \ud83c\udf38\n<\/div>\n","protected":false},"featured_media":32133,"comment_status":"open","ping_status":"closed","template":"","meta":[],"product_brand":[],"product_cat":[194],"product_tag":[],"class_list":{"0":"post-32244","1":"product","2":"type-product","3":"status-publish","4":"has-post-thumbnail","6":"product_cat-bundles-geschenke","8":"first","9":"outofstock","10":"taxable","11":"shipping-taxable","12":"product-type-simple"},"aioseo_notices":[],"_links":{"self":[{"href":"https:\/\/phillalpine.com\/de\/wp-json\/wp\/v2\/product\/32244","targetHints":{"allow":["GET"]}}],"collection":[{"href":"https:\/\/phillalpine.com\/de\/wp-json\/wp\/v2\/product"}],"about":[{"href":"https:\/\/phillalpine.com\/de\/wp-json\/wp\/v2\/types\/product"}],"replies":[{"embeddable":true,"href":"https:\/\/phillalpine.com\/de\/wp-json\/wp\/v2\/comments?post=32244"}],"wp:featuredmedia":[{"embeddable":true,"href":"https:\/\/phillalpine.com\/de\/wp-json\/wp\/v2\/media\/32133"}],"wp:attachment":[{"href":"https:\/\/phillalpine.com\/de\/wp-json\/wp\/v2\/media?parent=32244"}],"wp:term":[{"taxonomy":"product_brand","embeddable":true,"href":"https:\/\/phillalpine.com\/de\/wp-json\/wp\/v2\/product_brand?post=32244"},{"taxonomy":"product_cat","embeddable":true,"href":"https:\/\/phillalpine.com\/de\/wp-json\/wp\/v2\/product_cat?post=32244"},{"taxonomy":"product_tag","embeddable":true,"href":"https:\/\/phillalpine.com\/de\/wp-json\/wp\/v2\/product_tag?post=32244"}],"curies":[{"name":"wp","href":"https:\/\/api.w.org\/{rel}","templated":true}]}}