{"id":32604,"date":"2025-09-24T13:08:20","date_gmt":"2025-09-24T13:08:20","guid":{"rendered":"https:\/\/phillalpine.com\/product\/la%e2%82%82pu-getrocknete-papaya-100-g\/"},"modified":"2025-10-14T13:03:08","modified_gmt":"2025-10-14T13:03:08","slug":"la%e2%82%82pu-getrocknete-papaya-100-g","status":"publish","type":"product","link":"https:\/\/phillalpine.com\/de\/produkt\/la%e2%82%82pu-getrocknete-papaya-100-g\/","title":{"rendered":"La\u2082Pu Getrocknete Papaya 100\u202fg"},"content":{"rendered":"","protected":false},"excerpt":{"rendered":"<div style=\"text-align: center; margin-bottom: 8px;\">\n<h3 style=\"font-style: italic; color: #A0522D; font-size: 18px;\">\n S\u00fc\u00df &amp; Sonniger Genuss<br \/>\n  <\/h3>\n<\/div>\n<h2 style=\"margin-bottom: 8px; font-size: 22px;\">\ud83e\udd6dLa\u2082Pu Getrocknete Papaya 100\u202fg<\/h2>\n<p style=\"margin-bottom: 8px;\">\n Entdecke die tropische K\u00f6stlichkeit von La\u2082Pu Getrockneter Papaya,<br \/>\nein nat\u00fcrlich s\u00fc\u00dfer und z\u00e4her Snack aus reifen Papayas.<br \/>\nJede Scheibe steckt voller fruchtigem Geschmack, leuchtendem Orange und dem sonnigen Geschmack der Tropen.\n<\/p>\n<ul style=\"margin: 0 0 12px 18px; padding: 0;\">\n<li>\ud83c\udf1e Nat\u00fcrliche S\u00fc\u00dfe \u2013 Kein k\u00fcnstlicher Geschmack, nur reine Papaya<\/li>\n<li>\ud83e\udd6dZ\u00e4h &amp; Saftig \u2013 Ein tropischer Genuss voller Geschmack<\/li>\n<li>\ud83d\udc9b Gesunder Snack \u2013 Reich an Ballaststoffen und nat\u00fcrlicher G\u00fcte<\/li>\n<li>\ud83c\udf34 <strong>Perfekt zu jeder Zeit \u2013 Ein fruchtiger Energieschub, egal wo du bist<\/strong><\/li>\n<\/ul>\n<h4 style=\"margin: 15px 0 8px;\">\ud83c\udf7d\ufe0f So genie\u00dft du es:<\/h4>\n<p style=\"margin-bottom: 12px;\">\n Genie\u00dfe es pur, mische es ins M\u00fcsli oder f\u00fcge es Geb\u00e4ck und Desserts f\u00fcr eine s\u00fc\u00dfe, tropische Note hinzu.\n<\/p>\n<div style=\"text-align: center; font-size: 15px; font-style: italic; color: #A0522D;\">\n \u2728 Ein fruchtiger Sonnenbissen von den Inseln.\n<\/div>\n","protected":false},"featured_media":31942,"comment_status":"open","ping_status":"closed","template":"","meta":[],"product_brand":[],"product_cat":[309,170,231],"product_tag":[],"class_list":{"0":"post-32604","1":"product","2":"type-product","3":"status-publish","4":"has-post-thumbnail","6":"product_cat-la2pu-de","7":"product_cat-philippinische-produkte","8":"product_cat-tropische-fruchtschaetze","10":"first","11":"outofstock","12":"taxable","13":"shipping-taxable","14":"product-type-simple"},"aioseo_notices":[],"_links":{"self":[{"href":"https:\/\/phillalpine.com\/de\/wp-json\/wp\/v2\/product\/32604","targetHints":{"allow":["GET"]}}],"collection":[{"href":"https:\/\/phillalpine.com\/de\/wp-json\/wp\/v2\/product"}],"about":[{"href":"https:\/\/phillalpine.com\/de\/wp-json\/wp\/v2\/types\/product"}],"replies":[{"embeddable":true,"href":"https:\/\/phillalpine.com\/de\/wp-json\/wp\/v2\/comments?post=32604"}],"wp:featuredmedia":[{"embeddable":true,"href":"https:\/\/phillalpine.com\/de\/wp-json\/wp\/v2\/media\/31942"}],"wp:attachment":[{"href":"https:\/\/phillalpine.com\/de\/wp-json\/wp\/v2\/media?parent=32604"}],"wp:term":[{"taxonomy":"product_brand","embeddable":true,"href":"https:\/\/phillalpine.com\/de\/wp-json\/wp\/v2\/product_brand?post=32604"},{"taxonomy":"product_cat","embeddable":true,"href":"https:\/\/phillalpine.com\/de\/wp-json\/wp\/v2\/product_cat?post=32604"},{"taxonomy":"product_tag","embeddable":true,"href":"https:\/\/phillalpine.com\/de\/wp-json\/wp\/v2\/product_tag?post=32604"}],"curies":[{"name":"wp","href":"https:\/\/api.w.org\/{rel}","templated":true}]}}