{"id":32610,"date":"2025-09-24T11:27:28","date_gmt":"2025-09-24T11:27:28","guid":{"rendered":"https:\/\/phillalpine.com\/product\/la2pu-getrocknete-gruene-mango-100g\/"},"modified":"2025-10-14T13:44:31","modified_gmt":"2025-10-14T13:44:31","slug":"la2pu-getrocknete-gruene-mango-100g","status":"publish","type":"product","link":"https:\/\/phillalpine.com\/de\/produkt\/la2pu-getrocknete-gruene-mango-100g\/","title":{"rendered":"La2pu Getrocknete Gr\u00fcne Mango 100g"},"content":{"rendered":"","protected":false},"excerpt":{"rendered":"<div style=\"text-align: center; margin-bottom: 8px;\">\n<h3 style=\"font-style: italic; color: #A0522D; font-size: 18px;\">\n  Der w\u00fcrzige Geschmack der Heimat<br \/>\n  <\/h3>\n<\/div>\n<h2 style=\"margin-bottom: 8px; font-size: 22px;\">\ud83e\udd6d La2pu Gr\u00fcne Mango<\/h2>\n<p style=\"margin-bottom: 8px;\">\n  Erleben Sie den kr\u00e4ftigen, k\u00f6stlichen Geschmack von <strong>La2pu Green Mango<\/strong> \u2013 dem ultimativen philippinischen Komfort-Snack. Knackig und spritzig, liefert es den unwiderstehlichen, sauren Punch, der Ihre Geschmacksknospen weckt und Sie an sonnige Nachmittage, gemeinsames Lachen und einfache Freuden zur\u00fcckversetzt.\n<\/p>\n<ul style=\"margin: 0 0 12px 18px; padding: 0;\">\n<li>\ud83e\udd6d <strong>Authentischer Geschmack<\/strong> \u2013 F\u00e4ngt den wahren sauren Genuss frischer gr\u00fcner Mangos ein<\/li>\n<li>\ud83c\udf3f <strong>Perfekte Kombination<\/strong> \u2013 Am besten mit Bagoong, Salz oder Chili genie\u00dfen<\/li>\n<li>\ud83c\udf43 <strong>Gesunder Snack<\/strong> \u2013 Von Natur aus reich an Vitaminen und Ballaststoffen<\/li>\n<li>\ud83c\uddf5\ud83c\udded <strong>Ein philippinischer Favorit<\/strong> \u2013 Geliebt \u00fcber Generationen und Zusammenk\u00fcnfte hinweg<\/li>\n<\/ul>\n<h4 style=\"margin: 15px 0 8px;\">\ud83c\udf7d\ufe0f So genie\u00dft du es:<\/h4>\n<p style=\"margin-bottom: 12px;\">\n  Schneiden und dippen Sie Bagoong f\u00fcr die klassische Pinoy-Kombination, bestreuen Sie es mit Salz und Chili f\u00fcr eine w\u00fcrzige Note oder genie\u00dfen Sie es pur f\u00fcr den reinen, w\u00fcrzigen Kick.\n<\/p>\n<div style=\"text-align: center; font-size: 15px; font-style: italic; color: #A0522D;\">\n  \ud83c\udf1e Ein saurer Biss, der s\u00fc\u00dfe Erinnerungen an zu Hause weckt.\n<\/div>\n","protected":false},"featured_media":31903,"comment_status":"open","ping_status":"closed","template":"","meta":[],"product_brand":[],"product_cat":[309,170,231],"product_tag":[],"class_list":{"0":"post-32610","1":"product","2":"type-product","3":"status-publish","4":"has-post-thumbnail","6":"product_cat-la2pu-de","7":"product_cat-philippinische-produkte","8":"product_cat-tropische-fruchtschaetze","10":"first","11":"outofstock","12":"taxable","13":"shipping-taxable","14":"product-type-simple"},"aioseo_notices":[],"_links":{"self":[{"href":"https:\/\/phillalpine.com\/de\/wp-json\/wp\/v2\/product\/32610","targetHints":{"allow":["GET"]}}],"collection":[{"href":"https:\/\/phillalpine.com\/de\/wp-json\/wp\/v2\/product"}],"about":[{"href":"https:\/\/phillalpine.com\/de\/wp-json\/wp\/v2\/types\/product"}],"replies":[{"embeddable":true,"href":"https:\/\/phillalpine.com\/de\/wp-json\/wp\/v2\/comments?post=32610"}],"wp:featuredmedia":[{"embeddable":true,"href":"https:\/\/phillalpine.com\/de\/wp-json\/wp\/v2\/media\/31903"}],"wp:attachment":[{"href":"https:\/\/phillalpine.com\/de\/wp-json\/wp\/v2\/media?parent=32610"}],"wp:term":[{"taxonomy":"product_brand","embeddable":true,"href":"https:\/\/phillalpine.com\/de\/wp-json\/wp\/v2\/product_brand?post=32610"},{"taxonomy":"product_cat","embeddable":true,"href":"https:\/\/phillalpine.com\/de\/wp-json\/wp\/v2\/product_cat?post=32610"},{"taxonomy":"product_tag","embeddable":true,"href":"https:\/\/phillalpine.com\/de\/wp-json\/wp\/v2\/product_tag?post=32610"}],"curies":[{"name":"wp","href":"https:\/\/api.w.org\/{rel}","templated":true}]}}